{"id":3060,"date":"2023-09-09T12:10:01","date_gmt":"2023-09-09T12:10:01","guid":{"rendered":"https:\/\/wiretree.lk\/shop\/?post_type=product&#038;p=3060"},"modified":"2023-09-09T12:10:04","modified_gmt":"2023-09-09T12:10:04","slug":"ds-2cd1123g0e-i","status":"publish","type":"product","link":"https:\/\/wiretree.lk\/shop\/ds-2cd1123g0e-i\/","title":{"rendered":"DS-2CD1123G0E-I"},"content":{"rendered":"<section class=\"wpb-content-wrapper\"><p>[vc_row][vc_column][vc_column_text text_larger=&#8221;no&#8221;]<\/p>\n<table width=\"959\">\n<tbody>\n<tr>\n<td width=\"959\">Description<\/td>\n<\/tr>\n<tr>\n<td>Camera<\/td>\n<\/tr>\n<tr>\n<td>Image Sensor1\/2.7\u2033 Progressive Scan CMOS<\/td>\n<\/tr>\n<tr>\n<td>Max. Resolution1920 \u00d7 1080<\/td>\n<\/tr>\n<tr>\n<td>Min. Illumination Color: 0.01 Lux @(F2.0, AGC ON), B\/W: 0 Lux with IR<\/td>\n<\/tr>\n<tr>\n<td>Shutter Time1\/3 s to 1\/100, 000 s<\/td>\n<\/tr>\n<tr>\n<td>Day &amp; NightIR cut filter<\/td>\n<\/tr>\n<tr>\n<td>Angle AdjustmentPan: 0\u00b0 to 355\u00b0, tilt: 0\u00b0 to 75\u00b0<\/td>\n<\/tr>\n<tr>\n<td><\/td>\n<\/tr>\n<tr>\n<td>Lens<\/td>\n<\/tr>\n<tr>\n<td>Focal Length &amp; FOV<\/td>\n<\/tr>\n<tr>\n<td>2.8 mm, horizontal FOV 112.1\u00b0, vertical FOV 60.0\u00b0, diagonal FOV 132.2\u00b0<\/td>\n<\/tr>\n<tr>\n<td><\/td>\n<\/tr>\n<tr>\n<td><\/td>\n<\/tr>\n<tr>\n<td>4 mm, horizontal FOV 90.2\u00b0, vertical FOV 48.6\u00b0, diagonal FOV 107.6\u00b0<\/td>\n<\/tr>\n<tr>\n<td>Lens MountM12<\/td>\n<\/tr>\n<tr>\n<td>FocusFixed<\/td>\n<\/tr>\n<tr>\n<td>ApertureF2.0<\/td>\n<\/tr>\n<tr>\n<td><\/td>\n<\/tr>\n<tr>\n<td>Illuminator<\/td>\n<\/tr>\n<tr>\n<td>Supplement Light TypeIR<\/td>\n<\/tr>\n<tr>\n<td>Supplement Light RangeUp to 30 m<\/td>\n<\/tr>\n<tr>\n<td>IR Wavelength850 nm<\/td>\n<\/tr>\n<tr>\n<td><\/td>\n<\/tr>\n<tr>\n<td>Video<\/td>\n<\/tr>\n<tr>\n<td>Main Stream<\/td>\n<\/tr>\n<tr>\n<td>50 Hz: 25 fps (1920 \u00d7 1080, 1280 \u00d7 720)<\/td>\n<\/tr>\n<tr>\n<td><\/td>\n<\/tr>\n<tr>\n<td><\/td>\n<\/tr>\n<tr>\n<td>60 Hz: 30 fps (1920 \u00d7 1080, 1280 \u00d7 720)<\/td>\n<\/tr>\n<tr>\n<td>Sub-Stream<\/td>\n<\/tr>\n<tr>\n<td>50 Hz: 25 fps (640 \u00d7 480, 640 \u00d7 360)<\/td>\n<\/tr>\n<tr>\n<td><\/td>\n<\/tr>\n<tr>\n<td><\/td>\n<\/tr>\n<tr>\n<td>60 Hz: 30 fps (640 \u00d7 480, 640 \u00d7 360)<\/td>\n<\/tr>\n<tr>\n<td>Video Compression<\/td>\n<\/tr>\n<tr>\n<td>Main Stream: H.265\/H.264\/H.264 \/H.265<\/td>\n<\/tr>\n<tr>\n<td><\/td>\n<\/tr>\n<tr>\n<td><\/td>\n<\/tr>\n<tr>\n<td>Sub-Stream: H.265\/H.264\/MJPEG<\/td>\n<\/tr>\n<tr>\n<td>Video Bit Rate32 Kbps to 8 Mbps<\/td>\n<\/tr>\n<tr>\n<td>H.264 TypeBaseline Profile\/Main Profile\/High Profile<\/td>\n<\/tr>\n<tr>\n<td>H.265 TypeMain Profile<\/td>\n<\/tr>\n<tr>\n<td>Region of Interest (ROI)1 fixed region for main stream<\/td>\n<\/tr>\n<tr>\n<td><\/td>\n<\/tr>\n<tr>\n<td>Network<\/td>\n<\/tr>\n<tr>\n<td>ProtocolsTCP\/IP, ICMP, HTTP, HTTPS, FTP, DHCP, DNS, DDNS, RTP, RTSP, RTCP, NTP, UPnP\u2122, SMTP, IGMP, 802.1X, QoS, IPv6, Bonjour, IPv4, UDP, SSL\/TLS<\/td>\n<\/tr>\n<tr>\n<td>Simultaneous Live ViewUp to 6 channels<\/td>\n<\/tr>\n<tr>\n<td>APIOpen Network Video Interface, ISAPI<\/td>\n<\/tr>\n<tr>\n<td>User\/HostUp to 32 users. 3 levels: administrator, operator and user<\/td>\n<\/tr>\n<tr>\n<td>ClientiVMS-4200, Hik-Connect<\/td>\n<\/tr>\n<tr>\n<td>Web Browser<\/td>\n<\/tr>\n<tr>\n<td>Plug-in required live view: IE 10<\/td>\n<\/tr>\n<tr>\n<td><\/td>\n<\/tr>\n<tr>\n<td><\/td>\n<\/tr>\n<tr>\n<td>Plug-in free live view: Chrome 57.0 , Firefox 52.0<\/td>\n<\/tr>\n<tr>\n<td><\/td>\n<\/tr>\n<tr>\n<td><\/td>\n<\/tr>\n<tr>\n<td>Local service: Chrome 57.0 , Firefox 52.0<\/td>\n<\/tr>\n<tr>\n<td><\/td>\n<\/tr>\n<tr>\n<td>Image<\/td>\n<\/tr>\n<tr>\n<td>Image SettingsSaturation, brightness, contrast, sharpness, AGC, white balance adjustable by client software or web browser.<\/td>\n<\/tr>\n<tr>\n<td>Day\/Night SwitchDay, Night, Auto, Schedule<\/td>\n<\/tr>\n<tr>\n<td>Wide Dynamic Range (WDR)Digital WDR<\/td>\n<\/tr>\n<tr>\n<td>Image EnhancementBLC, 3D DNR<\/td>\n<\/tr>\n<tr>\n<td><\/td>\n<\/tr>\n<tr>\n<td>Interface<\/td>\n<\/tr>\n<tr>\n<td>Ethernet Interface1 RJ45 10 M\/100 M self-adaptive Ethernet port<\/td>\n<\/tr>\n<tr>\n<td><\/td>\n<\/tr>\n<tr>\n<td>Event<\/td>\n<\/tr>\n<tr>\n<td>Basic Event\u00a0Motion detection, video tampering alarm, exception<\/td>\n<\/tr>\n<tr>\n<td>LinkageUpload to FTP, notify surveillance center, send email<\/td>\n<\/tr>\n<tr>\n<td><\/td>\n<\/tr>\n<tr>\n<td>General<\/td>\n<\/tr>\n<tr>\n<td>Power<\/td>\n<\/tr>\n<tr>\n<td>12 VDC \u00b1 25%, 0.4 A, max. 5 W, \u00d85.5 mm coaxial power plug<\/td>\n<\/tr>\n<tr>\n<td><\/td>\n<\/tr>\n<tr>\n<td><\/td>\n<\/tr>\n<tr>\n<td>PoE: 802.3af, Class 3, 36 V to 57 V, 0.2 A to 0.15 A, max. 6.5 W<\/td>\n<\/tr>\n<tr>\n<td>MaterialMetal &amp; Plastic<\/td>\n<\/tr>\n<tr>\n<td>Dimension\u00d8110 mm \u00d7 82.4 mm (\u00d84.4\u2033 \u00d7 3.2\u2033)<\/td>\n<\/tr>\n<tr>\n<td>Package Dimension134 mm \u00d7 134 mm \u00d7 108 mm (5.3\u2033 \u00d7 5.3\u2033 \u00d7 4.3\u2033)<\/td>\n<\/tr>\n<tr>\n<td>Approx. 410 g (0.9 lb.)<\/td>\n<\/tr>\n<tr>\n<td>With Package WeightApprox. 610 g (1.3 lb.)<\/td>\n<\/tr>\n<tr>\n<td>Storage Conditions-30 \u00b0C to 60 \u00b0C (-22 \u00b0F to 140 \u00b0F). Humidity: 95% or less (non-condensing)<\/td>\n<\/tr>\n<tr>\n<td>Startup and Operating Conditions-30 \u00b0C to 60 \u00b0C (-22 \u00b0F to 140 \u00b0F). Humidity: 95% or less (non-condensing)<\/td>\n<\/tr>\n<tr>\n<td>LanguageEnglish, Ukrainian<\/td>\n<\/tr>\n<tr>\n<td>General FunctionAnti-flicker, heartbeat, mirror, password protection, privacy mask, watermark, IP address filter<\/td>\n<\/tr>\n<tr>\n<td><\/td>\n<\/tr>\n<tr>\n<td>Approval<\/td>\n<\/tr>\n<tr>\n<td>EMC<\/td>\n<\/tr>\n<tr>\n<td>FCC (47 CFR Part 15, Subpart B)<\/td>\n<\/tr>\n<tr>\n<td><\/td>\n<\/tr>\n<tr>\n<td><\/td>\n<\/tr>\n<tr>\n<td>CE-EMC (EN 55032: 2015, EN 61000-3-2: 2019, EN 61000-3-3: 2013 A1: 2019, EN 50130-4: 2011 A1: 2014)<\/td>\n<\/tr>\n<tr>\n<td><\/td>\n<\/tr>\n<tr>\n<td><\/td>\n<\/tr>\n<tr>\n<td>RCM (AS\/NZS CISPR 32: 2015)<\/td>\n<\/tr>\n<tr>\n<td><\/td>\n<\/tr>\n<tr>\n<td><\/td>\n<\/tr>\n<tr>\n<td>IC (ICES-003: Issue 7)<\/td>\n<\/tr>\n<tr>\n<td><\/td>\n<\/tr>\n<tr>\n<td><\/td>\n<\/tr>\n<tr>\n<td>KC (KN32: 2015, KN35: 2015)<\/td>\n<\/tr>\n<tr>\n<td>Safety<\/td>\n<\/tr>\n<tr>\n<td>UL (UL 62368-1)<\/td>\n<\/tr>\n<tr>\n<td><\/td>\n<\/tr>\n<tr>\n<td><\/td>\n<\/tr>\n<tr>\n<td>CB (IEC 62368-1: 2014 A11)<\/td>\n<\/tr>\n<tr>\n<td><\/td>\n<\/tr>\n<tr>\n<td><\/td>\n<\/tr>\n<tr>\n<td>CE-LVD (EN 62368-1: 2014\/A11: 2017)<\/td>\n<\/tr>\n<tr>\n<td><\/td>\n<\/tr>\n<tr>\n<td><\/td>\n<\/tr>\n<tr>\n<td>BIS (IS 13252 (Part 1): 2010\/IEC 60950-1: 2005)<\/td>\n<\/tr>\n<tr>\n<td>Environment<\/td>\n<\/tr>\n<tr>\n<td>CE-RoHS (2011\/65\/EU)<\/td>\n<\/tr>\n<tr>\n<td><\/td>\n<\/tr>\n<tr>\n<td><\/td>\n<\/tr>\n<tr>\n<td>WEEE (2012\/19\/EU)<\/td>\n<\/tr>\n<tr>\n<td><\/td>\n<\/tr>\n<tr>\n<td><\/td>\n<\/tr>\n<tr>\n<td>Reach (Regulation (EC) No 1907\/2006)<\/td>\n<\/tr>\n<tr>\n<td>Protection<\/td>\n<\/tr>\n<tr>\n<td>IP67 (IEC 60529-2013)<\/td>\n<\/tr>\n<\/tbody>\n<\/table>\n<p>[\/vc_column_text][\/vc_column][\/vc_row]<\/p>\n<\/section>","protected":false},"excerpt":{"rendered":"<table width=\"959\">\n<tbody>\n<tr>\n<td width=\"959\"><strong>2 MP Fixed Dome Network Camera<\/strong><\/td>\n<\/tr>\n<tr>\n<td><\/td>\n<\/tr>\n<tr>\n<td>High quality imaging with 2 MP resolution<\/td>\n<\/tr>\n<tr>\n<td>Efficient H.265 compression technology<\/td>\n<\/tr>\n<tr>\n<td>Clear imaging against strong back light due to DWDR technology<\/td>\n<\/tr>\n<tr>\n<td>Water and dust resistant (IP67) and vandal resistant (IK10)<\/td>\n<\/tr>\n<tr>\n<td>EXIR 2.0: advanced infrared technology with long IR range<\/td>\n<\/tr>\n<\/tbody>\n<\/table>\n","protected":false},"featured_media":3061,"comment_status":"open","ping_status":"closed","template":"","meta":[],"product_brand":[],"product_cat":[15],"product_tag":[],"class_list":{"0":"post-3060","1":"product","2":"type-product","3":"status-publish","4":"has-post-thumbnail","6":"product_cat-ip-camera","8":"first","9":"instock","10":"shipping-taxable","11":"purchasable","12":"product-type-simple"},"_links":{"self":[{"href":"https:\/\/wiretree.lk\/shop\/wp-json\/wp\/v2\/product\/3060","targetHints":{"allow":["GET"]}}],"collection":[{"href":"https:\/\/wiretree.lk\/shop\/wp-json\/wp\/v2\/product"}],"about":[{"href":"https:\/\/wiretree.lk\/shop\/wp-json\/wp\/v2\/types\/product"}],"replies":[{"embeddable":true,"href":"https:\/\/wiretree.lk\/shop\/wp-json\/wp\/v2\/comments?post=3060"}],"wp:featuredmedia":[{"embeddable":true,"href":"https:\/\/wiretree.lk\/shop\/wp-json\/wp\/v2\/media\/3061"}],"wp:attachment":[{"href":"https:\/\/wiretree.lk\/shop\/wp-json\/wp\/v2\/media?parent=3060"}],"wp:term":[{"taxonomy":"product_brand","embeddable":true,"href":"https:\/\/wiretree.lk\/shop\/wp-json\/wp\/v2\/product_brand?post=3060"},{"taxonomy":"product_cat","embeddable":true,"href":"https:\/\/wiretree.lk\/shop\/wp-json\/wp\/v2\/product_cat?post=3060"},{"taxonomy":"product_tag","embeddable":true,"href":"https:\/\/wiretree.lk\/shop\/wp-json\/wp\/v2\/product_tag?post=3060"}],"curies":[{"name":"wp","href":"https:\/\/api.w.org\/{rel}","templated":true}]}}