{"id":3066,"date":"2023-09-09T12:42:05","date_gmt":"2023-09-09T12:42:05","guid":{"rendered":"https:\/\/wiretree.lk\/shop\/?post_type=product&#038;p=3066"},"modified":"2023-09-09T12:42:08","modified_gmt":"2023-09-09T12:42:08","slug":"ds-2cd1347g0-l","status":"publish","type":"product","link":"https:\/\/wiretree.lk\/shop\/ds-2cd1347g0-l\/","title":{"rendered":"DS-2CD1347G0-L"},"content":{"rendered":"<section class=\"wpb-content-wrapper\"><p>[vc_row][vc_column][vc_column_text text_larger=&#8221;no&#8221;]<\/p>\n<table width=\"447\">\n<tbody>\n<tr>\n<td width=\"447\">Description<\/td>\n<\/tr>\n<tr>\n<td>C\u00e1mara<\/td>\n<\/tr>\n<tr>\n<td>Sensor de imagen1\/2.7\u2033 Progressive Scan CMOS<\/td>\n<\/tr>\n<tr>\n<td>Iluminaci\u00f3n m\u00ednimaColor: 0.001 Lux @ (F1.0, AGC ON)<\/td>\n<\/tr>\n<tr>\n<td>Velocidad de obturaci\u00f3n1\/3 s to 1\/100,000 s<\/td>\n<\/tr>\n<tr>\n<td>Ajuste de \u00e1nguloPan: 0\u00b0 to 360\u00b0, tilt: 0\u00b0 to 75\u00b0, rotate: 0\u00b0 to 360\u00b0<\/td>\n<\/tr>\n<tr>\n<td>Obturador lentoYes<\/td>\n<\/tr>\n<tr>\n<td>P\/NP\/N<\/td>\n<\/tr>\n<tr>\n<td>Wide dynamic range120 dB<\/td>\n<\/tr>\n<tr>\n<td><\/td>\n<\/tr>\n<tr>\n<td>Lente<\/td>\n<\/tr>\n<tr>\n<td>Tipo de lente y FOV<\/td>\n<\/tr>\n<tr>\n<td>2.8 mm, horizontal FOV 102\u00b0, vertical FOV 54\u00b0, diagonal FOV 121\u00b0<\/td>\n<\/tr>\n<tr>\n<td><\/td>\n<\/tr>\n<tr>\n<td><\/td>\n<\/tr>\n<tr>\n<td>4 mm, horizontal FOV 80\u00b0, vertical FOV 43\u00b0, diagonal FOV 95\u00b0<\/td>\n<\/tr>\n<tr>\n<td>AperturaF1.0<\/td>\n<\/tr>\n<tr>\n<td>Montura del lenteM12<\/td>\n<\/tr>\n<tr>\n<td>Tipo de aperturaFixed<\/td>\n<\/tr>\n<tr>\n<td>Profundidad de foco<\/td>\n<\/tr>\n<tr>\n<td>2.8 mm: 3.1 m to \u221e<\/td>\n<\/tr>\n<tr>\n<td><\/td>\n<\/tr>\n<tr>\n<td><\/td>\n<\/tr>\n<tr>\n<td>4 mm: 3.6 m to \u221e<\/td>\n<\/tr>\n<tr>\n<td><\/td>\n<\/tr>\n<tr>\n<td>Iluminador<\/td>\n<\/tr>\n<tr>\n<td>Luz de suplemento inteligenteYes<\/td>\n<\/tr>\n<tr>\n<td>Luz suplementariaWhite<\/td>\n<\/tr>\n<tr>\n<td>Rango de luz blancaUp to 30 m<\/td>\n<\/tr>\n<tr>\n<td><\/td>\n<\/tr>\n<tr>\n<td>V\u00eddeo<\/td>\n<\/tr>\n<tr>\n<td>Main stream<\/td>\n<\/tr>\n<tr>\n<td>50Hz: 20 fps (2560 \u00d7 1440)<\/td>\n<\/tr>\n<tr>\n<td><\/td>\n<\/tr>\n<tr>\n<td><\/td>\n<\/tr>\n<tr>\n<td>25 fps (2304 \u00d7 1296, 1920 \u00d7 1080, 1280 \u00d7 720)<\/td>\n<\/tr>\n<tr>\n<td><\/td>\n<\/tr>\n<tr>\n<td><\/td>\n<\/tr>\n<tr>\n<td>60Hz: 20 fps (2560 \u00d7 1440)<\/td>\n<\/tr>\n<tr>\n<td><\/td>\n<\/tr>\n<tr>\n<td><\/td>\n<\/tr>\n<tr>\n<td>30 fps (2304 \u00d7 1296, 1920 \u00d7 1080, 1280 \u00d7 720)<\/td>\n<\/tr>\n<tr>\n<td>Sub Stream<\/td>\n<\/tr>\n<tr>\n<td>50Hz: 25 fps (640 \u00d7 480, 640 \u00d7 360, 320 \u00d7 240)<\/td>\n<\/tr>\n<tr>\n<td><\/td>\n<\/tr>\n<tr>\n<td><\/td>\n<\/tr>\n<tr>\n<td>60Hz: 30 fps (640 \u00d7 480, 640 \u00d7 360, 320 \u00d7 240)<\/td>\n<\/tr>\n<tr>\n<td><\/td>\n<\/tr>\n<tr>\n<td><\/td>\n<\/tr>\n<tr>\n<td>* Note: The frame rate of the sub-stream cannot exceed the maximum frame rate of the current main stream.<\/td>\n<\/tr>\n<tr>\n<td>Compresi\u00f3n de video<\/td>\n<\/tr>\n<tr>\n<td>Main stream: H.265 \/H.265\/H.264 \/H.264<\/td>\n<\/tr>\n<tr>\n<td><\/td>\n<\/tr>\n<tr>\n<td><\/td>\n<\/tr>\n<tr>\n<td>Sub-stream: H.265\/H.264\/MJPEG<\/td>\n<\/tr>\n<tr>\n<td>V\u00eddeo bitrate32 Kbps to 8 Mbps<\/td>\n<\/tr>\n<tr>\n<td>Tipo H.264BaseLine Profile\/Main Profile\/High Profile<\/td>\n<\/tr>\n<tr>\n<td>Tipo H.265Main Profile<\/td>\n<\/tr>\n<tr>\n<td>Regi\u00f3n de inter\u00e9s (ROI)1 fixed region for main stream<\/td>\n<\/tr>\n<tr>\n<td><\/td>\n<\/tr>\n<tr>\n<td>Red<\/td>\n<\/tr>\n<tr>\n<td>Vista en vivo simult\u00e1neaUp to 6 channels<\/td>\n<\/tr>\n<tr>\n<td>APIONVIF (PROFILE S), ISAPI, SDK<\/td>\n<\/tr>\n<tr>\n<td>ProtocolosTCP\/IP, ICMP, HTTP, FTP, DHCP, DNS, DDNS, RTP, RTSP, RTCP, NTP, UPnP, SMTP, IGMP, QoS, IPv6, UDP, Bonjour, SSL\/TLS<\/td>\n<\/tr>\n<tr>\n<td>Usuario\/operadorUp to 32 users. 3 user levels: administrator, operator and user<\/td>\n<\/tr>\n<tr>\n<td>SeguridadPassword protection, complicated password, HTTPS encryption, IP address filter, security audit log, basic and digest authentication for HTTP\/HTTPS, TLS 1.2, WSSE and digest authentication for ONVIF<\/td>\n<\/tr>\n<tr>\n<td>ClienteiVMS-4200, Hik-Connect, Hik-Central<\/td>\n<\/tr>\n<tr>\n<td>Navegador web<\/td>\n<\/tr>\n<tr>\n<td>Plug-in required live view: IE 10 , Chrome 41.0-44, Firefox 30.0-51, Safari 8.0-11<\/td>\n<\/tr>\n<tr>\n<td><\/td>\n<\/tr>\n<tr>\n<td><\/td>\n<\/tr>\n<tr>\n<td>Local service: Chrome 57.0 , Firefox 52.0<\/td>\n<\/tr>\n<tr>\n<td><\/td>\n<\/tr>\n<tr>\n<td>Imagen<\/td>\n<\/tr>\n<tr>\n<td>Interruptor d\u00eda\/nocheDay, Night, Auto, Schedule<\/td>\n<\/tr>\n<tr>\n<td>Mejora de la imagenBLC, HLC, 3D DNR<\/td>\n<\/tr>\n<tr>\n<td>Configuraci\u00f3n de imagenRotate mode, saturation, brightness, contrast, sharpness, gain, white balance adjustable by client software or web browser<\/td>\n<\/tr>\n<tr>\n<td><\/td>\n<\/tr>\n<tr>\n<td>Interfaz<\/td>\n<\/tr>\n<tr>\n<td>Interfaz de comunicaci\u00f3n1 RJ45 10M\/100M self-adaptive Ethernet port<\/td>\n<\/tr>\n<tr>\n<td><\/td>\n<\/tr>\n<tr>\n<td>Inteligente (Algoritmo tradicional)<\/td>\n<\/tr>\n<tr>\n<td>Evento B\u00e1sicoMotion detection, exception (illegal login)<\/td>\n<\/tr>\n<tr>\n<td><\/td>\n<\/tr>\n<tr>\n<td>General<\/td>\n<\/tr>\n<tr>\n<td>M\u00e9todo de enlaceUpload to FTP\/NAS, notify surveillance center, send email, trigger recording, trigger capture<\/td>\n<\/tr>\n<tr>\n<td>Idioma del cliente web<\/td>\n<\/tr>\n<tr>\n<td>2 languages<\/td>\n<\/tr>\n<tr>\n<td><\/td>\n<\/tr>\n<tr>\n<td><\/td>\n<\/tr>\n<tr>\n<td>English and Ukraine<\/td>\n<\/tr>\n<tr>\n<td>Funci\u00f3n generalAnti-flicker, heartbeat, mirror, privacy masks, password reset via e-mail<\/td>\n<\/tr>\n<tr>\n<td>Reinicio de softwareReset via web browser and client software<\/td>\n<\/tr>\n<tr>\n<td>Condiciones de almacenaje-30 \u00b0C to 60 \u00b0C (-22 \u00b0F to 140 \u00b0F). Humidity 95% or less (non-condensing)<\/td>\n<\/tr>\n<tr>\n<td>Condiciones de inicio y funcionamiento-30 \u00b0C to 60 \u00b0C (-22 \u00b0F to 140 \u00b0F). Humidity 95% or less (non-condensing)<\/td>\n<\/tr>\n<tr>\n<td>Fuente de alimentaci\u00f3n12 VDC \u00b1 25%, PoE: 802.3af, Type 1 Class 3, reverse polarity protection<\/td>\n<\/tr>\n<tr>\n<td>Consumo de energ\u00eda y corriente<\/td>\n<\/tr>\n<tr>\n<td>12 VDC, 0.37 A, max. 4.5 W<\/td>\n<\/tr>\n<tr>\n<td><\/td>\n<\/tr>\n<tr>\n<td><\/td>\n<\/tr>\n<tr>\n<td>PoE (802.3af, 36 V to 57 V), 0.13 A to 0.08 A, max. 4.5 W<\/td>\n<\/tr>\n<tr>\n<td>Interfaz de energ\u00eda\u00d85.5 mm coaxial power plug<\/td>\n<\/tr>\n<tr>\n<td>Dimensi\u00f3n de la c\u00e1mara\u00d8110 \u00d7 100.8 mm (\u00d84.3\u2033 \u00d7 4.0\u2033)<\/td>\n<\/tr>\n<tr>\n<td>Dimensi\u00f3n del paquete150 \u00d7 150 \u00d7 141 mm (5.9\u2033 \u00d7 5.9\u2033 \u00d7 5.6\u2033)<\/td>\n<\/tr>\n<tr>\n<td>Peso de la c\u00e1maraApprox. 350 g (0.8 lb.)<\/td>\n<\/tr>\n<tr>\n<td>Con peso del paqueteApprox. 556 g (1.2 lb.)<\/td>\n<\/tr>\n<tr>\n<td><\/td>\n<\/tr>\n<tr>\n<td>Certificaciones<\/td>\n<\/tr>\n<tr>\n<td>EMCFCC (47 CFR Part 15, Subpart B); CE-EMC (EN 55032: 2015, EN 61000-3-2: 2014, EN 61000-3-3: 2013, EN 50130-4: 2011 A1: 2014); RCM (AS\/NZS CISPR 32: 2015); IC (ICES-003: Issue 6, 2016); KC (KN 32: 2015, KN 35: 2015)<\/td>\n<\/tr>\n<tr>\n<td>SeguridadUL (UL 60950-1); CB (IEC 60950-1:2005 Am 1:2009 Am 2:2013, IEC 62368-1:2014); CE-LVD (EN 60950-1:2005 Am 1:2009 Am 2:2013, IEC 62368-1:2014); BIS (IS 13252(Part 1):2010 A1:2013 A2:2015)<\/td>\n<\/tr>\n<tr>\n<td>AmbienteCE-RoHS (2011\/65\/EU); WEEE (2012\/19\/EU); Reach (Regulation (EC) No 1907\/2006)<\/td>\n<\/tr>\n<tr>\n<td>Protecci\u00f3nIngression protection: IP67 (IEC 60529-2013)<\/td>\n<\/tr>\n<\/tbody>\n<\/table>\n<p>[\/vc_column_text][\/vc_column][\/vc_row]<\/p>\n<\/section>","protected":false},"excerpt":{"rendered":"<table width=\"447\">\n<tbody>\n<tr>\n<td width=\"447\"><strong>4 MP ColorVu Fixed Turret Network Camera<\/strong><\/td>\n<\/tr>\n<tr>\n<td><\/td>\n<\/tr>\n<tr>\n<td>High quality imaging with 4 MP resolution<\/td>\n<\/tr>\n<tr>\n<td>Excellent low-light performance<\/td>\n<\/tr>\n<tr>\n<td>Efficient H.265 compression technology<\/td>\n<\/tr>\n<tr>\n<td>Water and dust resistant (IP67)<\/td>\n<\/tr>\n<tr>\n<td>24\/7 colorful imaging<\/td>\n<\/tr>\n<\/tbody>\n<\/table>\n","protected":false},"featured_media":3067,"comment_status":"open","ping_status":"closed","template":"","meta":[],"product_brand":[],"product_cat":[15],"product_tag":[],"class_list":{"0":"post-3066","1":"product","2":"type-product","3":"status-publish","4":"has-post-thumbnail","6":"product_cat-ip-camera","8":"first","9":"instock","10":"shipping-taxable","11":"purchasable","12":"product-type-simple"},"_links":{"self":[{"href":"https:\/\/wiretree.lk\/shop\/wp-json\/wp\/v2\/product\/3066","targetHints":{"allow":["GET"]}}],"collection":[{"href":"https:\/\/wiretree.lk\/shop\/wp-json\/wp\/v2\/product"}],"about":[{"href":"https:\/\/wiretree.lk\/shop\/wp-json\/wp\/v2\/types\/product"}],"replies":[{"embeddable":true,"href":"https:\/\/wiretree.lk\/shop\/wp-json\/wp\/v2\/comments?post=3066"}],"wp:featuredmedia":[{"embeddable":true,"href":"https:\/\/wiretree.lk\/shop\/wp-json\/wp\/v2\/media\/3067"}],"wp:attachment":[{"href":"https:\/\/wiretree.lk\/shop\/wp-json\/wp\/v2\/media?parent=3066"}],"wp:term":[{"taxonomy":"product_brand","embeddable":true,"href":"https:\/\/wiretree.lk\/shop\/wp-json\/wp\/v2\/product_brand?post=3066"},{"taxonomy":"product_cat","embeddable":true,"href":"https:\/\/wiretree.lk\/shop\/wp-json\/wp\/v2\/product_cat?post=3066"},{"taxonomy":"product_tag","embeddable":true,"href":"https:\/\/wiretree.lk\/shop\/wp-json\/wp\/v2\/product_tag?post=3066"}],"curies":[{"name":"wp","href":"https:\/\/api.w.org\/{rel}","templated":true}]}}