{"id":3070,"date":"2023-09-09T13:02:39","date_gmt":"2023-09-09T13:02:39","guid":{"rendered":"https:\/\/wiretree.lk\/shop\/?post_type=product&#038;p=3070"},"modified":"2023-09-09T13:02:41","modified_gmt":"2023-09-09T13:02:41","slug":"ds-2cd1327g0-l","status":"publish","type":"product","link":"https:\/\/wiretree.lk\/shop\/ds-2cd1327g0-l\/","title":{"rendered":"DS-2CD1327G0-L"},"content":{"rendered":"<section class=\"wpb-content-wrapper\"><p>[vc_row][vc_column][vc_column_text text_larger=&#8221;no&#8221;]<\/p>\n<table width=\"1370\">\n<tbody>\n<tr>\n<td width=\"1370\">Description<\/td>\n<\/tr>\n<tr>\n<td>Camera<\/td>\n<\/tr>\n<tr>\n<td><\/td>\n<\/tr>\n<tr>\n<td>Image Sensor:\u00a01\/2.8\u2033 Progressive Scan CMOS<\/td>\n<\/tr>\n<tr>\n<td>Min. Illumination:\u00a0Color: 0.001 Lux @ (F1.0, AGC ON)<\/td>\n<\/tr>\n<tr>\n<td>Shutter Speed:\u00a01\/3 s to 1\/100,000 s<\/td>\n<\/tr>\n<tr>\n<td>Slow Shutter:\u00a0Yes<\/td>\n<\/tr>\n<tr>\n<td>Angle Adjustment:\u00a0Pan: 0\u00b0 to 360\u00b0, tilt: 0\u00b0 to 75\u00b0, rotate: 0\u00b0 to 360\u00b0<\/td>\n<\/tr>\n<tr>\n<td>P\/N:\u00a0P\/N<\/td>\n<\/tr>\n<tr>\n<td>Wide Dynamic Range:\u00a0Digital WDR<\/td>\n<\/tr>\n<tr>\n<td><\/td>\n<\/tr>\n<tr>\n<td>Lens<\/td>\n<\/tr>\n<tr>\n<td><\/td>\n<\/tr>\n<tr>\n<td>Lens Type &amp; FOV<\/td>\n<\/tr>\n<tr>\n<td>2.8 mm, horizontal FOV 107\u00b0, vertical FOV 56\u00b0, diagonal FOV 127\u00b0<\/td>\n<\/tr>\n<tr>\n<td>4 mm, horizontal FOV 84\u00b0, vertical FOV 45\u00b0, diagonal FOV 99\u00b0<\/td>\n<\/tr>\n<tr>\n<td>Aperture:\u00a0F1.0<\/td>\n<\/tr>\n<tr>\n<td>Lens Mount:\u00a0M12<\/td>\n<\/tr>\n<tr>\n<td>Aperture Type:\u00a0Fixed<\/td>\n<\/tr>\n<tr>\n<td>Depth Of Focus<\/td>\n<\/tr>\n<tr>\n<td>2.8 mm: 1.7 m to \u221e<\/td>\n<\/tr>\n<tr>\n<td>4 mm: 2.1 m to \u221e<\/td>\n<\/tr>\n<tr>\n<td><\/td>\n<\/tr>\n<tr>\n<td>Illuminator<\/td>\n<\/tr>\n<tr>\n<td><\/td>\n<\/tr>\n<tr>\n<td>Smart Supplement Light:\u00a0Yes<\/td>\n<\/tr>\n<tr>\n<td>Supplement Light:\u00a0White<\/td>\n<\/tr>\n<tr>\n<td>White Light Range:\u00a0Up to 30 m<\/td>\n<\/tr>\n<tr>\n<td><\/td>\n<\/tr>\n<tr>\n<td>Video<\/td>\n<\/tr>\n<tr>\n<td><\/td>\n<\/tr>\n<tr>\n<td>Main Stream<\/td>\n<\/tr>\n<tr>\n<td>50Hz: 25fps (1920 \u00d7 1080, 1280 \u00d7 960, 1280 \u00d7 720)<\/td>\n<\/tr>\n<tr>\n<td>60Hz: 30fps (1920 \u00d7 1080, 1280 \u00d7 960, 1280 \u00d7 720)<\/td>\n<\/tr>\n<tr>\n<td>Sub Stream<\/td>\n<\/tr>\n<tr>\n<td>50Hz: 25fps (640 \u00d7 480, 640 \u00d7 360, 320 \u00d7 240)<\/td>\n<\/tr>\n<tr>\n<td>60Hz: 30fps (640 \u00d7 480, 640 \u00d7 360, 320 \u00d7 240)<\/td>\n<\/tr>\n<tr>\n<td>Video Compression<\/td>\n<\/tr>\n<tr>\n<td>Main stream: H.265 \/H.265\/H.264 \/H.264<\/td>\n<\/tr>\n<tr>\n<td>Sub-stream: H.265\/H.264\/MJPEG<\/td>\n<\/tr>\n<tr>\n<td>Video Bit Rate:\u00a032 Kbps to 8 Mbps<\/td>\n<\/tr>\n<tr>\n<td>H.264 Type:\u00a0BaseLine Profile\/Main Profile\/High Profile<\/td>\n<\/tr>\n<tr>\n<td>H.265 Type:\u00a0Main Profile<\/td>\n<\/tr>\n<tr>\n<td>Region Of Interest (ROI):\u00a01 fixed region for main stream<\/td>\n<\/tr>\n<tr>\n<td><\/td>\n<\/tr>\n<tr>\n<td>Network<\/td>\n<\/tr>\n<tr>\n<td><\/td>\n<\/tr>\n<tr>\n<td>Simultaneous Live View:\u00a0Up to 6 channels<\/td>\n<\/tr>\n<tr>\n<td>API:\u00a0ONVIF (PROFILE S, PROFILE G), ISAPI, SDK<\/td>\n<\/tr>\n<tr>\n<td>Protocols:\u00a0TCP\/IP, ICMP, HTTP, FTP, DHCP, DNS, DDNS, RTP, RTSP, RTCP, NTP, UPnP, SMTP, IGMP, QoS, IPv6, UDP, Bonjour, SSL\/TLS<\/td>\n<\/tr>\n<tr>\n<td>User\/Host:\u00a0Up to 32 users. 3 user levels: administrator, operator and user<\/td>\n<\/tr>\n<tr>\n<td>Security:\u00a0Password protection, complicated password, HTTPS encryption, IP address filter, security audit log, basic and digest authentication for HTTP\/HTTPS, TLS 1.2, WSSE and digest authentication for ONVIF<\/td>\n<\/tr>\n<tr>\n<td>Client:\u00a0iVMS-4200, Hik-Connect, Hik-Central<\/td>\n<\/tr>\n<tr>\n<td>Web Browser<\/td>\n<\/tr>\n<tr>\n<td>Plug-in required live view: IE8, IE9, IE10, IE11<\/td>\n<\/tr>\n<tr>\n<td>Local service: Chrome 57.0 , Firefox 52.0<\/td>\n<\/tr>\n<tr>\n<td><\/td>\n<\/tr>\n<tr>\n<td>Image<\/td>\n<\/tr>\n<tr>\n<td><\/td>\n<\/tr>\n<tr>\n<td>Day\/Night Switch:\u00a0Day, Night, Auto, Schedule<\/td>\n<\/tr>\n<tr>\n<td>Image Enhancement:\u00a0BLC, HLC, 3D DNR<\/td>\n<\/tr>\n<tr>\n<td>Image Settings:\u00a0Rotate mode, saturation, brightness, contrast, sharpness, gain, white balance adjustable by client software or web browser<\/td>\n<\/tr>\n<tr>\n<td><\/td>\n<\/tr>\n<tr>\n<td>Interface<\/td>\n<\/tr>\n<tr>\n<td><\/td>\n<\/tr>\n<tr>\n<td>Communication Interface:\u00a01 RJ45 10M\/100M self-adaptive Ethernet port<\/td>\n<\/tr>\n<tr>\n<td><\/td>\n<\/tr>\n<tr>\n<td>Intelligent (Traditional Algorithm)<\/td>\n<\/tr>\n<tr>\n<td><\/td>\n<\/tr>\n<tr>\n<td>Basic Event:\u00a0Motion detection, exception (illegal login)<\/td>\n<\/tr>\n<tr>\n<td><\/td>\n<\/tr>\n<tr>\n<td>General<\/td>\n<\/tr>\n<tr>\n<td><\/td>\n<\/tr>\n<tr>\n<td>Linkage Method<\/td>\n<\/tr>\n<tr>\n<td>Upload to FTP\/NAS, notify surveillance center, send email, trigger recording, trigger capture<\/td>\n<\/tr>\n<tr>\n<td>*Note: External device is required.<\/td>\n<\/tr>\n<tr>\n<td>Web Client Language:\u00a0English<\/td>\n<\/tr>\n<tr>\n<td>General Function:\u00a0Anti-flicker, heartbeat, mirror, privacy masks, flash log, password reset via e-mail, pixel counter<\/td>\n<\/tr>\n<tr>\n<td>Software Reset:\u00a0Reset via web browser and client software<\/td>\n<\/tr>\n<tr>\n<td>Storage Conditions:\u00a0-30 \u00b0C to 60 \u00b0C (-22 \u00b0F to 140 \u00b0F). Humidity 95% or less (non-condensing)<\/td>\n<\/tr>\n<tr>\n<td>Startup And Operating Conditions:\u00a0-30 \u00b0C to 60 \u00b0C (-22 \u00b0F to 140 \u00b0F). Humidity 95% or less (non-condensing)<\/td>\n<\/tr>\n<tr>\n<td>Power Supply:\u00a012 VDC \u00b1 25%, PoE: 802.3af, Type 1 Class 3, reverse polarity protection<\/td>\n<\/tr>\n<tr>\n<td>Power Consumption And Current:\u00a012 VDC, 0.30 A, max. 3.6 W, PoE (802.3af, 36 V to 57 V), 0.20 A to 0.10 A, max. 4.5W<\/td>\n<\/tr>\n<tr>\n<td>Power Interface:\u00a0\u00d85.5 mm coaxial power plug<\/td>\n<\/tr>\n<tr>\n<td>Material<\/td>\n<\/tr>\n<tr>\n<td>Main body: metal<\/td>\n<\/tr>\n<tr>\n<td>enclosure and base: plastic<\/td>\n<\/tr>\n<tr>\n<td>Camera Dimension:\u00a0\u00d8110 \u00d7 100.8 mm (4.3\u2033 \u00d7 4.0\u2033)<\/td>\n<\/tr>\n<tr>\n<td>Package Dimension:\u00a0150 \u00d7 150 \u00d7 141 mm (5.9\u2033 \u00d7 5.9\u2033 \u00d7 5.6\u2033)<\/td>\n<\/tr>\n<tr>\n<td>Camera Weight:\u00a0Approx. 350 g (0.7 lb.)<\/td>\n<\/tr>\n<tr>\n<td>With Package Weight:\u00a0Approx. 500 g (1.1 lb.)<\/td>\n<\/tr>\n<\/tbody>\n<\/table>\n<p>[\/vc_column_text][\/vc_column][\/vc_row]<\/p>\n<\/section>","protected":false},"excerpt":{"rendered":"<table width=\"697\">\n<tbody>\n<tr>\n<td width=\"697\"><strong>2 MP ColorVu Fixed Turret Network Camera<\/strong><\/td>\n<\/tr>\n<tr>\n<td><\/td>\n<\/tr>\n<tr>\n<td>High quality imaging with 2 MP resolution<\/td>\n<\/tr>\n<tr>\n<td>Excellent low-light performance<\/td>\n<\/tr>\n<tr>\n<td>Efficient H.265 compression technology<\/td>\n<\/tr>\n<tr>\n<td>Water and dust resistant (IP67)<\/td>\n<\/tr>\n<tr>\n<td>24\/7 colorful imaging<\/td>\n<\/tr>\n<\/tbody>\n<\/table>\n","protected":false},"featured_media":3071,"comment_status":"open","ping_status":"closed","template":"","meta":[],"product_brand":[],"product_cat":[15],"product_tag":[],"class_list":{"0":"post-3070","1":"product","2":"type-product","3":"status-publish","4":"has-post-thumbnail","6":"product_cat-ip-camera","8":"first","9":"instock","10":"shipping-taxable","11":"purchasable","12":"product-type-simple"},"_links":{"self":[{"href":"https:\/\/wiretree.lk\/shop\/wp-json\/wp\/v2\/product\/3070","targetHints":{"allow":["GET"]}}],"collection":[{"href":"https:\/\/wiretree.lk\/shop\/wp-json\/wp\/v2\/product"}],"about":[{"href":"https:\/\/wiretree.lk\/shop\/wp-json\/wp\/v2\/types\/product"}],"replies":[{"embeddable":true,"href":"https:\/\/wiretree.lk\/shop\/wp-json\/wp\/v2\/comments?post=3070"}],"wp:featuredmedia":[{"embeddable":true,"href":"https:\/\/wiretree.lk\/shop\/wp-json\/wp\/v2\/media\/3071"}],"wp:attachment":[{"href":"https:\/\/wiretree.lk\/shop\/wp-json\/wp\/v2\/media?parent=3070"}],"wp:term":[{"taxonomy":"product_brand","embeddable":true,"href":"https:\/\/wiretree.lk\/shop\/wp-json\/wp\/v2\/product_brand?post=3070"},{"taxonomy":"product_cat","embeddable":true,"href":"https:\/\/wiretree.lk\/shop\/wp-json\/wp\/v2\/product_cat?post=3070"},{"taxonomy":"product_tag","embeddable":true,"href":"https:\/\/wiretree.lk\/shop\/wp-json\/wp\/v2\/product_tag?post=3070"}],"curies":[{"name":"wp","href":"https:\/\/api.w.org\/{rel}","templated":true}]}}