{"id":3093,"date":"2023-09-09T16:31:52","date_gmt":"2023-09-09T16:31:52","guid":{"rendered":"https:\/\/wiretree.lk\/shop\/?post_type=product&#038;p=3093"},"modified":"2023-09-09T16:31:54","modified_gmt":"2023-09-09T16:31:54","slug":"ds-2cd1623g1-iz","status":"publish","type":"product","link":"https:\/\/wiretree.lk\/shop\/ds-2cd1623g1-iz\/","title":{"rendered":"DS-2CD1623G1-IZ"},"content":{"rendered":"<section class=\"wpb-content-wrapper\"><p>[vc_row][vc_column][vc_column_text text_larger=&#8221;no&#8221;]<\/p>\n<table width=\"1382\">\n<tbody>\n<tr>\n<td width=\"1382\">Description<\/td>\n<\/tr>\n<tr>\n<td>Camera<\/td>\n<\/tr>\n<tr>\n<td>Image Sensor1\/2.8\u2033 Progressive scan CMOS<\/td>\n<\/tr>\n<tr>\n<td>Min. IlluminationColor: 0.01 Lux @ (F1.2, AGC ON), 0.025 Lux @ (F1.9, AGC ON)<\/td>\n<\/tr>\n<tr>\n<td>Shutter Speed1\/3 s to 1\/100, 000 s<\/td>\n<\/tr>\n<tr>\n<td>Slow ShutterYes<\/td>\n<\/tr>\n<tr>\n<td>Day &amp;NightIR cut filter<\/td>\n<\/tr>\n<tr>\n<td>Wide Dynamic RangeDigital WDR<\/td>\n<\/tr>\n<tr>\n<td>Angle AdjustmentPan: 0\u00b0 to 360\u00b0, tilt: 0\u00b0 to 90\u00b0, rotate: 0\u00b0 to 360\u00b0<\/td>\n<\/tr>\n<tr>\n<td>DNR3D DNR<\/td>\n<\/tr>\n<tr>\n<td><\/td>\n<\/tr>\n<tr>\n<td>Lens<\/td>\n<\/tr>\n<tr>\n<td>Lens2.8 to 8 mm<\/td>\n<\/tr>\n<tr>\n<td>Auto-IrisNo<\/td>\n<\/tr>\n<tr>\n<td>ApertureF1.9<\/td>\n<\/tr>\n<tr>\n<td>FocusWithout -Z model: Manual,-Z model: Auto<\/td>\n<\/tr>\n<tr>\n<td>FOVHorizontal field of view: 111\u00b0 to 54.7\u00b0,Vertical field of view: 57.8\u00b0 to 30.5\u00b0,Diagonal field of view: 134\u00b0 to 63\u00b0<\/td>\n<\/tr>\n<tr>\n<td>Lens Mount\u03a614<\/td>\n<\/tr>\n<tr>\n<td><\/td>\n<\/tr>\n<tr>\n<td>Illuminator<\/td>\n<\/tr>\n<tr>\n<td>IR RangeUp to 20 m<\/td>\n<\/tr>\n<tr>\n<td>Wavelength850 nm<\/td>\n<\/tr>\n<tr>\n<td><\/td>\n<\/tr>\n<tr>\n<td>Video<\/td>\n<\/tr>\n<tr>\n<td>Max. Resolution1920 \u00d7 1080<\/td>\n<\/tr>\n<tr>\n<td>Main Stream50Hz: 25fps (1920 \u00d7 1080, 1280 \u00d7 960, 1280 \u00d7 720),60Hz: 30fps (1920 \u00d7 1080, 1280 \u00d7 960, 1280 \u00d7 720)<\/td>\n<\/tr>\n<tr>\n<td>Sub Stream50Hz: 25fps (640 \u00d7 480, 640 \u00d7 360, 320 \u00d7 240),60Hz: 30fps (640 \u00d7 480, 640 \u00d7 360, 320 \u00d7 240)<\/td>\n<\/tr>\n<tr>\n<td>Video CompressionMain stream: H.265\/H.264,Sub-stream: H.265\/H.264\/MJPEG<\/td>\n<\/tr>\n<tr>\n<td>H.264 TypeBaseline Profile\/Main Profile\/High Profile<\/td>\n<\/tr>\n<tr>\n<td>H.265 TypeMain Profile<\/td>\n<\/tr>\n<tr>\n<td>Video Bit Rate32 Kbps to 8 Mbps<\/td>\n<\/tr>\n<tr>\n<td><\/td>\n<\/tr>\n<tr>\n<td>Audio<\/td>\n<\/tr>\n<tr>\n<td>Audio CompressionG.711\/G.722.1\/G.726\/MP2L2\/PCM<\/td>\n<\/tr>\n<tr>\n<td>Audio Bit Rate64 Kbps (G.711)\/16 Kbps (G.722.1)\/16 Kbps (G.726)\/32 to 192 Kbps (MP2L2)<\/td>\n<\/tr>\n<tr>\n<td>Environment Noise FilteringYes<\/td>\n<\/tr>\n<tr>\n<td>Audio Sampling Rate8 kHz\/16 kHz\/32 kHz\/44.1 kHz\/48 kHz<\/td>\n<\/tr>\n<tr>\n<td><\/td>\n<\/tr>\n<tr>\n<td>Smart Feature-Set<\/td>\n<\/tr>\n<tr>\n<td>Region Of Interest1 fixed region for main stream<\/td>\n<\/tr>\n<tr>\n<td><\/td>\n<\/tr>\n<tr>\n<td>Image<\/td>\n<\/tr>\n<tr>\n<td>Image EnhancementBLC, 3D DNR<\/td>\n<\/tr>\n<tr>\n<td>Image SettingRotate mode, saturation, brightness, contrast, sharpness, AGC, white balance adjustable by client software or web browser<\/td>\n<\/tr>\n<tr>\n<td>Day\/Night SwitchDay\/Night\/Auto\/Schedule\/Triggered by Alarm In (-S)<\/td>\n<\/tr>\n<tr>\n<td><\/td>\n<\/tr>\n<tr>\n<td>Network<\/td>\n<\/tr>\n<tr>\n<td>Network StorageSupport Micro SD\/SDHC\/SDXC card (128G), local storage and ANR<\/td>\n<\/tr>\n<tr>\n<td>ProtocolsTCP\/IP, ICMP, HTTP, HTTPS, FTP, DHCP, DNS, DDNS, RTP, RTSP, RTCP, NTP, UPnP, SMTP, IGMP, 802.1X, QoS, IPv6, UDP, Bonjour<\/td>\n<\/tr>\n<tr>\n<td>APIONVIF (PROFILE S, PROFILE G), ISAPI<\/td>\n<\/tr>\n<tr>\n<td>Simultaneous Live ViewUp to 6 channels<\/td>\n<\/tr>\n<tr>\n<td>User\/HostUp to 32 users,3 levels: Administrator, Operator and User<\/td>\n<\/tr>\n<tr>\n<td>ClientiVMS-4200, iVMS-4500, iVMS-5200, Hik-Connect<\/td>\n<\/tr>\n<tr>\n<td>Web BrowserIE8 , Chrome 31.0-44, Firefox 30.0-51, Safari 8.0<\/td>\n<\/tr>\n<tr>\n<td>Alarm TriggerMotion detection, video tampering detection, network disconnected, IP address conflict, illegal login, HDD full, HDD error<\/td>\n<\/tr>\n<tr>\n<td><\/td>\n<\/tr>\n<tr>\n<td>Interface<\/td>\n<\/tr>\n<tr>\n<td>Communication Interface1 RJ45 10M\/100M self-adaptive Ethernet port<\/td>\n<\/tr>\n<tr>\n<td>Audio-S model: Built-in mic, 1 input (line in), 1 output (line out),Without -S model: Built-in mic<\/td>\n<\/tr>\n<tr>\n<td>Alarm1 alarm input, 1 alarm output<\/td>\n<\/tr>\n<tr>\n<td>Video Output1Vp-p composite output (75 \u03a9\/BNC)<\/td>\n<\/tr>\n<tr>\n<td>On-Board StorageBuilt-in micro SD\/SDHC\/SDXC slot, up to 128 GB<\/td>\n<\/tr>\n<tr>\n<td><\/td>\n<\/tr>\n<tr>\n<td>Compression Standard<\/td>\n<\/tr>\n<tr>\n<td>H.264\u00a0Main stream supports<\/td>\n<\/tr>\n<tr>\n<td>H.265\u00a0Main stream supports<\/td>\n<\/tr>\n<tr>\n<td><\/td>\n<\/tr>\n<tr>\n<td>General<\/td>\n<\/tr>\n<tr>\n<td>Firmware Version5.5.82<\/td>\n<\/tr>\n<tr>\n<td>General FunctionOne-key reset, anti-flicker, heartbeat, mirror, password protection, privacy mask, watermark<\/td>\n<\/tr>\n<tr>\n<td>ResetYes<\/td>\n<\/tr>\n<tr>\n<td>Startup And Operating Conditions-30 \u00b0C to 60 \u00b0C (-22 \u00b0F to 140 \u00b0F), humidity: 95% or less (non-condensing)<\/td>\n<\/tr>\n<tr>\n<td>Power Supply12 VDC \u00b1 25%, 5.5 mm coaxial power plug,PoE (802.3af, class 3)<\/td>\n<\/tr>\n<tr>\n<td>Power Consumption And Current-Z model: 12 VDC, 0.9 A, max. 11 W; PoE: (802.3af, 36 V to 57 V), 0.4 A to 0.2 A, max. 12.9 W,Without -Z model: 12 VDC, 0.6 A, max. 7 W; PoE:(802.3af, 36 V to 57 V), 0.3 A to 0.1 A, max. 9 W<\/td>\n<\/tr>\n<tr>\n<td>MaterialFront &amp; Back cover: metal<\/td>\n<\/tr>\n<tr>\n<td>DimensionsCamera: \u03a6 105 mm \u00d7 244.4 mm (4.1\u2033 \u00d7 9.6\u2033),With package: 315 mm \u00d7 137 mm \u00d7 141 mm (12.4\u2033 \u00d7 5.4\u2033 \u00d7 5.6\u2033)<\/td>\n<\/tr>\n<tr>\n<td>Camera: Approx. 700 g (1.5 lb.),With package: Approx. 1100 g (2.4 lb.)<\/td>\n<\/tr>\n<tr>\n<td>Interface ProtectionIP66<\/td>\n<\/tr>\n<\/tbody>\n<\/table>\n<p>[\/vc_column_text][\/vc_column][\/vc_row]<\/p>\n<\/section>","protected":false},"excerpt":{"rendered":"<table width=\"577\">\n<tbody>\n<tr>\n<td width=\"577\"><strong>2 MP Varifocal Bullet Network Camera<\/strong><\/td>\n<\/tr>\n<tr>\n<td><\/td>\n<\/tr>\n<tr>\n<td>High quality imaging with 2 MP resolution<\/td>\n<\/tr>\n<tr>\n<td>Efficient H.265 compression technology<\/td>\n<\/tr>\n<tr>\n<td>Clear imaging even with strong back lighting thanks to Digital WDR technology<\/td>\n<\/tr>\n<tr>\n<td>Up to 128 GB SD card slot for storage<\/td>\n<\/tr>\n<tr>\n<td>EXIR 2.0: advanced infrared technology with long IR rangeWater- and dust- resistant (IP67)<\/td>\n<\/tr>\n<tr>\n<td>(Z): 2.8 to 12 mm motorized vari-focal lens for easy installation and monitoring<\/td>\n<\/tr>\n<tr>\n<td>dust and dust resistant (IP67)<\/td>\n<\/tr>\n<tr>\n<td>(S): Supports alarm out for extra alarm device for your safety.<\/td>\n<\/tr>\n<\/tbody>\n<\/table>\n","protected":false},"featured_media":3094,"comment_status":"open","ping_status":"closed","template":"","meta":[],"product_brand":[],"product_cat":[15],"product_tag":[],"class_list":{"0":"post-3093","1":"product","2":"type-product","3":"status-publish","4":"has-post-thumbnail","6":"product_cat-ip-camera","8":"first","9":"instock","10":"shipping-taxable","11":"purchasable","12":"product-type-simple"},"_links":{"self":[{"href":"https:\/\/wiretree.lk\/shop\/wp-json\/wp\/v2\/product\/3093","targetHints":{"allow":["GET"]}}],"collection":[{"href":"https:\/\/wiretree.lk\/shop\/wp-json\/wp\/v2\/product"}],"about":[{"href":"https:\/\/wiretree.lk\/shop\/wp-json\/wp\/v2\/types\/product"}],"replies":[{"embeddable":true,"href":"https:\/\/wiretree.lk\/shop\/wp-json\/wp\/v2\/comments?post=3093"}],"wp:featuredmedia":[{"embeddable":true,"href":"https:\/\/wiretree.lk\/shop\/wp-json\/wp\/v2\/media\/3094"}],"wp:attachment":[{"href":"https:\/\/wiretree.lk\/shop\/wp-json\/wp\/v2\/media?parent=3093"}],"wp:term":[{"taxonomy":"product_brand","embeddable":true,"href":"https:\/\/wiretree.lk\/shop\/wp-json\/wp\/v2\/product_brand?post=3093"},{"taxonomy":"product_cat","embeddable":true,"href":"https:\/\/wiretree.lk\/shop\/wp-json\/wp\/v2\/product_cat?post=3093"},{"taxonomy":"product_tag","embeddable":true,"href":"https:\/\/wiretree.lk\/shop\/wp-json\/wp\/v2\/product_tag?post=3093"}],"curies":[{"name":"wp","href":"https:\/\/api.w.org\/{rel}","templated":true}]}}