{"id":3099,"date":"2023-09-09T16:48:52","date_gmt":"2023-09-09T16:48:52","guid":{"rendered":"https:\/\/wiretree.lk\/shop\/?post_type=product&#038;p=3099"},"modified":"2023-09-09T16:49:15","modified_gmt":"2023-09-09T16:49:15","slug":"ds-2cd1t23g0-i","status":"publish","type":"product","link":"https:\/\/wiretree.lk\/shop\/ds-2cd1t23g0-i\/","title":{"rendered":"DS-2CD1T23G0-I"},"content":{"rendered":"<section class=\"wpb-content-wrapper\"><p>[vc_row][vc_column][vc_column_text text_larger=&#8221;no&#8221;]<\/p>\n<table width=\"1713\">\n<tbody>\n<tr>\n<td width=\"1713\">Description<\/td>\n<\/tr>\n<tr>\n<td>Camera<\/td>\n<\/tr>\n<tr>\n<td>Image Sensor1\/2.8\u2033 Progressive Scan CMOS<\/td>\n<\/tr>\n<tr>\n<td>Min. IlluminationColor: 0.028 Lux @ (F2.0, AGC ON), 0 Lux with IR<\/td>\n<\/tr>\n<tr>\n<td>Shutter Speed1\/3 s to 1\/100,000 s<\/td>\n<\/tr>\n<tr>\n<td>Slow ShutterYes<\/td>\n<\/tr>\n<tr>\n<td>Wide Dynamic RangeDigital WDR<\/td>\n<\/tr>\n<tr>\n<td>Day &amp; NightICR Cut<\/td>\n<\/tr>\n<tr>\n<td>Linkage MethodUpload to FTP, notify surveillance center, send email, trigger capture<\/td>\n<\/tr>\n<tr>\n<td>Angle AdjustmentPan: 0\u00b0 to 360\u00b0, tilt: 0\u00b0 to 180\u00b0, rotate: 0\u00b0 to 360\u00b0<\/td>\n<\/tr>\n<tr>\n<td><\/td>\n<\/tr>\n<tr>\n<td>Lens<\/td>\n<\/tr>\n<tr>\n<td>Lens Type &amp; FOV4 mm, horizontal FOV 86\u00b0, vertical FOV 47\u00b0, diagonal FOV 103\u00b0; 6mm, horizontal FOV 54\u00b0, vertical FOV 31\u00b0, diagonal FOV 63\u00b0<\/td>\n<\/tr>\n<tr>\n<td>ApertureF2.0<\/td>\n<\/tr>\n<tr>\n<td>Lens MountM12<\/td>\n<\/tr>\n<tr>\n<td><\/td>\n<\/tr>\n<tr>\n<td>Illuminator<\/td>\n<\/tr>\n<tr>\n<td>IR Range50 m<\/td>\n<\/tr>\n<tr>\n<td>Wavelength850nm<\/td>\n<\/tr>\n<tr>\n<td>Smart Supplement LightYes<\/td>\n<\/tr>\n<tr>\n<td><\/td>\n<\/tr>\n<tr>\n<td>Video<\/td>\n<\/tr>\n<tr>\n<td>Max. Resolution1920 \u00d7 1080<\/td>\n<\/tr>\n<tr>\n<td>Main Stream50Hz: 25fps (1920 \u00d7 1080, 1280 \u00d7 960, 1280 \u00d7 720); 60Hz: 30fps (1920 \u00d7 1080, 1280 \u00d7 960, 1280 \u00d7 720)<\/td>\n<\/tr>\n<tr>\n<td>Sub Stream50Hz: 25fps (640 \u00d7 480, 640 \u00d7 360, 320 \u00d7 240); 60Hz: 30fps (640 \u00d7 480, 640 \u00d7 360, 320 \u00d7 240)<\/td>\n<\/tr>\n<tr>\n<td>Video Compression\u00a0Main stream: H.265 \/H.265\/H.264 \/H.264; sub-stream: H.265\/H.264\/MJPEG<\/td>\n<\/tr>\n<tr>\n<td>Video Bit Rate32 Kbps to 8 Mbps<\/td>\n<\/tr>\n<tr>\n<td>H.264 TypeBaseline Profile\/Main Profile\/High Profile<\/td>\n<\/tr>\n<tr>\n<td>H.265 TypeMain Profile<\/td>\n<\/tr>\n<tr>\n<td>Stream TypeMain stream\/Sub-stream<\/td>\n<\/tr>\n<tr>\n<td>Region of Interest (ROI)1 fixed region for main stream and sub-stream<\/td>\n<\/tr>\n<tr>\n<td><\/td>\n<\/tr>\n<tr>\n<td>Network<\/td>\n<\/tr>\n<tr>\n<td>Simultaneous Live ViewUp to 6 channels<\/td>\n<\/tr>\n<tr>\n<td>APIONVIF (PROFILE S, PROFILE G), ISAPI, SDK<\/td>\n<\/tr>\n<tr>\n<td>ProtocolsTCP\/IP, ICMP, HTTP, HTTPS, FTP, DHCP, DNS, RTP, RTSP, RTCP, NTP, IGMP, QoS, UDP<\/td>\n<\/tr>\n<tr>\n<td>User\/HostUp to 32 users. 3 user levels: administrator, operator and user<\/td>\n<\/tr>\n<tr>\n<td>SecurityPassword protection, complicated password, HTTPS encryption, watermark, IP address filter, basic and digest authentication for HTTP\/HTTPS, WSSE and digest authentication for ONVIF, RTP\/RTSP OVER HTTPS, Control Timeout Settings, Security Audit Log, TLS 1.2<\/td>\n<\/tr>\n<tr>\n<td>ClientiVMS-4200, Hik-Connect, Hik-Central<\/td>\n<\/tr>\n<tr>\n<td>Web BrowserIE8 , Chrome31.0-44, Firefox30.0-51, Safari8.0<\/td>\n<\/tr>\n<tr>\n<td><\/td>\n<\/tr>\n<tr>\n<td>Image<\/td>\n<\/tr>\n<tr>\n<td>Day\/Night SwitchDay, Night, Auto, Schedule<\/td>\n<\/tr>\n<tr>\n<td>Image EnhancementBLC, HLC, 3D DNR<\/td>\n<\/tr>\n<tr>\n<td>Image SettingsRotate mode, saturation, brightness, contrast, sharpness, AGC, white balance adjustable by client software or web browser<\/td>\n<\/tr>\n<tr>\n<td>SNR&gt; 50 dB<\/td>\n<\/tr>\n<tr>\n<td><\/td>\n<\/tr>\n<tr>\n<td>Interface<\/td>\n<\/tr>\n<tr>\n<td>Communication Interface1 RJ45 10M\/100M self-adaptive Ethernet port<\/td>\n<\/tr>\n<tr>\n<td><\/td>\n<\/tr>\n<tr>\n<td>Intelligent (Traditional Algorithm)<\/td>\n<\/tr>\n<tr>\n<td>Basic Event\u00a0Motion detection, video tampering alarm, exception (illegal login)<\/td>\n<\/tr>\n<tr>\n<td><\/td>\n<\/tr>\n<tr>\n<td>General<\/td>\n<\/tr>\n<tr>\n<td>Firmware VersionV5.5.84<\/td>\n<\/tr>\n<tr>\n<td>Storage Conditions\u00a0-30 \u00b0C to 60 \u00b0C (-22 \u00b0F to 140 \u00b0F). Humidity 95% or less (non-condensing)<\/td>\n<\/tr>\n<tr>\n<td>Startup and Operating Conditions\u00a0-30 \u00b0C to 60 \u00b0C (-22 \u00b0F to 140 \u00b0F). Humidity 95% or less (non-condensing)<\/td>\n<\/tr>\n<tr>\n<td>Power Supply12 VDC \u00b1 25%, PoE: 802.3af, Type 1 Class 3, reverse polarity protection<\/td>\n<\/tr>\n<tr>\n<td>Power Consumption and Current12 VDC, 0.40 A, max. 4.8 W; PoE (802.3af, 36 V to 57 V), 0.20 A to 0.10 A, max. 6 W<\/td>\n<\/tr>\n<tr>\n<td>Power Interface\u03a65.5 mm coaxial power plug<\/td>\n<\/tr>\n<tr>\n<td>MaterialFront cover &amp; bracket: metal; back cover &amp; sun shield: plastic<\/td>\n<\/tr>\n<tr>\n<td>Camera Dimension71.67 \u00d7 92.87 \u00d7 221.49 mm (2.82\u2033 \u00d7 3.65\u2033 \u00d7 8.72\u2033)<\/td>\n<\/tr>\n<tr>\n<td>Package Dimension234 \u00d7 120 \u00d7 117 mm (9.21\u2033 \u00d7 4.72\u2033 \u00d7 4.61\u2033)<\/td>\n<\/tr>\n<tr>\n<td>Camera Weight540 g (1.19 lb.)<\/td>\n<\/tr>\n<tr>\n<td>With Package Weight810 g (1.79 lb.)<\/td>\n<\/tr>\n<tr>\n<td><\/td>\n<\/tr>\n<tr>\n<td>Approval<\/td>\n<\/tr>\n<tr>\n<td>ProtectionIngress protection: IP67 (IEC 60529-2013)<\/td>\n<\/tr>\n<tr>\n<td>EMCFCC (47 CFR Part 15, Subpart B); CE-EMC (EN 55032: 2015, EN 61000-3-2: 2014, EN 61000-3-3: 2013, EN 50130-4: 2011 A1: 2014); IC (ICES-003: Issue 6, 2016)<\/td>\n<\/tr>\n<tr>\n<td>Safety\u00a0UL (UL 60950-1); CB (IEC 60950-1:2005 Am 1:2009 Am 2:2013); CE-LVD (EN 60950-1:2005 Am 1:2009 Am 2:2013); BIS (IS 13252(Part 1):2010 A1:2013 A2:2015)<\/td>\n<\/tr>\n<tr>\n<td>Environment\u00a0CE-RoHS (2011\/65\/EU); WEEE (2012\/19\/EU); Reach (Regulation (EC) No 1907\/2006)<\/td>\n<\/tr>\n<\/tbody>\n<\/table>\n<p>[\/vc_column_text][\/vc_column][\/vc_row]<\/p>\n<\/section>","protected":false},"excerpt":{"rendered":"<table width=\"411\">\n<tbody>\n<tr>\n<td width=\"411\"><strong>2 MP Fixed Bullet Network Camera<\/strong><\/td>\n<\/tr>\n<tr>\n<td><\/td>\n<\/tr>\n<tr>\n<td>High quality imaging with 2 MP resolution<\/td>\n<\/tr>\n<tr>\n<td>Clear imaging against strong back light due to DWDR technology<\/td>\n<\/tr>\n<tr>\n<td>Efficient H.265 compression technology<\/td>\n<\/tr>\n<tr>\n<td>Water and dustresistant (IP67)<\/td>\n<\/tr>\n<tr>\n<td>Easy installation with Power over Ethernet (PoE) technology<\/td>\n<\/tr>\n<tr>\n<td>3D DNR technology delivers clean and sharp images<\/td>\n<\/tr>\n<\/tbody>\n<\/table>\n","protected":false},"featured_media":3100,"comment_status":"open","ping_status":"closed","template":"","meta":[],"product_brand":[],"product_cat":[15],"product_tag":[],"class_list":{"0":"post-3099","1":"product","2":"type-product","3":"status-publish","4":"has-post-thumbnail","6":"product_cat-ip-camera","8":"first","9":"instock","10":"shipping-taxable","11":"purchasable","12":"product-type-simple"},"_links":{"self":[{"href":"https:\/\/wiretree.lk\/shop\/wp-json\/wp\/v2\/product\/3099","targetHints":{"allow":["GET"]}}],"collection":[{"href":"https:\/\/wiretree.lk\/shop\/wp-json\/wp\/v2\/product"}],"about":[{"href":"https:\/\/wiretree.lk\/shop\/wp-json\/wp\/v2\/types\/product"}],"replies":[{"embeddable":true,"href":"https:\/\/wiretree.lk\/shop\/wp-json\/wp\/v2\/comments?post=3099"}],"wp:featuredmedia":[{"embeddable":true,"href":"https:\/\/wiretree.lk\/shop\/wp-json\/wp\/v2\/media\/3100"}],"wp:attachment":[{"href":"https:\/\/wiretree.lk\/shop\/wp-json\/wp\/v2\/media?parent=3099"}],"wp:term":[{"taxonomy":"product_brand","embeddable":true,"href":"https:\/\/wiretree.lk\/shop\/wp-json\/wp\/v2\/product_brand?post=3099"},{"taxonomy":"product_cat","embeddable":true,"href":"https:\/\/wiretree.lk\/shop\/wp-json\/wp\/v2\/product_cat?post=3099"},{"taxonomy":"product_tag","embeddable":true,"href":"https:\/\/wiretree.lk\/shop\/wp-json\/wp\/v2\/product_tag?post=3099"}],"curies":[{"name":"wp","href":"https:\/\/api.w.org\/{rel}","templated":true}]}}