{"id":3101,"date":"2023-09-09T16:53:56","date_gmt":"2023-09-09T16:53:56","guid":{"rendered":"https:\/\/wiretree.lk\/shop\/?post_type=product&#038;p=3101"},"modified":"2023-09-09T16:53:58","modified_gmt":"2023-09-09T16:53:58","slug":"ds-2cd1753g0-iz","status":"publish","type":"product","link":"https:\/\/wiretree.lk\/shop\/ds-2cd1753g0-iz\/","title":{"rendered":"DS-2CD1753G0-IZ"},"content":{"rendered":"<section class=\"wpb-content-wrapper\"><p>[vc_row][vc_column][vc_column_text text_larger=&#8221;no&#8221;]<\/p>\n<table width=\"959\">\n<tbody>\n<tr>\n<td width=\"959\">Description<\/td>\n<\/tr>\n<tr>\n<td>Camera<\/td>\n<\/tr>\n<tr>\n<td>Image Sensor1\/2.7\u2033 Progressive Scan CMOS<\/td>\n<\/tr>\n<tr>\n<td>Max. Resolution2560 \u00d7 1920<\/td>\n<\/tr>\n<tr>\n<td>Min. IlluminationColor: 0.005 Lux @ (F1.6, AGC ON), B\/W: 0 Lux with IR<\/td>\n<\/tr>\n<tr>\n<td>Shutter Speed1\/3 s to 1\/100,000 s<\/td>\n<\/tr>\n<tr>\n<td>Day &amp; NightIR cut filter<\/td>\n<\/tr>\n<tr>\n<td>Angle AdjustmentPan: 0\u00b0 to 355\u00b0, tilt: 0\u00b0 to 70\u00b0, rotation: 0\u00b0 to 355\u00b0<\/td>\n<\/tr>\n<tr>\n<td><\/td>\n<\/tr>\n<tr>\n<td>Lens<\/td>\n<\/tr>\n<tr>\n<td>Lens TypeVarifocal lens, motorized lens, 2.8 to 12 mm<\/td>\n<\/tr>\n<tr>\n<td>Focal Length &amp; FOV2.8 to 12 mm: horizontal FOV 96\u00b0 to 29\u00b0, vertical FOV 69\u00b0 to 22\u00b0, diagonal FOV 131\u00b0 to 37\u00b0<\/td>\n<\/tr>\n<tr>\n<td>Lens Mount\u00d814<\/td>\n<\/tr>\n<tr>\n<td>Iris TypeFixed<\/td>\n<\/tr>\n<tr>\n<td>ApertureF1.6<\/td>\n<\/tr>\n<tr>\n<td><\/td>\n<\/tr>\n<tr>\n<td>Illuminator<\/td>\n<\/tr>\n<tr>\n<td>Supplement Light TypeIR<\/td>\n<\/tr>\n<tr>\n<td>Supplement Light RangeUp to 30 m<\/td>\n<\/tr>\n<tr>\n<td>IR Wavelength850 nm<\/td>\n<\/tr>\n<tr>\n<td><\/td>\n<\/tr>\n<tr>\n<td>Video<\/td>\n<\/tr>\n<tr>\n<td>Main Stream<\/td>\n<\/tr>\n<tr>\n<td>50 Hz: 20 fps (2560 \u00d7 1920)<\/td>\n<\/tr>\n<tr>\n<td><\/td>\n<\/tr>\n<tr>\n<td><\/td>\n<\/tr>\n<tr>\n<td>25 fps (2560 \u00d7 1440, 1920 \u00d7 1080, 1280 \u00d7 720)<\/td>\n<\/tr>\n<tr>\n<td><\/td>\n<\/tr>\n<tr>\n<td><\/td>\n<\/tr>\n<tr>\n<td>60 Hz: 20 fps (2560 \u00d7 1920)<\/td>\n<\/tr>\n<tr>\n<td><\/td>\n<\/tr>\n<tr>\n<td><\/td>\n<\/tr>\n<tr>\n<td>30 fps (2560 \u00d7 1440, 1920 \u00d7 1080, 1280 \u00d7 720)<\/td>\n<\/tr>\n<tr>\n<td>Sub-Stream<\/td>\n<\/tr>\n<tr>\n<td>50 Hz: 25 fps (1280 \u00d7 720, 640 \u00d7 480, 640 \u00d7 360)<\/td>\n<\/tr>\n<tr>\n<td><\/td>\n<\/tr>\n<tr>\n<td><\/td>\n<\/tr>\n<tr>\n<td>60 Hz: 30 fps (1280 \u00d7 720, 640 \u00d7 480, 640 \u00d7 360)<\/td>\n<\/tr>\n<tr>\n<td>Video Compression<\/td>\n<\/tr>\n<tr>\n<td>Main stream: H.265 \/H.265\/H.264 \/H.264<\/td>\n<\/tr>\n<tr>\n<td><\/td>\n<\/tr>\n<tr>\n<td><\/td>\n<\/tr>\n<tr>\n<td>Sub-stream: H.265\/H.264\/MJPEG<\/td>\n<\/tr>\n<tr>\n<td>Video Bit Rate32 Kbps to 16 Mbps<\/td>\n<\/tr>\n<tr>\n<td>H.264 TypeBaseline Profile\/Main Profile\/High Profile<\/td>\n<\/tr>\n<tr>\n<td>H.265 TypeMain profile<\/td>\n<\/tr>\n<tr>\n<td>Region Of Interest (ROI)1 fixed region for main stream<\/td>\n<\/tr>\n<tr>\n<td><\/td>\n<\/tr>\n<tr>\n<td>Audio<\/td>\n<\/tr>\n<tr>\n<td>Audio Compression-S: G.711ulaw\/G.711alaw\/G.722.1\/G.726\/MP2L2\/PCM\/AAC<\/td>\n<\/tr>\n<tr>\n<td>Audio Bit Rate-S: 64 Kbps (G.711)\/16 Kbps (G.722.1)\/16 Kbps (G.726)\/32 to 160 Kbps (MP2L2)\/16 to 64 Kbps (AAC)<\/td>\n<\/tr>\n<tr>\n<td>Audio Sampling Rate-S: 8 kHz\/16 kHz<\/td>\n<\/tr>\n<tr>\n<td>Environment Noise Filtering-S: Yes<\/td>\n<\/tr>\n<tr>\n<td><\/td>\n<\/tr>\n<tr>\n<td>Network<\/td>\n<\/tr>\n<tr>\n<td>ProtocolsTCP\/IP, ICMP, HTTP, HTTPS, FTP, DHCP, DNS, DDNS, RTP, RTSP, RTCP, NTP, UPnP\u2122, SMTP, IGMP, 802.1X, QoS, IPv6, Bonjour, IPv4, UDP, SSL\/TLS<\/td>\n<\/tr>\n<tr>\n<td>Simultaneous Live ViewUp to 6 channels<\/td>\n<\/tr>\n<tr>\n<td>APIOpen Network Video Interface, ISAPI<\/td>\n<\/tr>\n<tr>\n<td>User\/Host<\/td>\n<\/tr>\n<tr>\n<td>Up to 32 users. 3 levels: administrator, operator and user<\/td>\n<\/tr>\n<tr>\n<td><\/td>\n<\/tr>\n<tr>\n<td><\/td>\n<\/tr>\n<tr>\n<td>3 user levels: administrator, operator, and user<\/td>\n<\/tr>\n<tr>\n<td>ClientiVMS-4200, Hik-Connect<\/td>\n<\/tr>\n<tr>\n<td>Web Browser<\/td>\n<\/tr>\n<tr>\n<td>Plug-in required live view: IE 10<\/td>\n<\/tr>\n<tr>\n<td><\/td>\n<\/tr>\n<tr>\n<td><\/td>\n<\/tr>\n<tr>\n<td>Plug-in free live view: Chrome 57.0 , Firefox 52.0<\/td>\n<\/tr>\n<tr>\n<td><\/td>\n<\/tr>\n<tr>\n<td><\/td>\n<\/tr>\n<tr>\n<td>Local service: Chrome 57.0 , Firefox 52.0<\/td>\n<\/tr>\n<tr>\n<td><\/td>\n<\/tr>\n<tr>\n<td>Image<\/td>\n<\/tr>\n<tr>\n<td>Image SettingsSaturation, brightness, contrast, sharpness, AGC, white balance adjustable by client software or web browser<\/td>\n<\/tr>\n<tr>\n<td>Day\/Night SwitchAuto, Schedule, Day, Night<\/td>\n<\/tr>\n<tr>\n<td>Wide Dynamic Range (WDR)120 dB<\/td>\n<\/tr>\n<tr>\n<td>Image EnhancementBLC, 3D DNR<\/td>\n<\/tr>\n<tr>\n<td><\/td>\n<\/tr>\n<tr>\n<td>Interface<\/td>\n<\/tr>\n<tr>\n<td>Ethernet Interface1 RJ45 10 M\/100 M self-adaptive Ethernet port<\/td>\n<\/tr>\n<tr>\n<td>On-Board StorageBuilt-in memory card slot, support microSD card, up to 256 GB<\/td>\n<\/tr>\n<tr>\n<td>Audio<\/td>\n<\/tr>\n<tr>\n<td>-S: 1 input (line in), two-core terminal block, max. input amplitude: 3.3 Vpp, input impedance: 4.7 K\u03a9, interface type: non-equilibrium<\/td>\n<\/tr>\n<tr>\n<td><\/td>\n<\/tr>\n<tr>\n<td><\/td>\n<\/tr>\n<tr>\n<td>1 output (line out), two-core terminal block, max. output amplitude: 3.3 Vpp, output impedance: 100 \u03a9, interface type: non-equilibrium<\/td>\n<\/tr>\n<tr>\n<td>Alarm-S: 1 input,1 output (max. 12 VDC, 30 mA)<\/td>\n<\/tr>\n<tr>\n<td>Reset KeyYes<\/td>\n<\/tr>\n<tr>\n<td><\/td>\n<\/tr>\n<tr>\n<td>Event<\/td>\n<\/tr>\n<tr>\n<td>Basic EventMotion detection, video tampering, exception<\/td>\n<\/tr>\n<tr>\n<td>LinkageUpload to FTP, notify surveillance center, send email, upload to memory card, trigger recording, trigger capture<\/td>\n<\/tr>\n<tr>\n<td><\/td>\n<\/tr>\n<tr>\n<td>General<\/td>\n<\/tr>\n<tr>\n<td>Power<\/td>\n<\/tr>\n<tr>\n<td>12 VDC \u00b1 25%, 0.8 A, max. 10 W, \u00d85.5 mm coaxial power plug<\/td>\n<\/tr>\n<tr>\n<td><\/td>\n<\/tr>\n<tr>\n<td><\/td>\n<\/tr>\n<tr>\n<td>PoE: 802.3af, Class 3, 36 V to 57 V, 0.32 A to 0.2 A, max. 11.5 W<\/td>\n<\/tr>\n<tr>\n<td>Dimension\u00d8141 mm \u00d7 99.9 mm (\u00d85.6\u2033 \u00d7 3.9\u2033)<\/td>\n<\/tr>\n<tr>\n<td>Package Dimension140 mm \u00d7 140 mm \u00d7 154 mm (5.5\u2033 \u00d7 5.5\u2033 \u00d7 6.1\u2033)<\/td>\n<\/tr>\n<tr>\n<td>Approx. 825 g (1.8 lb.)<\/td>\n<\/tr>\n<tr>\n<td>With Package WeightApprox. 1080 g (2.6 lb.)<\/td>\n<\/tr>\n<tr>\n<td>Storage Conditions-30 \u00b0C to 60 \u00b0C (-22 \u00b0F to 140 \u00b0F). Humidity 95% or less (non-condensing)<\/td>\n<\/tr>\n<tr>\n<td>Startup And Operating Conditions-30 \u00b0C to 60 \u00b0C (-22 \u00b0F to 140 \u00b0F). Humidity 95% or less (non-condensing)<\/td>\n<\/tr>\n<tr>\n<td>LanguageEnglish, Ukrainian<\/td>\n<\/tr>\n<tr>\n<td>General FunctionAnti-flicker, heartbeat, mirror, password protection, privacy mask, watermark, IP address filter<\/td>\n<\/tr>\n<tr>\n<td><\/td>\n<\/tr>\n<tr>\n<td>Approval<\/td>\n<\/tr>\n<tr>\n<td>EMC<\/td>\n<\/tr>\n<tr>\n<td>FCC SDoC: 47 CFR Part 15, Subpart B;<\/td>\n<\/tr>\n<tr>\n<td><\/td>\n<\/tr>\n<tr>\n<td><\/td>\n<\/tr>\n<tr>\n<td>CE-EMC: EN 55032: 2015, EN 61000-3-2:2019, EN 61000-3-3:2013 A1:2019, EN 50130-4: 2011 A1: 2014;<\/td>\n<\/tr>\n<tr>\n<td><\/td>\n<\/tr>\n<tr>\n<td><\/td>\n<\/tr>\n<tr>\n<td>RCM: AS\/NZS CISPR 32: 2015;<\/td>\n<\/tr>\n<tr>\n<td><\/td>\n<\/tr>\n<tr>\n<td><\/td>\n<\/tr>\n<tr>\n<td>IC VoC: ICES-003: Issue 7;<\/td>\n<\/tr>\n<tr>\n<td><\/td>\n<\/tr>\n<tr>\n<td><\/td>\n<\/tr>\n<tr>\n<td>KC: KN 32: 2015, KN 35: 2015<\/td>\n<\/tr>\n<tr>\n<td>Safety<\/td>\n<\/tr>\n<tr>\n<td>UL: UL 62368-1;<\/td>\n<\/tr>\n<tr>\n<td><\/td>\n<\/tr>\n<tr>\n<td><\/td>\n<\/tr>\n<tr>\n<td>CB: IEC 62368-1:2014 A11;<\/td>\n<\/tr>\n<tr>\n<td><\/td>\n<\/tr>\n<tr>\n<td><\/td>\n<\/tr>\n<tr>\n<td>CE-LVD: EN 62368-1:2014\/A11:2017;<\/td>\n<\/tr>\n<tr>\n<td><\/td>\n<\/tr>\n<tr>\n<td><\/td>\n<\/tr>\n<tr>\n<td>BIS: IS 13252(Part 1):2010\/ IEC 60950-1: 2005<\/td>\n<\/tr>\n<tr>\n<td>Environment<\/td>\n<\/tr>\n<tr>\n<td>CE-RoHS: 2011\/65\/EU;<\/td>\n<\/tr>\n<tr>\n<td><\/td>\n<\/tr>\n<tr>\n<td><\/td>\n<\/tr>\n<tr>\n<td>WEEE: 2012\/19\/EU;<\/td>\n<\/tr>\n<tr>\n<td><\/td>\n<\/tr>\n<tr>\n<td><\/td>\n<\/tr>\n<tr>\n<td>Reach: Regulation (EC) No 1907\/2006<\/td>\n<\/tr>\n<tr>\n<td>ProtectionIP67: IEC 60529-2013, IK10: IEC 62262:2002<\/td>\n<\/tr>\n<\/tbody>\n<\/table>\n<p>[\/vc_column_text][\/vc_column][\/vc_row]<\/p>\n<\/section>","protected":false},"excerpt":{"rendered":"<table width=\"474\">\n<tbody>\n<tr>\n<td width=\"474\"><strong>5 MP Varifocal Dome Network Camera<\/strong><\/td>\n<\/tr>\n<tr>\n<td><\/td>\n<\/tr>\n<tr>\n<td>High quality imaging with 5 MP resolution<\/td>\n<\/tr>\n<tr>\n<td>Efficient H.265 compression technology<\/td>\n<\/tr>\n<tr>\n<td>Clear imaging even with strong back lighting due to 120 dB WDR<\/td>\n<\/tr>\n<tr>\n<td>Up to 256 GB memory card slot for storage<\/td>\n<\/tr>\n<tr>\n<td>2.8 to 12 mm motorized varifocal lens for easy installation and monitoring<\/td>\n<\/tr>\n<tr>\n<td>Water and dust resistant (IP67) and vandal proof (IK10)<\/td>\n<\/tr>\n<tr>\n<td>EXIR 2.0: advanced infrared technology with long IR range<\/td>\n<\/tr>\n<\/tbody>\n<\/table>\n","protected":false},"featured_media":3102,"comment_status":"open","ping_status":"closed","template":"","meta":[],"product_brand":[],"product_cat":[15],"product_tag":[],"class_list":{"0":"post-3101","1":"product","2":"type-product","3":"status-publish","4":"has-post-thumbnail","6":"product_cat-ip-camera","8":"first","9":"instock","10":"shipping-taxable","11":"purchasable","12":"product-type-simple"},"_links":{"self":[{"href":"https:\/\/wiretree.lk\/shop\/wp-json\/wp\/v2\/product\/3101","targetHints":{"allow":["GET"]}}],"collection":[{"href":"https:\/\/wiretree.lk\/shop\/wp-json\/wp\/v2\/product"}],"about":[{"href":"https:\/\/wiretree.lk\/shop\/wp-json\/wp\/v2\/types\/product"}],"replies":[{"embeddable":true,"href":"https:\/\/wiretree.lk\/shop\/wp-json\/wp\/v2\/comments?post=3101"}],"wp:featuredmedia":[{"embeddable":true,"href":"https:\/\/wiretree.lk\/shop\/wp-json\/wp\/v2\/media\/3102"}],"wp:attachment":[{"href":"https:\/\/wiretree.lk\/shop\/wp-json\/wp\/v2\/media?parent=3101"}],"wp:term":[{"taxonomy":"product_brand","embeddable":true,"href":"https:\/\/wiretree.lk\/shop\/wp-json\/wp\/v2\/product_brand?post=3101"},{"taxonomy":"product_cat","embeddable":true,"href":"https:\/\/wiretree.lk\/shop\/wp-json\/wp\/v2\/product_cat?post=3101"},{"taxonomy":"product_tag","embeddable":true,"href":"https:\/\/wiretree.lk\/shop\/wp-json\/wp\/v2\/product_tag?post=3101"}],"curies":[{"name":"wp","href":"https:\/\/api.w.org\/{rel}","templated":true}]}}