{"id":3111,"date":"2023-09-09T17:26:09","date_gmt":"2023-09-09T17:26:09","guid":{"rendered":"https:\/\/wiretree.lk\/shop\/?post_type=product&#038;p=3111"},"modified":"2023-09-09T17:26:12","modified_gmt":"2023-09-09T17:26:12","slug":"ds-2cd2026g2-iu-sl","status":"publish","type":"product","link":"https:\/\/wiretree.lk\/shop\/ds-2cd2026g2-iu-sl\/","title":{"rendered":"DS-2CD2026G2-IU\/SL"},"content":{"rendered":"<section class=\"wpb-content-wrapper\"><p>[vc_row][vc_column][vc_column_text text_larger=&#8221;no&#8221;]<\/p>\n<table width=\"1501\">\n<tbody>\n<tr>\n<td width=\"1501\">Description<\/td>\n<\/tr>\n<tr>\n<td>Camera<\/td>\n<\/tr>\n<tr>\n<td>Image Sensor1\/2.8\u2033 Progressive Scan CMOS<\/td>\n<\/tr>\n<tr>\n<td>Max. Resolution1920 \u00d7 1080<\/td>\n<\/tr>\n<tr>\n<td>Min. IlluminationColor: 0.002 Lux @ (F1.4, AGC ON), B\/W: 0 Lux with IR<\/td>\n<\/tr>\n<tr>\n<td>Shutter Time1\/3 s to 1\/100,000 s<\/td>\n<\/tr>\n<tr>\n<td>Day &amp; NightIR cut filter<\/td>\n<\/tr>\n<tr>\n<td>Angle AdjustmentPan: 0\u00b0 to 360\u00b0, tilt: 0\u00b0 to 90\u00b0, rotate: 0\u00b0 to 360\u00b0<\/td>\n<\/tr>\n<tr>\n<td><\/td>\n<\/tr>\n<tr>\n<td>Lens<\/td>\n<\/tr>\n<tr>\n<td>Lens TypeFixed focal lens, 2.8, 4, and 6 mm optional<\/td>\n<\/tr>\n<tr>\n<td>Focal Length &amp; FOV<\/td>\n<\/tr>\n<tr>\n<td>2.8 mm, horizontal FOV: 107\u00b0, vertical FOV: 57\u00b0, diagonal FOV: 129\u00b0<\/td>\n<\/tr>\n<tr>\n<td><\/td>\n<\/tr>\n<tr>\n<td>4 mm, horizontal FOV: 86\u00b0, vertical FOV: 47\u00b0, diagonal FOV: 102\u00b0<\/td>\n<\/tr>\n<tr>\n<td><\/td>\n<\/tr>\n<tr>\n<td>6 mm, horizontal FOV: 55\u00b0, vertical FOV: 29\u00b0, diagonal FOV: 65\u00b0<\/td>\n<\/tr>\n<tr>\n<td>Lens MountM12<\/td>\n<\/tr>\n<tr>\n<td>Iris TypeFixed<\/td>\n<\/tr>\n<tr>\n<td>ApertureF1.4<\/td>\n<\/tr>\n<tr>\n<td><\/td>\n<\/tr>\n<tr>\n<td>DORI<\/td>\n<\/tr>\n<tr>\n<td>DORI<\/td>\n<\/tr>\n<tr>\n<td>2.8 mm: D: 44.3 m, O: 17.6 m, R: 8.9 m, I: 4.4 m<\/td>\n<\/tr>\n<tr>\n<td><\/td>\n<\/tr>\n<tr>\n<td>4 mm: D: 53.4 m, O: 21.2 m, R: 10.7 m, I: 5.3 m<\/td>\n<\/tr>\n<tr>\n<td><\/td>\n<\/tr>\n<tr>\n<td>6 mm: D: 86.9 m, O: 34.5 m, R: 17.4 m, I: 8.7 m<\/td>\n<\/tr>\n<tr>\n<td><\/td>\n<\/tr>\n<tr>\n<td>Illuminator<\/td>\n<\/tr>\n<tr>\n<td>Supplement Light TypeIR<\/td>\n<\/tr>\n<tr>\n<td>Supplement Light RangeUp to 40 m<\/td>\n<\/tr>\n<tr>\n<td>Smart Supplement LightYes<\/td>\n<\/tr>\n<tr>\n<td>IR Wavelength850 nm<\/td>\n<\/tr>\n<tr>\n<td><\/td>\n<\/tr>\n<tr>\n<td>Video<\/td>\n<\/tr>\n<tr>\n<td>Main Stream<\/td>\n<\/tr>\n<tr>\n<td>50 Hz: 25 fps (1920 \u00d7 1080, 1280 \u00d7 720)<\/td>\n<\/tr>\n<tr>\n<td><\/td>\n<\/tr>\n<tr>\n<td>60 Hz: 30 fps (1920 \u00d7 1080, 1280 \u00d7 720)<\/td>\n<\/tr>\n<tr>\n<td>Sub-Stream<\/td>\n<\/tr>\n<tr>\n<td>50 Hz: 25 fps (640 \u00d7 480, 640 \u00d7 360)<\/td>\n<\/tr>\n<tr>\n<td><\/td>\n<\/tr>\n<tr>\n<td>60 Hz: 30 fps (640 \u00d7 480, 640 \u00d7 360)<\/td>\n<\/tr>\n<tr>\n<td>Third Stream<\/td>\n<\/tr>\n<tr>\n<td>50 Hz: 10 fps (1920 \u00d7 1080, 1280 \u00d7 720, 640 \u00d7 480, 640 \u00d7 360)<\/td>\n<\/tr>\n<tr>\n<td><\/td>\n<\/tr>\n<tr>\n<td>60 Hz: 10 fps (1920 \u00d7 1080, 1280 \u00d7 720, 640 \u00d7 480, 640 \u00d7 360)<\/td>\n<\/tr>\n<tr>\n<td><\/td>\n<\/tr>\n<tr>\n<td>*Third stream is supported under certain settings.<\/td>\n<\/tr>\n<tr>\n<td>Video Compression<\/td>\n<\/tr>\n<tr>\n<td>Main stream: H.265\/H.264\/H.265 \/H.264<\/td>\n<\/tr>\n<tr>\n<td><\/td>\n<\/tr>\n<tr>\n<td>Sub-stream: H.265\/H.264\/MJPEG<\/td>\n<\/tr>\n<tr>\n<td><\/td>\n<\/tr>\n<tr>\n<td>Third stream: H.265\/H.264<\/td>\n<\/tr>\n<tr>\n<td><\/td>\n<\/tr>\n<tr>\n<td>*Third stream is supported under certain settings.<\/td>\n<\/tr>\n<tr>\n<td>Video Bit Rate32 Kbps to 8 Mbps<\/td>\n<\/tr>\n<tr>\n<td>H.264 TypeBaseline Profile\/Main Profile\/High Profile<\/td>\n<\/tr>\n<tr>\n<td>H.265 TypeMain Profile<\/td>\n<\/tr>\n<tr>\n<td>Bit Rate ControlCBR\/VBR<\/td>\n<\/tr>\n<tr>\n<td>Scalable Video Coding (SVC)H.265 and H.264 encoding<\/td>\n<\/tr>\n<tr>\n<td>Region Of Interest (ROI)1 fixed region for main stream and sub-stream<\/td>\n<\/tr>\n<tr>\n<td><\/td>\n<\/tr>\n<tr>\n<td>Audio<\/td>\n<\/tr>\n<tr>\n<td>Audio CompressionG.711ulaw\/G.711alaw\/G.722.1\/G.726\/MP2L2\/PCM\/MP3\/AAC<\/td>\n<\/tr>\n<tr>\n<td>Audio Bit Rate64 Kbps (G.711ulaw\/G.711alaw)\/16 Kbps (G.722.1)\/16 Kbps (G.726)\/32 to 192 Kbps (MP2L2)\/8 to 320 Kbps (MP3)\/16 to 64 Kbps (AAC)<\/td>\n<\/tr>\n<tr>\n<td>Audio Sampling Rate8 kHz\/16 kHz\/32 kHz\/44.1 kHz\/48 kHz<\/td>\n<\/tr>\n<tr>\n<td>Environment Noise FilteringYes<\/td>\n<\/tr>\n<tr>\n<td><\/td>\n<\/tr>\n<tr>\n<td>Network<\/td>\n<\/tr>\n<tr>\n<td>ProtocolsTCP\/IP, ICMP, HTTP, HTTPS, FTP, DHCP, DNS, DDNS, RTP, RTSP, NTP, UPnP, SMTP, IGMP, 802.1X, QoS, IPv4, IPv6, UDP, Bonjour, SSL\/TLS, PPPoE, SNMP<\/td>\n<\/tr>\n<tr>\n<td>Simultaneous Live ViewUp to 6 channels<\/td>\n<\/tr>\n<tr>\n<td>APIOpen Network Video Interface (PROFILE S, PROFILE G, PROFILE T), ISAPI, SDK<\/td>\n<\/tr>\n<tr>\n<td>Smooth StreamingYes<\/td>\n<\/tr>\n<tr>\n<td>User\/HostUp to 32 users. 3 user levels: administrator, operator and user<\/td>\n<\/tr>\n<tr>\n<td>SecurityPassword protection, complicated password, HTTPS encryption, IP address filter, Security Audit Log, basic and digest authentication for HTTP\/HTTPS, TLS 1.1\/1.2, WSSE and digest authentication for Open Network Video Interface<\/td>\n<\/tr>\n<tr>\n<td>Network Storage<\/td>\n<\/tr>\n<tr>\n<td>NAS (NFS, SMB\/CIFS), auto network replenishment (ANR)<\/td>\n<\/tr>\n<tr>\n<td><\/td>\n<\/tr>\n<tr>\n<td>Together with high-end Hikvision memory card, memory card encryption and health detection are supported.<\/td>\n<\/tr>\n<tr>\n<td>ClientiVMS-4200, Hik-Connect, Hik-Central<\/td>\n<\/tr>\n<tr>\n<td>Web Browser<\/td>\n<\/tr>\n<tr>\n<td>Plug-in required live view: IE 10<\/td>\n<\/tr>\n<tr>\n<td><\/td>\n<\/tr>\n<tr>\n<td>Plug-in free live view: Chrome 57.0 , Firefox 52.0<\/td>\n<\/tr>\n<tr>\n<td><\/td>\n<\/tr>\n<tr>\n<td>Local service: Chrome 57.0 , Firefox 52.0<\/td>\n<\/tr>\n<tr>\n<td><\/td>\n<\/tr>\n<tr>\n<td>Image<\/td>\n<\/tr>\n<tr>\n<td>Image Parameters SwitchYes<\/td>\n<\/tr>\n<tr>\n<td>Image SettingsRotate mode, saturation, brightness, contrast, sharpness, gain, white balance adjustable by client software or web browser<\/td>\n<\/tr>\n<tr>\n<td>Day\/Night SwitchDay, Night, Auto, Schedule<\/td>\n<\/tr>\n<tr>\n<td>Wide Dynamic Range (WDR)120 dB<\/td>\n<\/tr>\n<tr>\n<td>SNR\u2265 52 dB<\/td>\n<\/tr>\n<tr>\n<td>Image EnhancementBLC, HLC, 3D DNR<\/td>\n<\/tr>\n<tr>\n<td><\/td>\n<\/tr>\n<tr>\n<td>Interface<\/td>\n<\/tr>\n<tr>\n<td>Ethernet Interface1 RJ45 10 M\/100 M self-adaptive Ethernet port<\/td>\n<\/tr>\n<tr>\n<td>On-Board StorageBuilt-in memory card slot, support microSD card, up to 256 GB<\/td>\n<\/tr>\n<tr>\n<td>Built-In MicrophoneYes<\/td>\n<\/tr>\n<tr>\n<td>Built-In SpeakerPower: 1.2 W. Max. sound pressure level: 10 cm: 95 dB.<\/td>\n<\/tr>\n<tr>\n<td>Reset KeyYes<\/td>\n<\/tr>\n<tr>\n<td><\/td>\n<\/tr>\n<tr>\n<td>Event<\/td>\n<\/tr>\n<tr>\n<td>Basic EventMotion detection (human and vehicle targets classification), video tampering alarm, exception<\/td>\n<\/tr>\n<tr>\n<td>Smart Event<\/td>\n<\/tr>\n<tr>\n<td>Line crossing detection, intrusion detection, region entrance detection, region exiting detection (support alarm triggering by specified target types (human and vehicle))<\/td>\n<\/tr>\n<tr>\n<td><\/td>\n<\/tr>\n<tr>\n<td>Scene change detection<\/td>\n<\/tr>\n<tr>\n<td>LinkageUpload to NAS\/memory card\/FTP, notify surveillance center, trigger recording, trigger capture, strobe light, audible warning, send email<\/td>\n<\/tr>\n<tr>\n<td><\/td>\n<\/tr>\n<tr>\n<td>Deep Learning Function<\/td>\n<\/tr>\n<tr>\n<td>Face CaptureYes<\/td>\n<\/tr>\n<tr>\n<td><\/td>\n<\/tr>\n<tr>\n<td>General<\/td>\n<\/tr>\n<tr>\n<td>Power<\/td>\n<\/tr>\n<tr>\n<td>12 VDC \u00b1 25%, 0.54 A, max. 6.5 W, \u00d85.5 mm coaxial power plug, reverse polarity protection<\/td>\n<\/tr>\n<tr>\n<td><\/td>\n<\/tr>\n<tr>\n<td>PoE: 802.3af, Class 3, 36 V to 57 V, 0.3 A to 0.2 A, max. 8.0 W<\/td>\n<\/tr>\n<tr>\n<td>Dimension72.9 mm \u00d7 73.3 mm \u00d7 191.1 mm (2.9\u2033 \u00d7 2.9\u2033 \u00d7 7.5\u2033)<\/td>\n<\/tr>\n<tr>\n<td>Package Dimension234 mm \u00d7 120 mm \u00d7 117 mm (9.2\u2033 \u00d7 4.7\u2033 \u00d7 4.6\u2033)<\/td>\n<\/tr>\n<tr>\n<td>Approx. 580 g (1.3 lb.)<\/td>\n<\/tr>\n<tr>\n<td>With Package WeightApprox. 800 g (1.8 lb.)<\/td>\n<\/tr>\n<tr>\n<td>Storage Conditions-30 \u00b0C to 60 \u00b0C (-22 \u00b0F to 140 \u00b0F). Humidity 95% or less (non-condensing)<\/td>\n<\/tr>\n<tr>\n<td>Startup And Operating Conditions-30 \u00b0C to 60 \u00b0C (-22 \u00b0F to 140 \u00b0F). Humidity 95% or less (non-condensing)<\/td>\n<\/tr>\n<\/tbody>\n<\/table>\n<p>[\/vc_column_text][\/vc_column][\/vc_row]<\/p>\n<\/section>","protected":false},"excerpt":{"rendered":"<table width=\"541\">\n<tbody>\n<tr>\n<td width=\"541\"><strong>2 MP AcuSense Strobe Light and Audible Warning Fixed Mini Bullet Network Camera<\/strong><\/td>\n<\/tr>\n<tr>\n<td><\/td>\n<\/tr>\n<tr>\n<td>High quality imaging with 2 MP resolution<\/td>\n<\/tr>\n<tr>\n<td>Excellent low-light performance with powered-by-DarkFighter technology<\/td>\n<\/tr>\n<tr>\n<td>Efficient H.265 compression technology<\/td>\n<\/tr>\n<tr>\n<td>Clear imaging against strong back light due to 120 dB true WDR technology<\/td>\n<\/tr>\n<tr>\n<td>Focus on human and vehicle classification based on deep learning<\/td>\n<\/tr>\n<tr>\n<td>Active strobe light and audio alarm to warn intruders off<\/td>\n<\/tr>\n<tr>\n<td>Provides real-time security via built-in two-way audio<\/td>\n<\/tr>\n<tr>\n<td>Water and dust resistant (IP67)<\/td>\n<\/tr>\n<\/tbody>\n<\/table>\n","protected":false},"featured_media":3112,"comment_status":"open","ping_status":"closed","template":"","meta":[],"product_brand":[],"product_cat":[15],"product_tag":[],"class_list":{"0":"post-3111","1":"product","2":"type-product","3":"status-publish","4":"has-post-thumbnail","6":"product_cat-ip-camera","8":"first","9":"instock","10":"shipping-taxable","11":"purchasable","12":"product-type-simple"},"_links":{"self":[{"href":"https:\/\/wiretree.lk\/shop\/wp-json\/wp\/v2\/product\/3111","targetHints":{"allow":["GET"]}}],"collection":[{"href":"https:\/\/wiretree.lk\/shop\/wp-json\/wp\/v2\/product"}],"about":[{"href":"https:\/\/wiretree.lk\/shop\/wp-json\/wp\/v2\/types\/product"}],"replies":[{"embeddable":true,"href":"https:\/\/wiretree.lk\/shop\/wp-json\/wp\/v2\/comments?post=3111"}],"wp:featuredmedia":[{"embeddable":true,"href":"https:\/\/wiretree.lk\/shop\/wp-json\/wp\/v2\/media\/3112"}],"wp:attachment":[{"href":"https:\/\/wiretree.lk\/shop\/wp-json\/wp\/v2\/media?parent=3111"}],"wp:term":[{"taxonomy":"product_brand","embeddable":true,"href":"https:\/\/wiretree.lk\/shop\/wp-json\/wp\/v2\/product_brand?post=3111"},{"taxonomy":"product_cat","embeddable":true,"href":"https:\/\/wiretree.lk\/shop\/wp-json\/wp\/v2\/product_cat?post=3111"},{"taxonomy":"product_tag","embeddable":true,"href":"https:\/\/wiretree.lk\/shop\/wp-json\/wp\/v2\/product_tag?post=3111"}],"curies":[{"name":"wp","href":"https:\/\/api.w.org\/{rel}","templated":true}]}}