{"id":3133,"date":"2023-09-10T17:19:09","date_gmt":"2023-09-10T17:19:09","guid":{"rendered":"https:\/\/wiretree.lk\/shop\/?post_type=product&#038;p=3133"},"modified":"2023-09-10T17:19:12","modified_gmt":"2023-09-10T17:19:12","slug":"ds-2cd2021g1-i","status":"publish","type":"product","link":"https:\/\/wiretree.lk\/shop\/ds-2cd2021g1-i\/","title":{"rendered":"DS-2CD2021G1-I"},"content":{"rendered":"<section class=\"wpb-content-wrapper\"><p>[vc_row][vc_column][vc_column_text text_larger=&#8221;no&#8221;]<\/p>\n<table width=\"871\">\n<tbody>\n<tr>\n<td width=\"871\">Camera<\/td>\n<\/tr>\n<tr>\n<td>Image Sensor1\/2.7&#8243; Progressive Scan CMOS<\/td>\n<\/tr>\n<tr>\n<td>Max. Resolution1920 \u00d7 1080<\/td>\n<\/tr>\n<tr>\n<td>Min. IlluminationColor: 0.005 Lux @ (F1.6, AGC ON), B\/W: 0 Lux with IR<\/td>\n<\/tr>\n<tr>\n<td>Shutter Time1\/3 s to 1\/100,000 s<\/td>\n<\/tr>\n<tr>\n<td>Day &amp; NightIR Cut Filter<\/td>\n<\/tr>\n<tr>\n<td>Angle AdjustmentPan: 0\u00b0 to 360\u00b0, tilt: 0\u00b0 to 90\u00b0, rotate: 0\u00b0 to 360\u00b0<\/td>\n<\/tr>\n<tr>\n<td>Lens<\/td>\n<\/tr>\n<tr>\n<td>FocusFixed<\/td>\n<\/tr>\n<tr>\n<td>Focal Length &amp; FOV<\/td>\n<\/tr>\n<tr>\n<td>2.8 mm: horizontal FOV 111.6\u00b0, vertical FOV 59.1\u00b0, diagonal FOV 133.9\u00b0<\/td>\n<\/tr>\n<tr>\n<td><\/td>\n<\/tr>\n<tr>\n<td>4 mm: horizontal FOV 91.5\u00b0, vertical FOV 46.1\u00b0, diagonal FOV 109.8\u00b0<\/td>\n<\/tr>\n<tr>\n<td><\/td>\n<\/tr>\n<tr>\n<td>6 mm: horizontal FOV 56\u00b0, vertical FOV 29.8\u00b0, diagonal FOV 65.3\u00b0<\/td>\n<\/tr>\n<tr>\n<td>Lens MountM12<\/td>\n<\/tr>\n<tr>\n<td>ApertureF1.6<\/td>\n<\/tr>\n<tr>\n<td>Illuminator<\/td>\n<\/tr>\n<tr>\n<td>Supplement Light TypeIR<\/td>\n<\/tr>\n<tr>\n<td>Supplement Light RangeUp to 30 m<\/td>\n<\/tr>\n<tr>\n<td>IR Wavelength850 nm<\/td>\n<\/tr>\n<tr>\n<td>Video<\/td>\n<\/tr>\n<tr>\n<td>Main Stream<\/td>\n<\/tr>\n<tr>\n<td>50 Hz: 25 fps (1920 \u00d7 1080, 1280 \u00d7 720)<\/td>\n<\/tr>\n<tr>\n<td><\/td>\n<\/tr>\n<tr>\n<td>60 Hz: 30 fps (1920 \u00d7 1080, 1280 \u00d7 720)<\/td>\n<\/tr>\n<tr>\n<td><\/td>\n<\/tr>\n<tr>\n<td>Sub-Stream<\/td>\n<\/tr>\n<tr>\n<td>50Hz: 25 fps (640 \u00d7 480, 640 \u00d7 360)<\/td>\n<\/tr>\n<tr>\n<td><\/td>\n<\/tr>\n<tr>\n<td>60Hz: 30 fps (640 \u00d7 480, 640 \u00d7 360)<\/td>\n<\/tr>\n<tr>\n<td><\/td>\n<\/tr>\n<tr>\n<td>Video Compression<\/td>\n<\/tr>\n<tr>\n<td>Main stream: H.265+\/H.265\/H.264+\/H.264<\/td>\n<\/tr>\n<tr>\n<td><\/td>\n<\/tr>\n<tr>\n<td>Sub-stream: H.265\/H.264\/MJPEG<\/td>\n<\/tr>\n<tr>\n<td><\/td>\n<\/tr>\n<tr>\n<td>Video Bit Rate32 Kbps to 8 Mbps<\/td>\n<\/tr>\n<tr>\n<td>H.264 TypeBaseline Profile\/Main Profile\/High Profile<\/td>\n<\/tr>\n<tr>\n<td>H.265 TypeMain Profile<\/td>\n<\/tr>\n<tr>\n<td>Region Of Interest (ROI)Support 1 fixed region for main stream<\/td>\n<\/tr>\n<tr>\n<td>Network<\/td>\n<\/tr>\n<tr>\n<td>Simultaneous Live ViewUp to 6 channels<\/td>\n<\/tr>\n<tr>\n<td>APIOpen Network Video Interface, ISAPI<\/td>\n<\/tr>\n<tr>\n<td>User\/HostUp to 32 users. 3 levels: administrator, operator and user<\/td>\n<\/tr>\n<tr>\n<td>Network StorageSupport Micro SD\/SDHC\/SDXC card (256 GB), local storage and NAS (NFS, SMB\/CIFS), ANR<\/td>\n<\/tr>\n<tr>\n<td>ClientiVMS-4200, Hik-Connect, Hik-Central<\/td>\n<\/tr>\n<tr>\n<td>Web Browser<\/td>\n<\/tr>\n<tr>\n<td>Plug-in required live view: IE 10+<\/td>\n<\/tr>\n<tr>\n<td><\/td>\n<\/tr>\n<tr>\n<td>Plug-in free live view: Chrome 57.0+, Firefox 52.0+<\/td>\n<\/tr>\n<tr>\n<td><\/td>\n<\/tr>\n<tr>\n<td>Local service: Chrome 57.0+, Firefox 52.0+<\/td>\n<\/tr>\n<tr>\n<td><\/td>\n<\/tr>\n<tr>\n<td>Image<\/td>\n<\/tr>\n<tr>\n<td>Image SettingsRotate mode, saturation, brightness, contrast, sharpness and white balance adjustable by client software or web browser<\/td>\n<\/tr>\n<tr>\n<td>Day\/Night SwitchDay, Night, Auto, Schedule<\/td>\n<\/tr>\n<tr>\n<td>Image EnhancementBLC, 3D DNR<\/td>\n<\/tr>\n<tr>\n<td>Wide Dynamic Range (WDR)120 dB<\/td>\n<\/tr>\n<tr>\n<td>Interface<\/td>\n<\/tr>\n<tr>\n<td>Ethernet Interface1 RJ45 10 M\/100 M self-adaptive Ethernet port<\/td>\n<\/tr>\n<tr>\n<td>On-Board StorageBuilt-in Micro SD slot, up to 256 GB<\/td>\n<\/tr>\n<tr>\n<td>Reset Key<\/td>\n<\/tr>\n<tr>\n<td>Yes<\/td>\n<\/tr>\n<tr>\n<td><\/td>\n<\/tr>\n<tr>\n<td>Event<\/td>\n<\/tr>\n<tr>\n<td>Smart EventLine crossing detection, intrusion detection<\/td>\n<\/tr>\n<tr>\n<td>LinkageUpload to FTP\/NAS\/memory card, notify surveillance center, send email, trigger recording, trigger capture<\/td>\n<\/tr>\n<tr>\n<td>General<\/td>\n<\/tr>\n<tr>\n<td>Power<\/td>\n<\/tr>\n<tr>\n<td>12 VDC \u00b1 25%, 0.4 A, max. 5 W, \u00d85.5 mm coaxial power plug<\/td>\n<\/tr>\n<tr>\n<td><\/td>\n<\/tr>\n<tr>\n<td>PoE: 802.3af, Class 3, 36 to 57 V, 0.2 A to 0.15 A, max. 6.5 W<\/td>\n<\/tr>\n<tr>\n<td><\/td>\n<\/tr>\n<tr>\n<td>MaterialMetal, Plastic<\/td>\n<\/tr>\n<tr>\n<td>Dimension69.7 mm \u00d7 67.9 mm \u00d7 171.4 mm (2.7&#8243; \u00d7 2.7&#8243; \u00d7 6.7&#8243;)<\/td>\n<\/tr>\n<tr>\n<td>Package Dimension216 mm \u00d7 121 mm \u00d7 118 mm (8.5&#8243; \u00d7 4.8&#8243; \u00d7 4.7)<\/td>\n<\/tr>\n<tr>\n<td>WeightApprox. 350 g (0.8 lb.)<\/td>\n<\/tr>\n<tr>\n<td>With Package WeightApprox. 450 g (1.0 lb.)<\/td>\n<\/tr>\n<tr>\n<td>Storage Conditions-30 \u00b0C to 60 \u00b0C (-22 \u00b0F to 140 \u00b0F). Humidity: 95% or less (non-condensing)<\/td>\n<\/tr>\n<tr>\n<td>Startup And Operating Conditions-30 \u00b0C to 60 \u00b0C (-22 \u00b0F to 140 \u00b0F). Humidity: 95% or less (non-condensing)<\/td>\n<\/tr>\n<\/tbody>\n<\/table>\n<p>[\/vc_column_text][\/vc_column][\/vc_row]<\/p>\n<\/section>","protected":false},"excerpt":{"rendered":"<p>1\/2.8\u2033 Progressive Scan CMOS 1920 \u00d7 1080@30fps 4\/6 mm fixed lens Color: 0.01 Lux @ (F1.2, AGC ON), 0.028Lux @(F2.0, AGC ON) H.265 , H.265, H.264 , H.264 Digital WDR 2 Behavior analyses BLC\/3D DNR\/ROI IP67 Built-in micro SD\/SDHC\/SDXC card slot, up to 128 GB<\/p>\n","protected":false},"featured_media":3134,"comment_status":"open","ping_status":"closed","template":"","meta":[],"product_brand":[],"product_cat":[15],"product_tag":[],"class_list":{"0":"post-3133","1":"product","2":"type-product","3":"status-publish","4":"has-post-thumbnail","6":"product_cat-ip-camera","8":"first","9":"instock","10":"shipping-taxable","11":"purchasable","12":"product-type-simple"},"_links":{"self":[{"href":"https:\/\/wiretree.lk\/shop\/wp-json\/wp\/v2\/product\/3133","targetHints":{"allow":["GET"]}}],"collection":[{"href":"https:\/\/wiretree.lk\/shop\/wp-json\/wp\/v2\/product"}],"about":[{"href":"https:\/\/wiretree.lk\/shop\/wp-json\/wp\/v2\/types\/product"}],"replies":[{"embeddable":true,"href":"https:\/\/wiretree.lk\/shop\/wp-json\/wp\/v2\/comments?post=3133"}],"wp:featuredmedia":[{"embeddable":true,"href":"https:\/\/wiretree.lk\/shop\/wp-json\/wp\/v2\/media\/3134"}],"wp:attachment":[{"href":"https:\/\/wiretree.lk\/shop\/wp-json\/wp\/v2\/media?parent=3133"}],"wp:term":[{"taxonomy":"product_brand","embeddable":true,"href":"https:\/\/wiretree.lk\/shop\/wp-json\/wp\/v2\/product_brand?post=3133"},{"taxonomy":"product_cat","embeddable":true,"href":"https:\/\/wiretree.lk\/shop\/wp-json\/wp\/v2\/product_cat?post=3133"},{"taxonomy":"product_tag","embeddable":true,"href":"https:\/\/wiretree.lk\/shop\/wp-json\/wp\/v2\/product_tag?post=3133"}],"curies":[{"name":"wp","href":"https:\/\/api.w.org\/{rel}","templated":true}]}}