{"id":3189,"date":"2023-09-16T16:25:06","date_gmt":"2023-09-16T16:25:06","guid":{"rendered":"https:\/\/wiretree.lk\/shop\/?post_type=product&#038;p=3189"},"modified":"2023-09-16T16:25:08","modified_gmt":"2023-09-16T16:25:08","slug":"ds-7604ni-q1-4p","status":"publish","type":"product","link":"https:\/\/wiretree.lk\/shop\/ds-7604ni-q1-4p\/","title":{"rendered":"DS-7604NI-Q1\/4P"},"content":{"rendered":"<section class=\"wpb-content-wrapper\"><p>[vc_row][vc_column][vc_column_text text_larger=&#8221;no&#8221;]<\/p>\n<table width=\"1022\">\n<tbody>\n<tr>\n<td width=\"1022\"><strong>Description<\/strong><\/td>\n<\/tr>\n<tr>\n<td>Video and Audio<\/td>\n<\/tr>\n<tr>\n<td>IP Video Input4-ch<\/td>\n<\/tr>\n<tr>\n<td>HDMI Output1-ch, 4K (4096 x 2160)\/30 Hz, 4K (3840 x 2160)\/30 Hz, 2K (2560 x 1440)\/60 Hz, 1920 x 1080\/60 Hz, 1600 x 1200\/60 Hz, 1280 x 1024\/60 Hz, 1280 x 720\/60 Hz<\/td>\n<\/tr>\n<tr>\n<td>VGA Output1-ch, 1920 \u00d7 1080\/60 Hz, 1280 \u00d7 1024\/60 Hz, 1280 \u00d7 720\/60 Hz<\/td>\n<\/tr>\n<tr>\n<td>Video Output ModeHDMI\/VGA simultaneous output<\/td>\n<\/tr>\n<tr>\n<td>Incoming Bandwidth40 Mbps<\/td>\n<\/tr>\n<tr>\n<td>Outgoing Bandwidth80 Mbps<\/td>\n<\/tr>\n<tr>\n<td>Audio Output1-ch, RCA (Linear, 1 K\u03a9)<\/td>\n<\/tr>\n<tr>\n<td>Two-Way Audio1-ch, RCA (2.0 Vp-p, 1 k \u03a9)<\/td>\n<\/tr>\n<tr>\n<td><\/td>\n<\/tr>\n<tr>\n<td>Decoding<\/td>\n<\/tr>\n<tr>\n<td>Decoding FormatH.265 ,H.265,H.264 ,H.264<\/td>\n<\/tr>\n<tr>\n<td>Decoding Capability1-ch@8 MP (30 fps)\/5-ch@1080p (30 fps)<\/td>\n<\/tr>\n<tr>\n<td>Synchronous playback4-ch<\/td>\n<\/tr>\n<tr>\n<td>Recording Resolution8 MP\/6 MP\/5 MP\/4 MP\/3 MP\/1080p\/UXGA \/720p\/VGA\/4CIF\/DCIF\/ 2CIF\/CIF\/QCIF<\/td>\n<\/tr>\n<tr>\n<td><\/td>\n<\/tr>\n<tr>\n<td>Network<\/td>\n<\/tr>\n<tr>\n<td>Network ProtocolTCP\/IP, DHCP, Hik-Connect, DNS, DDNS, NTP, SADP, SMTP, NFS, iSCSI, UPnP\u2122, HTTPS<\/td>\n<\/tr>\n<tr>\n<td>Network Interface1, RJ-45 10\/100 Mbps self-adaptive Ethernet interface<\/td>\n<\/tr>\n<tr>\n<td><\/td>\n<\/tr>\n<tr>\n<td>PoE<\/td>\n<\/tr>\n<tr>\n<td>Interface4, RJ-45 10\/100 Mbps self-adaptive Ethernet interface<\/td>\n<\/tr>\n<tr>\n<td>Power\u2264 50W<\/td>\n<\/tr>\n<tr>\n<td>StandardIEEE 802.3 af\/at<\/td>\n<\/tr>\n<tr>\n<td><\/td>\n<\/tr>\n<tr>\n<td>RAID<\/td>\n<\/tr>\n<tr>\n<td>RAID TypeNo<\/td>\n<\/tr>\n<tr>\n<td><\/td>\n<\/tr>\n<tr>\n<td>Auxiliary Interface<\/td>\n<\/tr>\n<tr>\n<td>SATA1<\/td>\n<\/tr>\n<tr>\n<td>CapacityUp to 8TB capacity for each disk<\/td>\n<\/tr>\n<tr>\n<td>USB Interface2 \u00d7 USB 2.0<\/td>\n<\/tr>\n<tr>\n<td>Alarm In\/OutN\/A (4\/1 is optional)<\/td>\n<\/tr>\n<tr>\n<td><\/td>\n<\/tr>\n<tr>\n<td>General<\/td>\n<\/tr>\n<tr>\n<td>Power Supply48 VDC, 1.35 A<\/td>\n<\/tr>\n<tr>\n<td>Consumption\u2264 10 W (without enabling PoE)<\/td>\n<\/tr>\n<tr>\n<td>Working Temperature-10 to 55\u00ba C ( 14 to 131\u00ba F)<\/td>\n<\/tr>\n<tr>\n<td>Working Humidity10 to 90 %<\/td>\n<\/tr>\n<tr>\n<td>Chassis1U<\/td>\n<\/tr>\n<tr>\n<td>Dimension (W \u00d7 D \u00d7 H)320 \u00d7 240 \u00d7 48 mm (12.4\u2033 \u00d7 9.4\u2033 \u00d7 1.9\u2033)<\/td>\n<\/tr>\n<\/tbody>\n<\/table>\n<p>[\/vc_column_text][\/vc_column][\/vc_row]<\/p>\n<\/section>","protected":false},"excerpt":{"rendered":"<table width=\"402\">\n<tbody>\n<tr>\n<td width=\"402\"><strong>4-ch 1U 4 PoE 4K NVR<\/strong><\/td>\n<\/tr>\n<tr>\n<td><\/td>\n<\/tr>\n<tr>\n<td>Up to 4-ch IP camera inputs<\/td>\n<\/tr>\n<tr>\n<td>H.265 \/H.265\/H.264 \/H.264 video formats<\/td>\n<\/tr>\n<tr>\n<td>Up to 1-ch @ 8MP or 5-ch @ 1080P decoding capacity<\/td>\n<\/tr>\n<tr>\n<td>Up to 40 Mbps incoming bandwidth<\/td>\n<\/tr>\n<\/tbody>\n<\/table>\n","protected":false},"featured_media":3190,"comment_status":"open","ping_status":"closed","template":"","meta":[],"product_brand":[],"product_cat":[40],"product_tag":[],"class_list":{"0":"post-3189","1":"product","2":"type-product","3":"status-publish","4":"has-post-thumbnail","6":"product_cat-nvr","8":"first","9":"instock","10":"shipping-taxable","11":"purchasable","12":"product-type-simple"},"_links":{"self":[{"href":"https:\/\/wiretree.lk\/shop\/wp-json\/wp\/v2\/product\/3189","targetHints":{"allow":["GET"]}}],"collection":[{"href":"https:\/\/wiretree.lk\/shop\/wp-json\/wp\/v2\/product"}],"about":[{"href":"https:\/\/wiretree.lk\/shop\/wp-json\/wp\/v2\/types\/product"}],"replies":[{"embeddable":true,"href":"https:\/\/wiretree.lk\/shop\/wp-json\/wp\/v2\/comments?post=3189"}],"wp:featuredmedia":[{"embeddable":true,"href":"https:\/\/wiretree.lk\/shop\/wp-json\/wp\/v2\/media\/3190"}],"wp:attachment":[{"href":"https:\/\/wiretree.lk\/shop\/wp-json\/wp\/v2\/media?parent=3189"}],"wp:term":[{"taxonomy":"product_brand","embeddable":true,"href":"https:\/\/wiretree.lk\/shop\/wp-json\/wp\/v2\/product_brand?post=3189"},{"taxonomy":"product_cat","embeddable":true,"href":"https:\/\/wiretree.lk\/shop\/wp-json\/wp\/v2\/product_cat?post=3189"},{"taxonomy":"product_tag","embeddable":true,"href":"https:\/\/wiretree.lk\/shop\/wp-json\/wp\/v2\/product_tag?post=3189"}],"curies":[{"name":"wp","href":"https:\/\/api.w.org\/{rel}","templated":true}]}}