{"id":3201,"date":"2023-09-16T17:00:35","date_gmt":"2023-09-16T17:00:35","guid":{"rendered":"https:\/\/wiretree.lk\/shop\/?post_type=product&#038;p=3201"},"modified":"2023-09-16T17:00:37","modified_gmt":"2023-09-16T17:00:37","slug":"ds-7608ni-q2-8p","status":"publish","type":"product","link":"https:\/\/wiretree.lk\/shop\/ds-7608ni-q2-8p\/","title":{"rendered":"DS-7608NI-Q2\/8P"},"content":{"rendered":"<section class=\"wpb-content-wrapper\"><p>[vc_row][vc_column][vc_column_text text_larger=&#8221;no&#8221;]<\/p>\n<table width=\"938\">\n<tbody>\n<tr>\n<td width=\"938\"><strong>Specification<\/strong><\/p>\n<p>&nbsp;<\/td>\n<\/tr>\n<tr>\n<td>Motion Detection 2.0<\/td>\n<\/tr>\n<tr>\n<td>Video And Audio<\/td>\n<\/tr>\n<tr>\n<td>Decoding<\/td>\n<\/tr>\n<tr>\n<td>Network<\/td>\n<\/tr>\n<tr>\n<td>PoE<\/td>\n<\/tr>\n<tr>\n<td>Auxiliary Interface<\/td>\n<\/tr>\n<tr>\n<td>General<\/td>\n<\/tr>\n<tr>\n<td>Motion Detection 2.0<\/td>\n<\/tr>\n<tr>\n<td>Human\/Vehicle Analysis<\/td>\n<\/tr>\n<tr>\n<td>4<\/td>\n<\/tr>\n<tr>\n<td>Video And Audio<\/td>\n<\/tr>\n<tr>\n<td>IP Video Input<\/td>\n<\/tr>\n<tr>\n<td>8-ch<\/td>\n<\/tr>\n<tr>\n<td>HDMI Output<\/td>\n<\/tr>\n<tr>\n<td>1-ch, 4K (4096 x 2160)\/30 Hz, 4K (3840 x 2160)\/30 Hz, 2K (2560 x 1440)\/60 Hz, 1920 x 1080\/60 Hz, 1600 x 1200\/60 Hz, 1280 x 1024\/60 Hz, 1280 x 720\/60 Hz<\/td>\n<\/tr>\n<tr>\n<td>VGA Output<\/td>\n<\/tr>\n<tr>\n<td>1-ch, 1920 \u00d7 1080\/60 Hz, 1280 \u00d7 1024\/60 Hz, 1280 \u00d7 720\/60 Hz<\/td>\n<\/tr>\n<tr>\n<td>Video Output Mode<\/td>\n<\/tr>\n<tr>\n<td>HDMI\/VGA simultaneous output<\/td>\n<\/tr>\n<tr>\n<td>Incoming Bandwidth<\/td>\n<\/tr>\n<tr>\n<td>80 Mbps<\/td>\n<\/tr>\n<tr>\n<td>Outgoing Bandwidth<\/td>\n<\/tr>\n<tr>\n<td>80 Mbps<\/td>\n<\/tr>\n<tr>\n<td>Audio Output<\/td>\n<\/tr>\n<tr>\n<td>1-ch, RCA (Linear, 1 K\u03a9)<\/td>\n<\/tr>\n<tr>\n<td>Two-Way Audio<\/td>\n<\/tr>\n<tr>\n<td>1-ch, RCA (2.0 Vp-p, 1 k \u03a9)<\/td>\n<\/tr>\n<tr>\n<td>Decoding<\/td>\n<\/tr>\n<tr>\n<td>Decoding Format<\/td>\n<\/tr>\n<tr>\n<td>H.265+,H.265,H.264+,H.264<\/td>\n<\/tr>\n<tr>\n<td>Decoding Capability<\/td>\n<\/tr>\n<tr>\n<td>1-ch@8 MP (30 fps)\/5-ch@1080p (30 fps)<\/td>\n<\/tr>\n<tr>\n<td>Synchronous Playback<\/td>\n<\/tr>\n<tr>\n<td>8-ch<\/td>\n<\/tr>\n<tr>\n<td>Recording Resolution<\/td>\n<\/tr>\n<tr>\n<td>8 MP\/6 MP\/5 MP\/4 MP\/3 MP\/1080p\/UXGA \/720p\/VGA\/4CIF\/DCIF\/ 2CIF\/CIF\/QCIF<\/td>\n<\/tr>\n<tr>\n<td>Network<\/td>\n<\/tr>\n<tr>\n<td>Network Protocol<\/td>\n<\/tr>\n<tr>\n<td>TCP\/IP, DHCP, Hik-Connect, DNS, DDNS, NTP, SADP, SMTP, NFS, iSCSI, UPnP\u2122, HTTPS<\/td>\n<\/tr>\n<tr>\n<td>Network Interface<\/td>\n<\/tr>\n<tr>\n<td>1, RJ-45 10\/100 Mbps self-adaptive Ethernet interface<\/td>\n<\/tr>\n<tr>\n<td>PoE<\/td>\n<\/tr>\n<tr>\n<td>Interface<\/td>\n<\/tr>\n<tr>\n<td>8-ch;8, RJ-45 10\/100 Mbps self-adaptive Ethernet interface<\/td>\n<\/tr>\n<tr>\n<td>Power<\/td>\n<\/tr>\n<tr>\n<td>\u2264 80W<\/td>\n<\/tr>\n<tr>\n<td>Standard<\/td>\n<\/tr>\n<tr>\n<td>IEEE 802.3 af\/at<\/td>\n<\/tr>\n<tr>\n<td>Auxiliary Interface<\/td>\n<\/tr>\n<tr>\n<td>SATA<\/td>\n<\/tr>\n<tr>\n<td>2;2 SATA interfaces<\/td>\n<\/tr>\n<tr>\n<td>Capacity<\/td>\n<\/tr>\n<tr>\n<td>Up to 8TB capacity for each disk<\/td>\n<\/tr>\n<tr>\n<td>USB Interface<\/td>\n<\/tr>\n<tr>\n<td>2 \u00d7 USB 2.0<\/td>\n<\/tr>\n<tr>\n<td>General<\/td>\n<\/tr>\n<tr>\n<td>Power Supply<\/td>\n<\/tr>\n<tr>\n<td>48V| ,2.5A MAX<\/td>\n<\/tr>\n<tr>\n<td>Consumption<\/td>\n<\/tr>\n<tr>\n<td>\u2264 15W<\/td>\n<\/tr>\n<tr>\n<td>Working Temperature<\/td>\n<\/tr>\n<tr>\n<td>-10 to +55\u00ba C (+14 to +131\u00ba F)<\/td>\n<\/tr>\n<tr>\n<td>Working Humidity<\/td>\n<\/tr>\n<tr>\n<td>10 to 90 %<\/td>\n<\/tr>\n<tr>\n<td>Chassis<\/td>\n<\/tr>\n<tr>\n<td>1U chassis<\/td>\n<\/tr>\n<tr>\n<td>Dimension (W \u00d7 D \u00d7 H)<\/td>\n<\/tr>\n<tr>\n<td>385 \u00d7 315 \u00d7 52 mm (15.2&#8243;\u00d7 12.4&#8243; \u00d7 2.0&#8243;)<\/td>\n<\/tr>\n<tr>\n<td>Weight<\/td>\n<\/tr>\n<tr>\n<td>\u2264 2.6 kg (5.7 lb)<\/td>\n<\/tr>\n<tr>\n<td>Consumption<\/td>\n<\/tr>\n<tr>\n<td>\u2264 10 W (without HDD and PoE off)<\/td>\n<\/tr>\n<tr>\n<td>Working Temperature<\/td>\n<\/tr>\n<tr>\n<td>-10 to +55\u00ba C (+14 to +131\u00ba F)<\/td>\n<\/tr>\n<tr>\n<td>Working Humidity<\/td>\n<\/tr>\n<tr>\n<td>10% to 90%<\/td>\n<\/tr>\n<tr>\n<td>Dimension (W \u00d7 D \u00d7 H)<\/td>\n<\/tr>\n<tr>\n<td>320 \u00d7 240 \u00d7 48 mm (12.4&#8243; \u00d7 9.4&#8243; \u00d7 1.9&#8243;)<\/td>\n<\/tr>\n<tr>\n<td>Weight<\/td>\n<\/tr>\n<tr>\n<td>\u2264 1 kg (without HDD, 2.2 lb.)<\/td>\n<\/tr>\n<tr>\n<td>Certification<\/td>\n<\/tr>\n<tr>\n<td>FCC<\/td>\n<\/tr>\n<tr>\n<td>Part 15 Subpart B, ANSI C63.4-2014<\/td>\n<\/tr>\n<tr>\n<td>CE<\/td>\n<\/tr>\n<tr>\n<td>EN 55032: 2015, EN 61000-3-2, EN 61000-3-3, EN 50130-4, EN 55035: 2017<\/td>\n<\/tr>\n<tr>\n<td><\/td>\n<\/tr>\n<\/tbody>\n<\/table>\n<p>[\/vc_column_text][\/vc_column][\/vc_row]<\/p>\n<\/section>","protected":false},"excerpt":{"rendered":"<table width=\"342\">\n<tbody>\n<tr>\n<td width=\"342\"><strong>8-ch 1U 8 PoE 4K NVR<\/strong><\/td>\n<\/tr>\n<tr>\n<td>Up to 8-ch IP camera inputs<\/td>\n<\/tr>\n<tr>\n<td>H.265+\/H.265\/H.264+\/H.264 video formats<\/td>\n<\/tr>\n<tr>\n<td>Up to 1-ch @ 8MP or 5-ch @ 1080P decoding capacity<\/td>\n<\/tr>\n<tr>\n<td>Up to 80 Mbps incoming bandwidth<\/td>\n<\/tr>\n<\/tbody>\n<\/table>\n","protected":false},"featured_media":3202,"comment_status":"open","ping_status":"closed","template":"","meta":[],"product_brand":[],"product_cat":[40],"product_tag":[],"class_list":{"0":"post-3201","1":"product","2":"type-product","3":"status-publish","4":"has-post-thumbnail","6":"product_cat-nvr","8":"first","9":"instock","10":"shipping-taxable","11":"purchasable","12":"product-type-simple"},"_links":{"self":[{"href":"https:\/\/wiretree.lk\/shop\/wp-json\/wp\/v2\/product\/3201","targetHints":{"allow":["GET"]}}],"collection":[{"href":"https:\/\/wiretree.lk\/shop\/wp-json\/wp\/v2\/product"}],"about":[{"href":"https:\/\/wiretree.lk\/shop\/wp-json\/wp\/v2\/types\/product"}],"replies":[{"embeddable":true,"href":"https:\/\/wiretree.lk\/shop\/wp-json\/wp\/v2\/comments?post=3201"}],"wp:featuredmedia":[{"embeddable":true,"href":"https:\/\/wiretree.lk\/shop\/wp-json\/wp\/v2\/media\/3202"}],"wp:attachment":[{"href":"https:\/\/wiretree.lk\/shop\/wp-json\/wp\/v2\/media?parent=3201"}],"wp:term":[{"taxonomy":"product_brand","embeddable":true,"href":"https:\/\/wiretree.lk\/shop\/wp-json\/wp\/v2\/product_brand?post=3201"},{"taxonomy":"product_cat","embeddable":true,"href":"https:\/\/wiretree.lk\/shop\/wp-json\/wp\/v2\/product_cat?post=3201"},{"taxonomy":"product_tag","embeddable":true,"href":"https:\/\/wiretree.lk\/shop\/wp-json\/wp\/v2\/product_tag?post=3201"}],"curies":[{"name":"wp","href":"https:\/\/api.w.org\/{rel}","templated":true}]}}