{"id":3211,"date":"2023-09-16T17:29:24","date_gmt":"2023-09-16T17:29:24","guid":{"rendered":"https:\/\/wiretree.lk\/shop\/?post_type=product&#038;p=3211"},"modified":"2023-09-16T17:29:26","modified_gmt":"2023-09-16T17:29:26","slug":"ds-7732ni-q4","status":"publish","type":"product","link":"https:\/\/wiretree.lk\/shop\/ds-7732ni-q4\/","title":{"rendered":"DS-7732NI-Q4"},"content":{"rendered":"<section class=\"wpb-content-wrapper\"><p>[vc_row][vc_column][vc_column_text text_larger=&#8221;no&#8221;]<\/p>\n<table width=\"778\">\n<tbody>\n<tr>\n<td width=\"778\"><strong>DS-7732NI-Q4<\/strong><\/p>\n<p><strong> Specification<\/strong><\/td>\n<\/tr>\n<tr>\n<td>Video And Audio<\/td>\n<\/tr>\n<tr>\n<td>IP video input32-ch,Up to 8 MP resolution<\/td>\n<\/tr>\n<tr>\n<td>Video resolution8 MP\/6 MP\/5 MP\/4 MP\/3 MP\/1080p\/UXGA \/720p\/VGA\/4CIF\/DCIF\/ 2CIF\/CIF\/QCIF<\/td>\n<\/tr>\n<tr>\n<td>Incoming\/outgoing bandwidth128 Mbps,200 Mbps<\/td>\n<\/tr>\n<tr>\n<td>HDMI output1-ch, 1920 \u00d7 1080\/60Hz,,1600 \u00d7 1200\/60Hz, ,1280 \u00d7 1024\/60Hz, ,1280 \u00d7 720\/60Hz, ,1024 \u00d7 768\/60Hz;,<\/td>\n<\/tr>\n<tr>\n<td>VGA output1-ch, 1920 \u00d7 1080\/60Hz, ,1280 \u00d7 1024\/60Hz, ,1280 \u00d7 720\/60Hz, ,1024 \u00d7 768\/60Hz,<\/td>\n<\/tr>\n<tr>\n<td>Audio output1-ch, RCA (Linear, 1 K\u03a9)<\/td>\n<\/tr>\n<tr>\n<td>Two-way audio input1-ch, RCA (2.0 Vp-p, 1 k \u03a9)<\/td>\n<\/tr>\n<tr>\n<td>Decoding<\/td>\n<\/tr>\n<tr>\n<td>Decoding formatH.265\/H.265+\/H.264\/H.264+\/MPEG4<\/td>\n<\/tr>\n<tr>\n<td>Recording resolution8 MP\/6 MP\/5 MP\/4 MP\/3 MP\/1080p\/UXGA\/720p\/VGA\/4CIF\/DCIF\/ 2CIF\/CIF\/QCIF<\/td>\n<\/tr>\n<tr>\n<td>Synchronous playback16-ch<\/td>\n<\/tr>\n<tr>\n<td>Capability1-ch @ 8 MP (30 fps) \/ 4-ch @ 1080p (30 fps)<\/td>\n<\/tr>\n<tr>\n<td>Network<\/td>\n<\/tr>\n<tr>\n<td>Network protocolsTCP\/IP, DHCP, Hik-Connect, DNS, DDNS, NTP, SADP, SMTP, NFS, iSCSI, UPnP\u2122, HTTPS<\/td>\n<\/tr>\n<tr>\n<td>Network interface2, RJ-45 10\/100\/1000 Mbps self-adaptive Ethernet interface<\/td>\n<\/tr>\n<tr>\n<td>Hard Disk<\/td>\n<\/tr>\n<tr>\n<td>SATA4, SATA interface<\/td>\n<\/tr>\n<tr>\n<td>CapacityUp to 6 TB capacity for each disk<\/td>\n<\/tr>\n<tr>\n<td>External Interface<\/td>\n<\/tr>\n<tr>\n<td>Serial port1 RS-485 (half-duplex), 1 RS-232<\/td>\n<\/tr>\n<tr>\n<td>USB interfaceFront panel: 2 \u00d7 USB 2.0; Rear panel: 1 \u00d7 USB 2.0<\/td>\n<\/tr>\n<tr>\n<td>Alarm in\/out16\/4 (16\/8 optional)<\/td>\n<\/tr>\n<tr>\n<td>General<\/td>\n<\/tr>\n<tr>\n<td>Power supply100 to 240 VAC,\u2264 80 W<\/td>\n<\/tr>\n<tr>\n<td>Consumption (without HDD)\u2264 15 W<\/td>\n<\/tr>\n<tr>\n<td>Working temperature-10 \u00b0C to 55 \u00b0C (14 \u00b0F to 131 \u00b0F)<\/td>\n<\/tr>\n<tr>\n<td>Working humidity10 % to 90 %<\/td>\n<\/tr>\n<tr>\n<td>Dimensions (W \u00d7 D \u00d7 H)440 \u00d7 393 \u00d7 75 mm (17.3&#8243; \u00d7 15.5&#8243; \u00d7 3.0&#8243;)<\/td>\n<\/tr>\n<tr>\n<td>Weight (without hard disk)\u2264 5 kg (11 lb)<\/td>\n<\/tr>\n<tr>\n<td><\/td>\n<\/tr>\n<\/tbody>\n<\/table>\n<p>[\/vc_column_text][\/vc_column][\/vc_row]<\/p>\n<\/section>","protected":false},"excerpt":{"rendered":"<table width=\"431\">\n<tbody>\n<tr>\n<td width=\"431\"><strong>DS-7732NI-Q4<\/strong><\/p>\n<p><strong>32-ch 1.5U 4K NVR<\/strong><\/td>\n<\/tr>\n<tr>\n<td>Up to 32-ch IP camera inputs<\/td>\n<\/tr>\n<tr>\n<td>H.265+\/H.265\/H.264+\/H.264 video formats<\/td>\n<\/tr>\n<tr>\n<td>Up to 1-ch @ 8MP or 2-ch @ 4MP or 6-ch @ 1080P decoding capacity<\/td>\n<\/tr>\n<tr>\n<td>1 HDMI and 1 VGA interfaces: simultaneous video output<\/td>\n<\/tr>\n<tr>\n<td>Up to 200 Mbps incoming bandwidth<\/td>\n<\/tr>\n<tr>\n<td>4 HDDs for continuous video recording<\/td>\n<\/tr>\n<\/tbody>\n<\/table>\n","protected":false},"featured_media":3212,"comment_status":"open","ping_status":"closed","template":"","meta":[],"product_brand":[],"product_cat":[40],"product_tag":[],"class_list":{"0":"post-3211","1":"product","2":"type-product","3":"status-publish","4":"has-post-thumbnail","6":"product_cat-nvr","8":"first","9":"instock","10":"shipping-taxable","11":"purchasable","12":"product-type-simple"},"_links":{"self":[{"href":"https:\/\/wiretree.lk\/shop\/wp-json\/wp\/v2\/product\/3211","targetHints":{"allow":["GET"]}}],"collection":[{"href":"https:\/\/wiretree.lk\/shop\/wp-json\/wp\/v2\/product"}],"about":[{"href":"https:\/\/wiretree.lk\/shop\/wp-json\/wp\/v2\/types\/product"}],"replies":[{"embeddable":true,"href":"https:\/\/wiretree.lk\/shop\/wp-json\/wp\/v2\/comments?post=3211"}],"wp:featuredmedia":[{"embeddable":true,"href":"https:\/\/wiretree.lk\/shop\/wp-json\/wp\/v2\/media\/3212"}],"wp:attachment":[{"href":"https:\/\/wiretree.lk\/shop\/wp-json\/wp\/v2\/media?parent=3211"}],"wp:term":[{"taxonomy":"product_brand","embeddable":true,"href":"https:\/\/wiretree.lk\/shop\/wp-json\/wp\/v2\/product_brand?post=3211"},{"taxonomy":"product_cat","embeddable":true,"href":"https:\/\/wiretree.lk\/shop\/wp-json\/wp\/v2\/product_cat?post=3211"},{"taxonomy":"product_tag","embeddable":true,"href":"https:\/\/wiretree.lk\/shop\/wp-json\/wp\/v2\/product_tag?post=3211"}],"curies":[{"name":"wp","href":"https:\/\/api.w.org\/{rel}","templated":true}]}}