{"id":3213,"date":"2023-09-16T17:35:03","date_gmt":"2023-09-16T17:35:03","guid":{"rendered":"https:\/\/wiretree.lk\/shop\/?post_type=product&#038;p=3213"},"modified":"2023-09-16T17:35:05","modified_gmt":"2023-09-16T17:35:05","slug":"ds-7732ni-q4-16p","status":"publish","type":"product","link":"https:\/\/wiretree.lk\/shop\/ds-7732ni-q4-16p\/","title":{"rendered":"DS-7732NI-Q4\/16P"},"content":{"rendered":"<section class=\"wpb-content-wrapper\"><p>[vc_row][vc_column][vc_column_text text_larger=&#8221;no&#8221;]<\/p>\n<table width=\"988\">\n<tbody>\n<tr>\n<td width=\"988\">Description<\/td>\n<\/tr>\n<tr>\n<td><\/td>\n<\/tr>\n<tr>\n<td>Hikvision DS-7732NI-Q4\/16P 16port NVR Q series 4sata\u00a0Network video recorder (NVR) let you centrally manage\u00a0IP camera\u00a0settings and 16 physical PoE port.<\/td>\n<\/tr>\n<tr>\n<td><\/td>\n<\/tr>\n<tr>\n<td><\/td>\n<\/tr>\n<tr>\n<td>Product specification<\/td>\n<\/tr>\n<tr>\n<td><\/td>\n<\/tr>\n<tr>\n<td><\/td>\n<\/tr>\n<tr>\n<td>Model:\u00a0 DS-7732NI-Q4\/16P<\/td>\n<\/tr>\n<tr>\n<td>IP video input: 32-ch, Up to 8 MP resolution<\/td>\n<\/tr>\n<tr>\n<td>Two-way audio:\u00a0 1-ch, RCA (2.0 Vp-p, 1 k \u03a9)<\/td>\n<\/tr>\n<tr>\n<td>Network<\/td>\n<\/tr>\n<tr>\n<td>Incoming bandwidth: 200 Mbps<\/td>\n<\/tr>\n<tr>\n<td>Outgoing bandwidth: 128 Mbps<\/td>\n<\/tr>\n<tr>\n<td>Video\/Audio output: Recording resolution 8 MP\/6 MP\/5 MP\/4 MP\/3 MP\/1080p\/UXGA \/720p\/VGA\/4CIF\/DCIF\/ 2CIF\/CIF\/QCIF<\/td>\n<\/tr>\n<tr>\n<td>HDMI output resolution:\u00a01-ch, 1920 \u00d7 1080\/60Hz, 1600 \u00d7 1200\/60Hz, 1280 \u00d7 1024\/60Hz, 1280 \u00d7 720\/60Hz, and 1024 \u00d7 768\/60Hz;<\/td>\n<\/tr>\n<tr>\n<td>VGA output resolution:\u00a01-ch, 1920 \u00d7 1080\/60Hz, 1280 \u00d7 1024\/60Hz, 1280 \u00d7 720\/60Hz, 1024 \u00d7 768\/60Hz<\/td>\n<\/tr>\n<tr>\n<td>Audio output: 1-ch, RCA (Linear, 1 K\u03a9)<\/td>\n<\/tr>\n<tr>\n<td>Decoding format: H.265\/H.265+\/H.264\/H.264+\/MPEG4<\/td>\n<\/tr>\n<tr>\n<td>Live view \/ Playback<\/td>\n<\/tr>\n<tr>\n<td>resolution: 8 MP\/6 MP\/5 MP\/4 MP\/3 MP\/1080p\/UXGA \/720p\/VGA\/4CIF\/DCIF\/ 2CIF\/CIF\/QCIF<\/td>\n<\/tr>\n<tr>\n<td>Synchronous playback: 16-ch<\/td>\n<\/tr>\n<tr>\n<td>Capability: 1-ch @ 8 MP (30 fps) \/ 4-ch @ 1080p (30 fps)<\/td>\n<\/tr>\n<tr>\n<td>Network<\/td>\n<\/tr>\n<tr>\n<td>management network protocols: TCP\/IP, DHCP, Hik-Connect, DNS, DDNS, NTP, SADP, SMTP, NFS, iSCSI, UPnP\u2122,\u00a0 and HTTPS<\/td>\n<\/tr>\n<tr>\n<td>Hard disk SATA: 4, SATA interface<\/td>\n<\/tr>\n<tr>\n<td>Capacity: Up to 6 TB capacity for each disk<\/td>\n<\/tr>\n<tr>\n<td>interface<\/td>\n<\/tr>\n<tr>\n<td>Network interface:\u00a0 1, RJ-45 10\/100\/1000 Mbps self-adaptive Ethernet interface<\/td>\n<\/tr>\n<tr>\n<td>Serial interface: 1 RS-485 (half-duplex), 1 RS-232<\/td>\n<\/tr>\n<tr>\n<td>USB interface Front panel: 2 \u00d7 USB 2.0; Rear panel: 1 \u00d7 USB 2.0<\/td>\n<\/tr>\n<tr>\n<td>Alarm in\/out: 16\/4 (16\/8 optional)<\/td>\n<\/tr>\n<tr>\n<td>POE Interface<\/td>\n<\/tr>\n<tr>\n<td>Interface: 8, RJ-45 10\/100 Mbps self-adaptive<\/td>\n<\/tr>\n<tr>\n<td>Ethernet interface: 16, RJ-45 10\/100 Mbps self-adaptive Ethernet<\/td>\n<\/tr>\n<tr>\n<td>interface<\/td>\n<\/tr>\n<tr>\n<td>Power: \u2264 150W<\/td>\n<\/tr>\n<tr>\n<td>Standard IEEE: 802.3 af\/at<\/td>\n<\/tr>\n<tr>\n<td>General<\/td>\n<\/tr>\n<tr>\n<td>Power supply: 100 to 240 VAC<\/td>\n<\/tr>\n<tr>\n<td>Total power: \u2264 300 W<\/td>\n<\/tr>\n<tr>\n<td>Consumption:<\/td>\n<\/tr>\n<tr>\n<td>(without hard disk) \u2264 15 W (without enabling PoE)<\/td>\n<\/tr>\n<tr>\n<td>Working temperature: -10 \u00b0C to 55 \u00b0C (14 \u00b0F to 131 \u00b0F)<\/td>\n<\/tr>\n<tr>\n<td>Working humidity: 10 % to 90 %<\/td>\n<\/tr>\n<tr>\n<td>Dimensions (W \u00d7 D \u00d7 H): 440 \u00d7 393 \u00d7 75 mm (17.3\u2033 \u00d7 15.5\u2033 \u00d7 3.0\u2033)<\/td>\n<\/tr>\n<tr>\n<td>Weight (without harddisk): \u2264 5 kg (11 lb)<\/td>\n<\/tr>\n<\/tbody>\n<\/table>\n<p>[\/vc_column_text][\/vc_column][\/vc_row]<\/p>\n<\/section>","protected":false},"excerpt":{"rendered":"<table width=\"516\">\n<tbody>\n<tr>\n<td width=\"516\"><strong>DS-7732NI-Q4\/16P <\/strong><\/p>\n<p><strong>32-ch 1.5U 16 PoE 4K NVR<\/strong><\/td>\n<\/tr>\n<tr>\n<td>Up to 32 channel IP cameras can be connected<\/td>\n<\/tr>\n<tr>\n<td>Supports decoding H.265+\/H.265\/H.264+\/H.264 video formats<\/td>\n<\/tr>\n<tr>\n<td>Up to 4K high-definition live view, storage and playback<\/td>\n<\/tr>\n<tr>\n<td>Up to 6-ch @ 1080p decoding capacity<\/td>\n<\/tr>\n<tr>\n<td>Up to 256 Mbps high incoming bandwidth ensures IP cameras can be connected<\/td>\n<\/tr>\n<tr>\n<td>1 HDMI and 1 VGA interfaces: both interfaces support independent video output<\/td>\n<\/tr>\n<tr>\n<td>4 HDDs for continuous video recording<\/td>\n<\/tr>\n<tr>\n<td>Plug &amp; Play with 16 Power-over-Ethernet (PoE) interfaces<\/td>\n<\/tr>\n<\/tbody>\n<\/table>\n","protected":false},"featured_media":3214,"comment_status":"open","ping_status":"closed","template":"","meta":[],"product_brand":[],"product_cat":[40],"product_tag":[],"class_list":{"0":"post-3213","1":"product","2":"type-product","3":"status-publish","4":"has-post-thumbnail","6":"product_cat-nvr","8":"first","9":"instock","10":"shipping-taxable","11":"purchasable","12":"product-type-simple"},"_links":{"self":[{"href":"https:\/\/wiretree.lk\/shop\/wp-json\/wp\/v2\/product\/3213","targetHints":{"allow":["GET"]}}],"collection":[{"href":"https:\/\/wiretree.lk\/shop\/wp-json\/wp\/v2\/product"}],"about":[{"href":"https:\/\/wiretree.lk\/shop\/wp-json\/wp\/v2\/types\/product"}],"replies":[{"embeddable":true,"href":"https:\/\/wiretree.lk\/shop\/wp-json\/wp\/v2\/comments?post=3213"}],"wp:featuredmedia":[{"embeddable":true,"href":"https:\/\/wiretree.lk\/shop\/wp-json\/wp\/v2\/media\/3214"}],"wp:attachment":[{"href":"https:\/\/wiretree.lk\/shop\/wp-json\/wp\/v2\/media?parent=3213"}],"wp:term":[{"taxonomy":"product_brand","embeddable":true,"href":"https:\/\/wiretree.lk\/shop\/wp-json\/wp\/v2\/product_brand?post=3213"},{"taxonomy":"product_cat","embeddable":true,"href":"https:\/\/wiretree.lk\/shop\/wp-json\/wp\/v2\/product_cat?post=3213"},{"taxonomy":"product_tag","embeddable":true,"href":"https:\/\/wiretree.lk\/shop\/wp-json\/wp\/v2\/product_tag?post=3213"}],"curies":[{"name":"wp","href":"https:\/\/api.w.org\/{rel}","templated":true}]}}