{"id":3217,"date":"2023-09-17T06:25:35","date_gmt":"2023-09-17T06:25:35","guid":{"rendered":"https:\/\/wiretree.lk\/shop\/?post_type=product&#038;p=3217"},"modified":"2023-09-17T06:25:37","modified_gmt":"2023-09-17T06:25:37","slug":"ds-7104ni-q1-m","status":"publish","type":"product","link":"https:\/\/wiretree.lk\/shop\/ds-7104ni-q1-m\/","title":{"rendered":"DS-7104NI-Q1\/M"},"content":{"rendered":"<section class=\"wpb-content-wrapper\"><p>[vc_row][vc_column][vc_column_text text_larger=&#8221;no&#8221;]<\/p>\n<table width=\"699\">\n<tbody>\n<tr>\n<td width=\"699\"><strong>DS-7104NI-Q1\/M<\/strong><\/p>\n<p><strong> Specification<\/strong><\/td>\n<\/tr>\n<tr>\n<td>Video And Audio<\/td>\n<\/tr>\n<tr>\n<td>IP video input4-ch ,Up to 4 MP resolution<\/td>\n<\/tr>\n<tr>\n<td>Incoming bandwidth40 Mbps<\/td>\n<\/tr>\n<tr>\n<td>Outgoing bandwidth60 Mbps<\/td>\n<\/tr>\n<tr>\n<td>HDMI\/VGA output resolution1920 \u00d7 1080p\/60Hz, 1280 \u00d7 1024\/60Hz, 1280 \u00d7 720\/60Hz, 1024 \u00d7 768\/60Hz<\/td>\n<\/tr>\n<tr>\n<td>Decoding<\/td>\n<\/tr>\n<tr>\n<td>Decoding formatH.265+\/H.265\/ H.264+\/H.264<\/td>\n<\/tr>\n<tr>\n<td>Live view \/ Playback resolution6MP\/ 4 MP\/3 MP\/1080p\/UXGA \/720p\/VGA\/4CIF\/DCIF\/ 2CIF\/CIF\/QCIF<\/td>\n<\/tr>\n<tr>\n<td>Recording resolution4 MP\/3 MP\/1080p\/UXGA \/720p\/VGA\/4CIF\/DCIF\/ 2CIF\/CIF\/QCIF<\/td>\n<\/tr>\n<tr>\n<td>Synchronous playback4-ch<\/td>\n<\/tr>\n<tr>\n<td>Capability1-ch @ 6 MP \/ 4-ch @ 1080p<\/td>\n<\/tr>\n<tr>\n<td>Network<\/td>\n<\/tr>\n<tr>\n<td>Network protocolsTCP\/IP, DHCP, Hik-Connect, DNS, DDNS, NTP, SADP, SMTP,UPnP\u2122<\/td>\n<\/tr>\n<tr>\n<td>Network interface1, RJ-45 10\/100Mbps self-adaptive Ethernet interface<\/td>\n<\/tr>\n<tr>\n<td>Hard Disk<\/td>\n<\/tr>\n<tr>\n<td>SATA1 SATA interface<\/td>\n<\/tr>\n<tr>\n<td>CapacityUp to 6TB capacity for each disk<\/td>\n<\/tr>\n<tr>\n<td>External Interface<\/td>\n<\/tr>\n<tr>\n<td>USB interface2 \u00d7 USB 2.0<\/td>\n<\/tr>\n<tr>\n<td>General<\/td>\n<\/tr>\n<tr>\n<td>Power\u2264 18W<\/td>\n<\/tr>\n<tr>\n<td>Power supply12 VDC<\/td>\n<\/tr>\n<tr>\n<td>Working temperature-10 to +55\u00ba C (+14 to +131\u00ba F)<\/td>\n<\/tr>\n<tr>\n<td>Working humidity10 to 90 %<\/td>\n<\/tr>\n<tr>\n<td>Chassis1U chassis<\/td>\n<\/tr>\n<tr>\n<td>Dimensions(W \u00d7 D \u00d7 H)260 \u00d7 225 \u00d7 48 mm (10.2&#8243; \u00d7 8.9&#8243; \u00d7 1.9&#8243;)<\/td>\n<\/tr>\n<tr>\n<td>Consumption(without hard disk)\u2264 10 W<\/td>\n<\/tr>\n<tr>\n<td>Weight(without hard disk)\u2264 1 kg (2.2 lb)<\/td>\n<\/tr>\n<\/tbody>\n<\/table>\n<p>[\/vc_column_text][\/vc_column][\/vc_row]<\/p>\n<\/section>","protected":false},"excerpt":{"rendered":"<table width=\"501\">\n<tbody>\n<tr>\n<td width=\"501\"><strong>DS-7104NI-Q1\/M<\/strong><\/td>\n<\/tr>\n<tr>\n<td>Up to 4 channel IP cameras can be connected<\/td>\n<\/tr>\n<tr>\n<td>Supports decoding H.265+\/H.265\/H.264+\/H.264 video formats<\/td>\n<\/tr>\n<tr>\n<td>Up to 6 MP high-definition live view, storage and playback<\/td>\n<\/tr>\n<tr>\n<td>Up to 40 Mbps high incoming bandwidth ensures IP cameras can be connected<\/td>\n<\/tr>\n<tr>\n<td>Up to 4-ch @ 1080p decoding capacity<\/td>\n<\/tr>\n<tr>\n<td>1 HDD for continuous video recording<\/td>\n<\/tr>\n<tr>\n<td>Compatible with third-party network cameras<\/td>\n<\/tr>\n<tr>\n<td>Metal case for professional industry applications.<\/td>\n<\/tr>\n<\/tbody>\n<\/table>\n","protected":false},"featured_media":3218,"comment_status":"open","ping_status":"closed","template":"","meta":[],"product_brand":[],"product_cat":[40],"product_tag":[],"class_list":{"0":"post-3217","1":"product","2":"type-product","3":"status-publish","4":"has-post-thumbnail","6":"product_cat-nvr","8":"first","9":"instock","10":"shipping-taxable","11":"purchasable","12":"product-type-simple"},"_links":{"self":[{"href":"https:\/\/wiretree.lk\/shop\/wp-json\/wp\/v2\/product\/3217","targetHints":{"allow":["GET"]}}],"collection":[{"href":"https:\/\/wiretree.lk\/shop\/wp-json\/wp\/v2\/product"}],"about":[{"href":"https:\/\/wiretree.lk\/shop\/wp-json\/wp\/v2\/types\/product"}],"replies":[{"embeddable":true,"href":"https:\/\/wiretree.lk\/shop\/wp-json\/wp\/v2\/comments?post=3217"}],"wp:featuredmedia":[{"embeddable":true,"href":"https:\/\/wiretree.lk\/shop\/wp-json\/wp\/v2\/media\/3218"}],"wp:attachment":[{"href":"https:\/\/wiretree.lk\/shop\/wp-json\/wp\/v2\/media?parent=3217"}],"wp:term":[{"taxonomy":"product_brand","embeddable":true,"href":"https:\/\/wiretree.lk\/shop\/wp-json\/wp\/v2\/product_brand?post=3217"},{"taxonomy":"product_cat","embeddable":true,"href":"https:\/\/wiretree.lk\/shop\/wp-json\/wp\/v2\/product_cat?post=3217"},{"taxonomy":"product_tag","embeddable":true,"href":"https:\/\/wiretree.lk\/shop\/wp-json\/wp\/v2\/product_tag?post=3217"}],"curies":[{"name":"wp","href":"https:\/\/api.w.org\/{rel}","templated":true}]}}