{"id":3232,"date":"2023-09-17T07:01:24","date_gmt":"2023-09-17T07:01:24","guid":{"rendered":"https:\/\/wiretree.lk\/shop\/?post_type=product&#038;p=3232"},"modified":"2023-09-17T07:01:26","modified_gmt":"2023-09-17T07:01:26","slug":"ds-7108hghi-k1","status":"publish","type":"product","link":"https:\/\/wiretree.lk\/shop\/ds-7108hghi-k1\/","title":{"rendered":"DS-7108HGHI-K1"},"content":{"rendered":"<section class=\"wpb-content-wrapper\"><p>[vc_row][vc_column][vc_column_text text_larger=&#8221;no&#8221;]<\/p>\n<table width=\"704\">\n<tbody>\n<tr>\n<td width=\"704\"><strong>Specification<\/strong><\/p>\n<p>&nbsp;<\/td>\n<\/tr>\n<tr>\n<td>Motion Detection 2.0<\/td>\n<\/tr>\n<tr>\n<td>Human\/Vehicle Analysis<\/td>\n<\/tr>\n<tr>\n<td>Deep learning-based motion detection 2.0 is enabled by default for all analog channels, it<\/td>\n<\/tr>\n<tr>\n<td>can classify human and vehicle, and extremely reduce false alarms caused by objects like<\/td>\n<\/tr>\n<tr>\n<td>leaves and lights;<\/td>\n<\/tr>\n<tr>\n<td>Quick search by object or event type is supported;<\/td>\n<\/tr>\n<tr>\n<td>Recording<\/td>\n<\/tr>\n<tr>\n<td>Video Compression H.265 Pro+\/H.265 Pro\/H.265\/H.264+\/H.264<\/td>\n<\/tr>\n<tr>\n<td>Encoding Resolution<\/td>\n<\/tr>\n<tr>\n<td>For 1080p stream access: 1080p Lite\/720p Lite\/WD1\/4CIF\/VGA\/CIF<\/td>\n<\/tr>\n<tr>\n<td>For 720p stream access: 720p\/WD1\/4CIF\/VGA\/CIF<\/td>\n<\/tr>\n<tr>\n<td>For SD stream access: WD1\/4CIF\/VGA\/CIF<\/td>\n<\/tr>\n<tr>\n<td>Frame Rate<\/td>\n<\/tr>\n<tr>\n<td>Main stream:<\/td>\n<\/tr>\n<tr>\n<td>For 1080p stream access: 1080p Lite\/720p Lite\/WD1\/4CIF\/VGA\/CIF@25 fps(P)\/30 fps (N)<\/td>\n<\/tr>\n<tr>\n<td>For 720p stream access: 720p\/WD1\/4CIF\/VGA\/CIF@ 25fps (P)\/30 fps (N)<\/td>\n<\/tr>\n<tr>\n<td>For SD stream access: WD1\/4CIF\/VGA\/CIF@25 fps (P)\/30 fps (N)<\/td>\n<\/tr>\n<tr>\n<td>Sub-stream:<\/td>\n<\/tr>\n<tr>\n<td>4CIF@15fps; CIF\/QVGA@25 fps (P)\/30 fps (N)<\/td>\n<\/tr>\n<tr>\n<td>Video Bitrate 32 Kbps to 4 Mbps<\/td>\n<\/tr>\n<tr>\n<td>Stream Type Video, Video &amp; Audio<\/td>\n<\/tr>\n<tr>\n<td>Audio Compression G.711u<\/td>\n<\/tr>\n<tr>\n<td>Audio Bitrate 64 Kbps<\/td>\n<\/tr>\n<tr>\n<td>Video and Audio<\/td>\n<\/tr>\n<tr>\n<td>IP Video Input<\/td>\n<\/tr>\n<tr>\n<td>2-ch (up to 10-ch)<\/td>\n<\/tr>\n<tr>\n<td>Up to 5 MP resolution<\/td>\n<\/tr>\n<tr>\n<td>Support H.265+\/H.265\/H.264+\/H.264 IP cameras<\/td>\n<\/tr>\n<tr>\n<td>Analog Video Input<\/td>\n<\/tr>\n<tr>\n<td>8-ch<\/td>\n<\/tr>\n<tr>\n<td>BNC interface (1.0 Vp-p, 75 \u03a9), supporting coaxitron connection<\/td>\n<\/tr>\n<tr>\n<td>HDTVI Input 1080p25, 1080p30, 720p25, 720p30<\/td>\n<\/tr>\n<tr>\n<td>AHD Input 1080p25, 1080p30, 720p25, 720p30<\/td>\n<\/tr>\n<tr>\n<td>HDCVI Input 1080p25, 1080p30, 720p25, 720p30<\/td>\n<\/tr>\n<tr>\n<td>CVBS Input Support<\/td>\n<\/tr>\n<tr>\n<td>HDMI Output 1-ch, 1920 \u00d7 1080\/60Hz, 1280 \u00d7 1024\/60Hz, 1280 \u00d7 720\/60Hz, 1024 \u00d7 768\/60Hz<\/td>\n<\/tr>\n<tr>\n<td>VGA Output 1-ch, 1920 \u00d7 1080\/60Hz, 1280 \u00d7 1024\/60Hz, 1280 \u00d7 720\/60Hz, 1024 \u00d7 768\/60Hz<\/td>\n<\/tr>\n<tr>\n<td>Video Output Mode HDMI\/VGA simultaneous output<\/td>\n<\/tr>\n<tr>\n<td>Audio Input<\/td>\n<\/tr>\n<tr>\n<td>1-ch RCA (2.0 Vp-p, 1 K\u03a9)<\/td>\n<\/tr>\n<tr>\n<td>8-ch via coaxial cable<\/td>\n<\/tr>\n<tr>\n<td>Audio Output 1-ch, RCA (Linear, 1 K\u03a9)<\/td>\n<\/tr>\n<tr>\n<td>Two-Way Audio Reuse the first audio input<\/td>\n<\/tr>\n<tr>\n<td>Synchronous playback 8-ch<\/td>\n<\/tr>\n<tr>\n<td>Network<\/td>\n<\/tr>\n<tr>\n<td>Total Bandwidth 72 Mbps<\/td>\n<\/tr>\n<tr>\n<td>Network Protocol TCP\/IP, PPPoE, DHCP, Hik-Connect, DNS, DDNS, NTP, SADP, SMTP, NFS, iSCSI, UPnP\u2122, HTTPS<\/td>\n<\/tr>\n<tr>\n<td>Remote Connection 64<\/td>\n<\/tr>\n<tr>\n<td>Network Interface 1, RJ45 10\/100 Mbps self-adaptive Ethernet interface<\/td>\n<\/tr>\n<tr>\n<td>Auxiliary Interface<\/td>\n<\/tr>\n<tr>\n<td>SATA 1 SATA interface<\/td>\n<\/tr>\n<tr>\n<td>Capacity Up to 4 TB capacity for each disk<\/td>\n<\/tr>\n<tr>\n<td>USB Interface Rear panel: 2 \u00d7 USB 2.0<\/td>\n<\/tr>\n<tr>\n<td>Alarm In\/Out N\/A<\/td>\n<\/tr>\n<tr>\n<td>General<\/td>\n<\/tr>\n<tr>\n<td>Power Supply 12 VDC, 1.5 A<\/td>\n<\/tr>\n<tr>\n<td>Consumption \u2264 17 W (without HDD)<\/td>\n<\/tr>\n<tr>\n<td>Working Temperature -10 \u00b0C to 55 \u00b0C (14 \u00b0F to +31 \u00b0F)<\/td>\n<\/tr>\n<tr>\n<td>Working Humidity 10% to 90%<\/td>\n<\/tr>\n<tr>\n<td>Dimension (W \u00d7 D \u00d7 H) 200 \u00d7 200 \u00d7 45 mm (7.9 \u00d7 7.9 \u00d7 1.8 inch)<\/td>\n<\/tr>\n<tr>\n<td>Weight \u2264 1 kg (without HDD, 2.2 lb.)<\/td>\n<\/tr>\n<\/tbody>\n<\/table>\n<div style=\"border: 0px; color: #000000; margin: 0px; padding: 0px; font-family: arial, sans-serif; font-size: 13px; font-style: normal; font-variant: normal; font-weight: normal; height: auto; line-height: normal; text-align: left; width: auto; direction: ltr; visibility: visible; display: block; position: absolute; background: transparent; opacity: 0.95; z-index: 99991; top: 43.316px; left: 0px;\">\n<div style=\"border: 2px solid #2c4ade; color: #000000; margin: 0px; padding: 7px; font-family: arial, sans-serif; font-size: 13px; font-style: normal; font-variant: normal; font-weight: normal; height: auto; line-height: normal; text-align: left; width: auto; direction: ltr; visibility: visible; display: block; background: #bfdfff; max-width: 250px; z-index: 99992; border-radius: 8px;\">\n<div style=\"border: 0px; color: #000000; margin: 0px; padding: 0px; font-family: arial, sans-serif; font-size: 13px; font-style: normal; font-variant: normal; font-weight: normal; height: auto; line-height: normal; text-align: left; width: auto; direction: ltr; visibility: visible; display: block;\">\n<p><b style=\"border: 0px; color: #000000; margin: 0px; padding: 0px; font-family: arial, sans-serif; font-size: 13px; font-style: normal; font-variant: normal; font-weight: bold; height: auto; line-height: normal; text-align: left; width: auto; direction: ltr; visibility: visible; display: inline;\">specification<\/b>: <span style=\"border: 0px; color: blue; margin: 0px; padding: 0px; font-family: arial, sans-serif; font-size: 13px; font-style: normal; font-variant: normal; font-weight: normal; height: auto; line-height: normal; text-align: left; width: auto; direction: ltr; visibility: visible; display: inline; cursor: pointer;\">\u0db1\u0dd2\u0dba\u0db8\u0dcf\u0dc0\u0dbd\u0dd2\u0dba, \u0db1\u0dd2\u0dbb\u0dd6\u0db4\u0dd2\u0dad\u0dba, \u0db4\u0dd2\u0dbb\u0dd2\u0dc0\u0dd2\u0dad\u0dbb, \u0db4\u0dd2\u0dbb\u0dd2\u0dc0\u0dd2\u0dad\u0dbb \u0d9a\u0dd2\u0dbb\u0dd3\u0db8, \u0dc0\u0dd2\u0dc1\u0dda\u0dc2 \u0db1\u0dd2\u0dba\u0db8\u0dba, \u0dc0\u0dd2\u0dc1\u0dda\u0dc2\u0dab\u0dba, \u0dc0\u0ddb\u0dc1\u0dda\u0dc2\u0dd3\u0d9a\u0dbb\u0dab\u0dba, \u0dc3\u0db8\u0dca\u0db4\u0dd6\u0dbb\u0dca\u0dab \u0dc0\u0dd2\u0dc3\u0dca\u0dad\u0dbb \u0dc0\u0dd2\u0db7\u0dcf\u0d9c\u0dba<\/span><\/p>\n<div style=\"border: 0px; color: #6d6d67; margin: 0px; padding: 0px; font-family: arial, sans-serif; font-size: 0.8em; font-style: normal; font-variant: normal; font-weight: normal; height: auto; line-height: normal; text-align: left; width: auto; direction: ltr; visibility: visible; display: block;\">English &#8211; Sinhala<\/div>\n<div style=\"border: 0px; color: #000000; margin: 0px; padding: 0px; font-family: arial, sans-serif; font-size: 13px; font-style: normal; font-variant: normal; font-weight: normal; height: 0.5em; line-height: normal; text-align: left; width: auto; direction: ltr; visibility: visible; display: block;\"><\/div>\n<p>(<b style=\"border: 0px; color: #000000; margin: 0px; padding: 0px; font-family: arial, sans-serif; font-size: 13px; font-style: normal; font-variant: normal; font-weight: bold; height: auto; line-height: normal; text-align: left; width: auto; direction: ltr; visibility: visible; display: inline;\">specify<\/b>): <span style=\"border: 0px; color: blue; margin: 0px; padding: 0px; font-family: arial, sans-serif; font-size: 13px; font-style: normal; font-variant: normal; font-weight: normal; height: auto; line-height: normal; text-align: left; width: auto; direction: ltr; visibility: visible; display: inline; cursor: pointer;\">\u0db1\u0dd2\u0dba\u0db8 \u0dc0\u0dc1\u0dba\u0dd9\u0db1\u0dca \u0dc3\u0db3\u0dc4\u0db1\u0dca \u0d9a\u0dbb\u0db1\u0dc0\u0dcf, \u0dc0\u0dd2\u0dc1\u0dda\u0dc2\u0dab\u0dba \u0d9a\u0dd2\u0dbb\u0dd3\u0db8<\/span><\/p>\n<div style=\"border: 0px; color: #6d6d67; margin: 0px; padding: 0px; font-family: arial, sans-serif; font-size: 0.8em; font-style: normal; font-variant: normal; font-weight: normal; height: auto; line-height: normal; text-align: left; width: auto; direction: ltr; visibility: visible; display: block;\">English &#8211; Sinhala<\/div>\n<\/div>\n<\/div>\n<\/div>\n<div style=\"border: 0px; color: #000000; margin: 0px; padding: 0px; font-family: arial, sans-serif; font-size: 13px; font-style: normal; font-variant: normal; font-weight: normal; height: auto; line-height: normal; text-align: left; width: auto; direction: ltr; visibility: visible; display: block; position: absolute; background: transparent; opacity: 0.95; z-index: 99996; top: 33.316px; left: 56px;\">\n<div style=\"border-width: 0px 9px 9px; border-image: initial; color: #000000; margin: 0px; padding: 0px; font-family: arial, sans-serif; font-size: 13px; font-style: normal; font-variant: normal; font-weight: normal; height: auto; line-height: normal; text-align: left; width: auto; direction: ltr; visibility: visible; display: block; position: absolute; background: transparent; left: 3px; z-index: 99998; top: 3px; border-color: initial transparent #bfdfff transparent; border-style: initial solid solid solid;\"><\/div>\n<div style=\"border-width: 0px 12px 12px; border-image: initial; color: #000000; margin: 0px; padding: 0px; font-family: arial, sans-serif; font-size: 13px; font-style: normal; font-variant: normal; font-weight: normal; height: auto; line-height: normal; text-align: left; width: auto; direction: ltr; visibility: visible; display: block; position: absolute; background: transparent; left: 0px; z-index: 99997; border-color: initial transparent #2c4ade transparent; border-style: initial solid solid solid;\"><\/div>\n<\/div>\n<p>[\/vc_column_text][\/vc_column][\/vc_row]<\/p>\n<\/section>","protected":false},"excerpt":{"rendered":"<table width=\"548\">\n<tbody>\n<tr>\n<td width=\"548\"><strong>DS-7108HGHI-K1<\/strong><\/p>\n<p>8-ch 1080p Lite Mini 1U H.265 DVR<\/td>\n<\/tr>\n<tr>\n<td>Deep learning based human and vehicle targets classification of Motion Detection 2.0<\/td>\n<\/tr>\n<tr>\n<td>H.265 Pro+\/H.265 Pro\/H.265 video compression<\/td>\n<\/tr>\n<tr>\n<td>HDTVI\/AHD\/CVI\/CVBS\/IP video input<\/td>\n<\/tr>\n<tr>\n<td>Audio via coaxial cable<\/td>\n<\/tr>\n<tr>\n<td>Up to 10-ch IP camera inputs (up to 5 MP)<\/td>\n<\/tr>\n<tr>\n<td>Up to 1080p Lite@15 fps encoding capability<\/td>\n<\/tr>\n<tr>\n<td>Max. 1200 m for 720p HDTVI signal<\/td>\n<\/tr>\n<\/tbody>\n<\/table>\n","protected":false},"featured_media":3233,"comment_status":"open","ping_status":"closed","template":"","meta":[],"product_brand":[],"product_cat":[39],"product_tag":[],"class_list":{"0":"post-3232","1":"product","2":"type-product","3":"status-publish","4":"has-post-thumbnail","6":"product_cat-dvr","8":"first","9":"instock","10":"shipping-taxable","11":"purchasable","12":"product-type-simple"},"_links":{"self":[{"href":"https:\/\/wiretree.lk\/shop\/wp-json\/wp\/v2\/product\/3232","targetHints":{"allow":["GET"]}}],"collection":[{"href":"https:\/\/wiretree.lk\/shop\/wp-json\/wp\/v2\/product"}],"about":[{"href":"https:\/\/wiretree.lk\/shop\/wp-json\/wp\/v2\/types\/product"}],"replies":[{"embeddable":true,"href":"https:\/\/wiretree.lk\/shop\/wp-json\/wp\/v2\/comments?post=3232"}],"wp:featuredmedia":[{"embeddable":true,"href":"https:\/\/wiretree.lk\/shop\/wp-json\/wp\/v2\/media\/3233"}],"wp:attachment":[{"href":"https:\/\/wiretree.lk\/shop\/wp-json\/wp\/v2\/media?parent=3232"}],"wp:term":[{"taxonomy":"product_brand","embeddable":true,"href":"https:\/\/wiretree.lk\/shop\/wp-json\/wp\/v2\/product_brand?post=3232"},{"taxonomy":"product_cat","embeddable":true,"href":"https:\/\/wiretree.lk\/shop\/wp-json\/wp\/v2\/product_cat?post=3232"},{"taxonomy":"product_tag","embeddable":true,"href":"https:\/\/wiretree.lk\/shop\/wp-json\/wp\/v2\/product_tag?post=3232"}],"curies":[{"name":"wp","href":"https:\/\/api.w.org\/{rel}","templated":true}]}}