{"id":3247,"date":"2023-09-17T07:37:16","date_gmt":"2023-09-17T07:37:16","guid":{"rendered":"https:\/\/wiretree.lk\/shop\/?post_type=product&#038;p=3247"},"modified":"2023-09-17T07:37:18","modified_gmt":"2023-09-17T07:37:18","slug":"ds-7116hqhi-k1s","status":"publish","type":"product","link":"https:\/\/wiretree.lk\/shop\/ds-7116hqhi-k1s\/","title":{"rendered":"DS-7116HQHI-K1(S)"},"content":{"rendered":"<section class=\"wpb-content-wrapper\"><p>[vc_row][vc_column][vc_column_text text_larger=&#8221;no&#8221;]<\/p>\n<table width=\"751\">\n<tbody>\n<tr>\n<td width=\"751\"><strong>Specification<\/strong><\/p>\n<p>&nbsp;<\/td>\n<\/tr>\n<tr>\n<td>Model DS-7116HQHI-K1<\/td>\n<\/tr>\n<tr>\n<td>Recording<\/td>\n<\/tr>\n<tr>\n<td>Video compression H.265 Pro+\/H.265 Pro\/H.265\/H.264+\/H.264<\/td>\n<\/tr>\n<tr>\n<td>Encoding resolution<\/td>\n<\/tr>\n<tr>\n<td>When 1080p lite mode is not enabled:<\/td>\n<\/tr>\n<tr>\n<td>4 MP lite\/1080p\/720p\/VGA\/WD1\/4CIF\/CIF<\/td>\n<\/tr>\n<tr>\n<td>When 1080p lite mode is enabled:<\/td>\n<\/tr>\n<tr>\n<td>4 MP lite\/3 MP\/1080p lite\/720p lite\/VGA\/WD1\/4CIF\/CIF<\/td>\n<\/tr>\n<tr>\n<td>Frame rate<\/td>\n<\/tr>\n<tr>\n<td>Main stream:<\/td>\n<\/tr>\n<tr>\n<td>When 1080p Lite mode is not enabled:<\/td>\n<\/tr>\n<tr>\n<td>4 MP lite\/1080p@15 fps; 720p\/VGA\/WD1\/4CIF\/CIF@25 fps (P)\/30 fps (N)<\/td>\n<\/tr>\n<tr>\n<td>When 1080p Lite mode is enabled:<\/td>\n<\/tr>\n<tr>\n<td>4 MP lite@15 fps; 1080p lite\/720p lite\/VGA\/WD1\/4CIF\/CIF@25 fps (P)\/30 fps (N)<\/td>\n<\/tr>\n<tr>\n<td>Sub-stream:<\/td>\n<\/tr>\n<tr>\n<td>WD1\/4CIF@12 fps; CIF@25 fps (P)\/30 fps (N)<\/td>\n<\/tr>\n<tr>\n<td>Video bit rate 32 Kbps to 10 Mbps<\/td>\n<\/tr>\n<tr>\n<td>Dual stream Support<\/td>\n<\/tr>\n<tr>\n<td>Stream type Video, Video &amp; Audio<\/td>\n<\/tr>\n<tr>\n<td>Audio compression G.711u<\/td>\n<\/tr>\n<tr>\n<td>Audio bit rate 64 Kbps<\/td>\n<\/tr>\n<tr>\n<td>Video and Audio<\/td>\n<\/tr>\n<tr>\n<td>IP video input1<\/td>\n<\/tr>\n<tr>\n<td>2-ch (up to 18-ch)<\/td>\n<\/tr>\n<tr>\n<td>Enhanced IP mode on:<\/td>\n<\/tr>\n<tr>\n<td>8-ch (up to 24-ch), each up to 4 Mbps<\/td>\n<\/tr>\n<tr>\n<td>Up to 6 MP resolution<\/td>\n<\/tr>\n<tr>\n<td>Support H.265+\/H.265\/H.264+\/H.264 IP cameras<\/td>\n<\/tr>\n<tr>\n<td>Analog video input<\/td>\n<\/tr>\n<tr>\n<td>16-ch<\/td>\n<\/tr>\n<tr>\n<td>BNC interface (1.0 Vp-p, 75 \u03a9), supporting coaxitron connection<\/td>\n<\/tr>\n<tr>\n<td>HDTVI input<\/td>\n<\/tr>\n<tr>\n<td>3K(2960 x 1665)@20 fps, 5 MP(2560 \u00d7 1944)@20 fps, 4 MP(2560 \u00d7 1440)@30 fps, 4<\/td>\n<\/tr>\n<tr>\n<td>MP(2560 \u00d7 1440)@25 fps,1080p@30 fps, 1080p@25 fps,720p@30 fps, 720p@25 fps<\/td>\n<\/tr>\n<tr>\n<td>AHD input<\/td>\n<\/tr>\n<tr>\n<td>5 MP(2560 \u00d7 1944)@20 fps,4 MP(2560 \u00d7 1440)@30 fps, 4 MP(2560 \u00d7 1440)@25 fps,<\/td>\n<\/tr>\n<tr>\n<td>1080p@30 fps, 1080p@25 fps, 720p@30 fps, 720p@25 fps<\/td>\n<\/tr>\n<tr>\n<td>HDCVI input<\/td>\n<\/tr>\n<tr>\n<td>5 MP(2592 \u00d7 1944)@20 fps,4 MP(2560 \u00d7 1440)@30 fps, 4 MP(2560 \u00d7 1440)@25 fps,<\/td>\n<\/tr>\n<tr>\n<td>1080p@30 fps, 1080p@25 fps, 720p@30 fps, 720p@25 fps<\/td>\n<\/tr>\n<tr>\n<td>CVBS input PAL\/NTSC<\/td>\n<\/tr>\n<tr>\n<td>CVBS output N\/A<\/td>\n<\/tr>\n<tr>\n<td>VGA output 1-ch, 1920 \u00d7 1080\/60Hz, 1280 \u00d7 1024\/60Hz, 1280 \u00d7 720\/60Hz<\/td>\n<\/tr>\n<tr>\n<td>HDMI output 1-ch, 1920 \u00d7 1080\/60Hz, 1280 \u00d7 1024\/60Hz, 1280 \u00d7 720\/60Hz, 1024 \u00d7 768\/60Hz<\/td>\n<\/tr>\n<tr>\n<td>Video output mode HDMI and VGA simultaneous output<\/td>\n<\/tr>\n<tr>\n<td>Audio input<\/td>\n<\/tr>\n<tr>\n<td>1-ch, RCA (2.0 Vp-p, 1 K\u03a9)<\/td>\n<\/tr>\n<tr>\n<td>16-ch via coaxial cable<\/td>\n<\/tr>\n<tr>\n<td>Audio output 1-ch, RCA (Linear, 1 K\u03a9)<\/td>\n<\/tr>\n<tr>\n<td>Two-way audio 1-ch, RCA (2.0 Vp-p, 1 K\u03a9) (using the first audio input)<\/td>\n<\/tr>\n<tr>\n<td>Synchronous playback 16-ch<\/td>\n<\/tr>\n<tr>\n<td>Network<\/td>\n<\/tr>\n<tr>\n<td>Total bandwidth 128 Mbps<\/td>\n<\/tr>\n<tr>\n<td>Incoming bandwidth<\/td>\n<\/tr>\n<tr>\n<td>(Enhanced IP mode)<\/td>\n<\/tr>\n<tr>\n<td>96 Mbps<\/td>\n<\/tr>\n<tr>\n<td>Remote connection 128<\/td>\n<\/tr>\n<tr>\n<td>Network protocol<\/td>\n<\/tr>\n<tr>\n<td>TCP\/IP, PPPoE, DHCP, Hik-Connect, DNS, DDNS, NTP, SADP, NFS, iSCSI, UPnP\u2122, HTTPS,<\/td>\n<\/tr>\n<tr>\n<td>ONVIF<\/td>\n<\/tr>\n<tr>\n<td>Network interface 1, RJ45 10M\/100M\/1000M self-adaptive Ethernet interface<\/td>\n<\/tr>\n<tr>\n<td>Auxiliary interface<\/td>\n<\/tr>\n<tr>\n<td>SATA 1 SATA interface<\/td>\n<\/tr>\n<tr>\n<td>Capacity Up to 10 TB capacity for each disk<\/td>\n<\/tr>\n<tr>\n<td>Serial interface N\/A<\/td>\n<\/tr>\n<tr>\n<td>USB interface Rear panel: 2 \u00d7 USB 2.0<\/td>\n<\/tr>\n<tr>\n<td>Alarm in\/out N\/A<\/td>\n<\/tr>\n<tr>\n<td>General<\/td>\n<\/tr>\n<tr>\n<td>Power supply 12 VDC, 1.9 A<\/td>\n<\/tr>\n<tr>\n<td>Consumption (without<\/td>\n<\/tr>\n<tr>\n<td>HDD)<\/td>\n<\/tr>\n<tr>\n<td>\u2264 15 W<\/td>\n<\/tr>\n<tr>\n<td>Working temperature -10 \u00b0C to +55 \u00b0C (+14 \u00b0F to +131 \u00b0F)<\/td>\n<\/tr>\n<tr>\n<td>Working humidity 10% to 90%<\/td>\n<\/tr>\n<tr>\n<td>Dimension (W \u00d7 D \u00d7 H) 285 \u00d7 210 \u00d7 48 mm (11.2 \u00d7 8.3 \u00d7 1.9 inch)<\/td>\n<\/tr>\n<tr>\n<td>Weight (without HDD) \u2264 1 kg (2.2 lb)<\/td>\n<\/tr>\n<tr>\n<td>&nbsp;<\/p>\n<p>Note:<\/td>\n<\/tr>\n<tr>\n<td>1: Enhanced IP mode might be conflicted with smart events (perimeter protection) or other functions, please refer to<\/td>\n<\/tr>\n<tr>\n<td>the user manual for details.<\/td>\n<\/tr>\n<\/tbody>\n<\/table>\n<p>[\/vc_column_text][\/vc_column][\/vc_row]<\/p>\n<\/section>","protected":false},"excerpt":{"rendered":"<table width=\"339\">\n<tbody>\n<tr>\n<td width=\"339\"><strong>DS-7116HQHI-K1(S)<\/strong><\/p>\n<p>16-ch 1080p Mini 1U H.265 DVR<\/td>\n<\/tr>\n<tr>\n<td>8 channels and 1 HDD mini size DVR<\/td>\n<\/tr>\n<tr>\n<td>Efficient H.265 pro+ compression technology<\/td>\n<\/tr>\n<tr>\n<td>Encoding ability up to 1080p @ 15 fps<\/td>\n<\/tr>\n<tr>\n<td>5 signals input adaptively (HDTVI\/AHD\/CVI\/CVBS\/IP)<\/td>\n<\/tr>\n<tr>\n<td>Up to 24 network cameras can be connected<\/td>\n<\/tr>\n<\/tbody>\n<\/table>\n","protected":false},"featured_media":3249,"comment_status":"open","ping_status":"closed","template":"","meta":[],"product_brand":[],"product_cat":[39],"product_tag":[],"class_list":{"0":"post-3247","1":"product","2":"type-product","3":"status-publish","4":"has-post-thumbnail","6":"product_cat-dvr","8":"first","9":"instock","10":"shipping-taxable","11":"purchasable","12":"product-type-simple"},"_links":{"self":[{"href":"https:\/\/wiretree.lk\/shop\/wp-json\/wp\/v2\/product\/3247","targetHints":{"allow":["GET"]}}],"collection":[{"href":"https:\/\/wiretree.lk\/shop\/wp-json\/wp\/v2\/product"}],"about":[{"href":"https:\/\/wiretree.lk\/shop\/wp-json\/wp\/v2\/types\/product"}],"replies":[{"embeddable":true,"href":"https:\/\/wiretree.lk\/shop\/wp-json\/wp\/v2\/comments?post=3247"}],"wp:featuredmedia":[{"embeddable":true,"href":"https:\/\/wiretree.lk\/shop\/wp-json\/wp\/v2\/media\/3249"}],"wp:attachment":[{"href":"https:\/\/wiretree.lk\/shop\/wp-json\/wp\/v2\/media?parent=3247"}],"wp:term":[{"taxonomy":"product_brand","embeddable":true,"href":"https:\/\/wiretree.lk\/shop\/wp-json\/wp\/v2\/product_brand?post=3247"},{"taxonomy":"product_cat","embeddable":true,"href":"https:\/\/wiretree.lk\/shop\/wp-json\/wp\/v2\/product_cat?post=3247"},{"taxonomy":"product_tag","embeddable":true,"href":"https:\/\/wiretree.lk\/shop\/wp-json\/wp\/v2\/product_tag?post=3247"}],"curies":[{"name":"wp","href":"https:\/\/api.w.org\/{rel}","templated":true}]}}