{"id":3256,"date":"2023-09-17T08:16:28","date_gmt":"2023-09-17T08:16:28","guid":{"rendered":"https:\/\/wiretree.lk\/shop\/?post_type=product&#038;p=3256"},"modified":"2023-09-17T08:16:30","modified_gmt":"2023-09-17T08:16:30","slug":"ds-7216hghi-k1s","status":"publish","type":"product","link":"https:\/\/wiretree.lk\/shop\/ds-7216hghi-k1s\/","title":{"rendered":"DS-7216HGHI-K1(S)"},"content":{"rendered":"<section class=\"wpb-content-wrapper\"><p>[vc_row][vc_column][vc_column_text text_larger=&#8221;no&#8221;]<\/p>\n<table width=\"633\">\n<tbody>\n<tr>\n<td width=\"633\"><strong>Specification<\/strong><\/p>\n<p>&nbsp;<\/td>\n<\/tr>\n<tr>\n<td>Motion Detection 2.0<\/td>\n<\/tr>\n<tr>\n<td>Human\/Vehicle Analysis<\/td>\n<\/tr>\n<tr>\n<td>Deep learning-based motion detection 2.0 is enabled by default for all analog channels, it<\/td>\n<\/tr>\n<tr>\n<td>can classify human and vehicle, and extremely reduce false alarms caused by objects like<\/td>\n<\/tr>\n<tr>\n<td>leaves and lights;<\/td>\n<\/tr>\n<tr>\n<td>Quick search by object or event type is supported;<\/td>\n<\/tr>\n<tr>\n<td>Recording<\/td>\n<\/tr>\n<tr>\n<td>Video Compression H.265 Pro+\/H.265 Pro\/H.265\/H.264+\/H.264<\/td>\n<\/tr>\n<tr>\n<td>Encoding Resolution<\/td>\n<\/tr>\n<tr>\n<td>For 1080p stream access: 1080p Lite\/720p Lite\/WD1\/4CIF\/VGA\/CIF<\/td>\n<\/tr>\n<tr>\n<td>For 720p stream access: 720p\/WD1\/4CIF\/VGA\/CIF<\/td>\n<\/tr>\n<tr>\n<td>For standard definition stream access: WD1\/4CIF\/VGA\/CIF<\/td>\n<\/tr>\n<tr>\n<td>Frame Rate<\/td>\n<\/tr>\n<tr>\n<td>Main stream:<\/td>\n<\/tr>\n<tr>\n<td>For 1080p stream access: 1080p Lite\/720p Lite\/WD1\/4CIF\/VGA\/CIF@15 fps<\/td>\n<\/tr>\n<tr>\n<td>For 720p stream access: 720p\/WD1\/4CIF\/VGA\/CIF@15 fps<\/td>\n<\/tr>\n<tr>\n<td>For SD stream access: WD1\/4CIF\/VGA\/CIF@25 fps (P)\/30 fps (N)<\/td>\n<\/tr>\n<tr>\n<td>Sub-stream:<\/td>\n<\/tr>\n<tr>\n<td>For 1080p and 720p stream access: CIF\/QVGA@15 fps<\/td>\n<\/tr>\n<tr>\n<td>For SD stream access: CIF\/QVGA@25 fps (P)\/30 fps (N)<\/td>\n<\/tr>\n<tr>\n<td>Video Bitrate 32 Kbps to 4 Mbps<\/td>\n<\/tr>\n<tr>\n<td>Stream Type Video, Video &amp; Audio<\/td>\n<\/tr>\n<tr>\n<td>Audio Compression G.711u<\/td>\n<\/tr>\n<tr>\n<td>Audio Bitrate 64 Kbps<\/td>\n<\/tr>\n<tr>\n<td>Video and Audio<\/td>\n<\/tr>\n<tr>\n<td>IP Video Input<\/td>\n<\/tr>\n<tr>\n<td>2-ch (up to 18-ch)<\/td>\n<\/tr>\n<tr>\n<td>Up to 5 MP resolution<\/td>\n<\/tr>\n<tr>\n<td>Support H.265+\/H.265\/H.264+\/H.264 IP cameras<\/td>\n<\/tr>\n<tr>\n<td>Analog Video Input<\/td>\n<\/tr>\n<tr>\n<td>16-ch<\/td>\n<\/tr>\n<tr>\n<td>BNC interface (1.0 Vp-p, 75 \u03a9), supporting coaxitron connection<\/td>\n<\/tr>\n<tr>\n<td>HDTVI Input 1080p25, 1080p30, 720p25, 720p30<\/td>\n<\/tr>\n<tr>\n<td>AHD Input 1080p25, 1080p30, 720p25, 720p30<\/td>\n<\/tr>\n<tr>\n<td>HDCVI Input 1080p25, 1080p30, 720p25, 720p30<\/td>\n<\/tr>\n<tr>\n<td>CVBS Input Support<\/td>\n<\/tr>\n<tr>\n<td>HDMI Output 1-ch, 1920 \u00d7 1080\/60Hz, 1280 \u00d7 1024\/60Hz, 1280 \u00d7 720\/60Hz<\/td>\n<\/tr>\n<tr>\n<td>VGA Output 1-ch, 1920 \u00d7 1080\/60Hz, 1280 \u00d7 1024\/60Hz, 1280 \u00d7 720\/60Hz<\/td>\n<\/tr>\n<tr>\n<td>Video Output Mode HDMI\/VGA simultaneous output<\/td>\n<\/tr>\n<tr>\n<td>Audio Input<\/td>\n<\/tr>\n<tr>\n<td>1-ch RCA (2.0 Vp-p, 1 K\u03a9)<\/td>\n<\/tr>\n<tr>\n<td>16-ch via coaxial cable<\/td>\n<\/tr>\n<tr>\n<td>Audio Output 1-ch, RCA (Linear, 1 K\u03a9)<\/td>\n<\/tr>\n<tr>\n<td>Two-Way Audio Reuse the first audio input<\/td>\n<\/tr>\n<tr>\n<td>Synchronous playback 16-ch<\/td>\n<\/tr>\n<tr>\n<td>Network<\/td>\n<\/tr>\n<tr>\n<td>Total Bandwidth 96 Mbps<\/td>\n<\/tr>\n<tr>\n<td>Network Protocol TCP\/IP, PPPoE, DHCP, Hik-Connect, DNS, DDNS, NTP, SADP, SMTP, UPnP\u2122, HTTPS<\/td>\n<\/tr>\n<tr>\n<td>Remote Connection 128<\/td>\n<\/tr>\n<tr>\n<td>Network Interface 1, RJ45 10\/100 Mbps self-adaptive Ethernet interface<\/td>\n<\/tr>\n<tr>\n<td>Auxiliary Interface<\/td>\n<\/tr>\n<tr>\n<td>SATA 1 SATA interface<\/td>\n<\/tr>\n<tr>\n<td>Capacity Up to 10 TB capacity for each disk<\/td>\n<\/tr>\n<tr>\n<td>USB Interface Rear panel: 2 \u00d7 USB 2.0<\/td>\n<\/tr>\n<tr>\n<td>General<\/td>\n<\/tr>\n<tr>\n<td>Power Supply 12 VDC, 1.6 A<\/td>\n<\/tr>\n<tr>\n<td>Consumption \u2264 10 W (without HDD)<\/td>\n<\/tr>\n<tr>\n<td>Working Temperature -10 \u00b0C to 55 \u00b0C (14 \u00b0F to +31 \u00b0F)<\/td>\n<\/tr>\n<tr>\n<td>Working Humidity 10% to 90%<\/td>\n<\/tr>\n<tr>\n<td>Dimension (W \u00d7 D \u00d7 H) 260 \u00d7 222 \u00d7 45 mm (10.2 \u00d7 8.7 \u00d7 1.8 inch)<\/td>\n<\/tr>\n<tr>\n<td>Weight \u2264 1.1 kg (without HDD, 2.4 lb.)<\/td>\n<\/tr>\n<\/tbody>\n<\/table>\n<p>[\/vc_column_text][\/vc_column][\/vc_row]<\/p>\n<\/section>","protected":false},"excerpt":{"rendered":"<table width=\"548\">\n<tbody>\n<tr>\n<td width=\"548\"><strong>DS-7216HGHI-K1(S)<\/strong><\/p>\n<p><strong>DS-7200 series 1U Turbo HD DVR<\/strong><\/p>\n<p>16-ch 1080p Lite 1U H.265 DVR<\/td>\n<\/tr>\n<tr>\n<td>Deep learning based human and vehicle targets classification of Motion Detection 2.0<\/td>\n<\/tr>\n<tr>\n<td>H.265 Pro+\/H.265 Pro\/H.265 video compression<\/td>\n<\/tr>\n<tr>\n<td>HDTVI\/AHD\/CVI\/CVBS\/IP video input<\/td>\n<\/tr>\n<tr>\n<td>Audio via coaxial cable<\/td>\n<\/tr>\n<tr>\n<td>Up to 18-ch IP camera inputs (up to 5 MP)<\/td>\n<\/tr>\n<tr>\n<td>Up to 1080p Lite@15 fps encoding capability<\/td>\n<\/tr>\n<tr>\n<td>Max. 1200 m for 720p HDTVI signal<\/td>\n<\/tr>\n<\/tbody>\n<\/table>\n","protected":false},"featured_media":3257,"comment_status":"open","ping_status":"closed","template":"","meta":[],"product_brand":[],"product_cat":[39],"product_tag":[],"class_list":{"0":"post-3256","1":"product","2":"type-product","3":"status-publish","4":"has-post-thumbnail","6":"product_cat-dvr","8":"first","9":"instock","10":"shipping-taxable","11":"purchasable","12":"product-type-simple"},"_links":{"self":[{"href":"https:\/\/wiretree.lk\/shop\/wp-json\/wp\/v2\/product\/3256","targetHints":{"allow":["GET"]}}],"collection":[{"href":"https:\/\/wiretree.lk\/shop\/wp-json\/wp\/v2\/product"}],"about":[{"href":"https:\/\/wiretree.lk\/shop\/wp-json\/wp\/v2\/types\/product"}],"replies":[{"embeddable":true,"href":"https:\/\/wiretree.lk\/shop\/wp-json\/wp\/v2\/comments?post=3256"}],"wp:featuredmedia":[{"embeddable":true,"href":"https:\/\/wiretree.lk\/shop\/wp-json\/wp\/v2\/media\/3257"}],"wp:attachment":[{"href":"https:\/\/wiretree.lk\/shop\/wp-json\/wp\/v2\/media?parent=3256"}],"wp:term":[{"taxonomy":"product_brand","embeddable":true,"href":"https:\/\/wiretree.lk\/shop\/wp-json\/wp\/v2\/product_brand?post=3256"},{"taxonomy":"product_cat","embeddable":true,"href":"https:\/\/wiretree.lk\/shop\/wp-json\/wp\/v2\/product_cat?post=3256"},{"taxonomy":"product_tag","embeddable":true,"href":"https:\/\/wiretree.lk\/shop\/wp-json\/wp\/v2\/product_tag?post=3256"}],"curies":[{"name":"wp","href":"https:\/\/api.w.org\/{rel}","templated":true}]}}