{"id":3259,"date":"2023-09-17T08:26:29","date_gmt":"2023-09-17T08:26:29","guid":{"rendered":"https:\/\/wiretree.lk\/shop\/?post_type=product&#038;p=3259"},"modified":"2023-09-17T08:26:30","modified_gmt":"2023-09-17T08:26:30","slug":"ids-7204hqhi-m1-s-turbo-acusense-dvr","status":"publish","type":"product","link":"https:\/\/wiretree.lk\/shop\/ids-7204hqhi-m1-s-turbo-acusense-dvr\/","title":{"rendered":"iDS-7204HQHI-M1\/S TURBO ACUSENSE DVR"},"content":{"rendered":"<section class=\"wpb-content-wrapper\"><p>[vc_row][vc_column][vc_column_text text_larger=&#8221;no&#8221;]<\/p>\n<table class=\" alignleft\" width=\"733\">\n<tbody>\n<tr>\n<td width=\"733\"><strong>Specification<\/strong><\/td>\n<\/tr>\n<tr>\n<td>Motion Detection 2.0<\/td>\n<\/tr>\n<tr>\n<td>Human\/Vehicle Analysis<\/td>\n<\/tr>\n<tr>\n<td>Deep learning-based motion detection 2.0 is enabled by default for all analog channels,<\/td>\n<\/tr>\n<tr>\n<td>it can classify human and vehicle, and extremely reduce false alarms caused by objects<\/td>\n<\/tr>\n<tr>\n<td>like leaves and lights;<\/td>\n<\/tr>\n<tr>\n<td>Quick search by object or event type is supported;<\/td>\n<\/tr>\n<tr>\n<td>Perimeter Protection<\/td>\n<\/tr>\n<tr>\n<td>Human\/Vehicle Analysis Up to 2-ch<\/td>\n<\/tr>\n<tr>\n<td>Facial Detection<\/td>\n<\/tr>\n<tr>\n<td>Facial Detection and Capture Face picture detection, face picture search<\/td>\n<\/tr>\n<tr>\n<td>Recording<\/td>\n<\/tr>\n<tr>\n<td>Video Compression H.265 Pro+\/H.265 Pro\/H.265\/H.264+\/H.264<\/td>\n<\/tr>\n<tr>\n<td>Encoding Resolution<\/td>\n<\/tr>\n<tr>\n<td>When 1080p Lite mode is not enabled:<\/td>\n<\/tr>\n<tr>\n<td>3K lite\/5 MP lite\/4 MP lite\/1080p\/720p\/VGA\/WD1\/4CIF\/CIF;<\/td>\n<\/tr>\n<tr>\n<td>When 1080p Lite mode is enabled:<\/td>\n<\/tr>\n<tr>\n<td>3K lite\/5 MP lite\/4 MP lite\/1080p lite\/720p lite\/VGA\/WD1\/4CIF\/CIF<\/td>\n<\/tr>\n<tr>\n<td>Frame Rate<\/td>\n<\/tr>\n<tr>\n<td>Main stream:<\/td>\n<\/tr>\n<tr>\n<td>When 1080p Lite mode not enabled:<\/td>\n<\/tr>\n<tr>\n<td>For 3K stream access: 3K lite@12fps;4 MP<\/td>\n<\/tr>\n<tr>\n<td>lite\/1080p@15fps;720p\/WD1\/4CIF\/VGA\/CIF@20fps<\/td>\n<\/tr>\n<tr>\n<td>For 5 MP stream access: 5 MP lite@12fps;4 MP<\/td>\n<\/tr>\n<tr>\n<td>lite\/1080p@15fps;720p\/WD1\/4CIF\/VGA\/CIF@20fps<\/td>\n<\/tr>\n<tr>\n<td>For 4 MP stream access: 4 MP lite\/1080p@15fps;720p\/WD1\/4CIF\/VGA\/CIF@25fps<\/td>\n<\/tr>\n<tr>\n<td>(P)\/30fps (N)<\/td>\n<\/tr>\n<tr>\n<td>For 1080p stream access: 1080p\/720p@15fps; VGA\/WD1\/4CIF\/CIF@25fps (P)\/30fps (N)<\/td>\n<\/tr>\n<tr>\n<td>For 720p stream access: 720p\/VGA\/WD1\/4CIF\/CIF@25fps (P)\/30fps (N)<\/td>\n<\/tr>\n<tr>\n<td>When 1080p Lite mode enabled:<\/td>\n<\/tr>\n<tr>\n<td>3K lite\/5 MP lite@12fps;4 MP lite@15fps;1080p lite\/720p<\/td>\n<\/tr>\n<tr>\n<td>lite\/VGA\/WD1\/4CIF\/CIF@25fps (P)\/30fps (N)<\/td>\n<\/tr>\n<tr>\n<td>Sub-stream:<\/td>\n<\/tr>\n<tr>\n<td>WD1\/4CIF@12fps; CIF@25fps (P)\/30fps (N)<\/td>\n<\/tr>\n<tr>\n<td>Video Bitrate 32 Kbps to 6 Mbps<\/td>\n<\/tr>\n<tr>\n<td>Dual-stream Support<\/td>\n<\/tr>\n<tr>\n<td>Stream Type Video, Video &amp; Audio<\/td>\n<\/tr>\n<tr>\n<td>Audio Compression G.711u<\/td>\n<\/tr>\n<tr>\n<td>Audio Bitrate 64 Kbps<\/td>\n<\/tr>\n<tr>\n<td>Video and Audio<\/td>\n<\/tr>\n<tr>\n<td>IP Video Input<\/td>\n<\/tr>\n<tr>\n<td>1-ch (up to 5-ch\uff09<\/td>\n<\/tr>\n<tr>\n<td>Up to 6 MP resolution<\/td>\n<\/tr>\n<tr>\n<td>Enhanced IP mode on:<\/td>\n<\/tr>\n<tr>\n<td>2-ch (up to 6-ch), each up to 4 Mbps<\/td>\n<\/tr>\n<tr>\n<td>Support H.265+\/H.265\/H.264+\/H.264 IP cameras<\/td>\n<\/tr>\n<tr>\n<td>Analog Video Input 4-ch;BNC interface (1.0 Vp-p, 75 \u03a9), supporting coaxitron connection<\/td>\n<\/tr>\n<tr>\n<td>HDMI Output<\/td>\n<\/tr>\n<tr>\n<td>1-ch, 1920 \u00d7 1080\/60Hz, 1280 \u00d7 1024\/60Hz, 1280 \u00d7 720\/60Hz,<\/td>\n<\/tr>\n<tr>\n<td>HDMI\/VGA simultaneous output<\/td>\n<\/tr>\n<tr>\n<td>CVBS Input PAL\/NTSC<\/td>\n<\/tr>\n<tr>\n<td>CVBS Output<\/td>\n<\/tr>\n<tr>\n<td>1-ch, BNC (1.0 Vp-p, 75 \u03a9),<\/td>\n<\/tr>\n<tr>\n<td>resolution: PAL: 704 \u00d7 576, NTSC: 704 \u00d7 480<\/td>\n<\/tr>\n<tr>\n<td>Synchronous playback 4-ch<\/td>\n<\/tr>\n<tr>\n<td>HDTVI Input<\/td>\n<\/tr>\n<tr>\n<td>3K(2960 x 1665)@20 fps, 5 MP(2560 \u00d7 1944)@20 fps, 4 MP(2560 \u00d7 1440)@30 fps, 4<\/td>\n<\/tr>\n<tr>\n<td>MP(2560 \u00d7 1440)@25 fps,1080p@30 fps, 1080p@25 fps,720p@30 fps, 720p@25 fps<\/td>\n<\/tr>\n<tr>\n<td>AHD Input<\/td>\n<\/tr>\n<tr>\n<td>5 MP(2560 \u00d7 1944)@20 fps,4 MP(2560 \u00d7 1440)@30 fps, 4 MP(2560 \u00d7 1440)@25 fps,<\/td>\n<\/tr>\n<tr>\n<td>1080p@30 fps, 1080p@25 fps, 720p@30 fps, 720p@25 fps<\/td>\n<\/tr>\n<tr>\n<td>VGA Output 1-ch, 1920 \u00d7 1080\/60Hz, 1280 \u00d7 1024\/60Hz, 1280 \u00d7 720\/60Hz<\/td>\n<\/tr>\n<tr>\n<td>HDCVI Input<\/td>\n<\/tr>\n<tr>\n<td>5 MP(2592 \u00d7 1944)@20 fps,4 MP(2560 \u00d7 1440)@30 fps, 4 MP(2560 \u00d7 1440)@25 fps,<\/td>\n<\/tr>\n<tr>\n<td>1080p@30 fps, 1080p@25 fps, 720p@30 fps, 720p@25 fps<\/td>\n<\/tr>\n<tr>\n<td>Audio Output 1-ch, RCA (Linear, 1 K\u03a9)<\/td>\n<\/tr>\n<tr>\n<td>Audio Input 1-ch, RCA (2.0 Vp-p, 1 K\u03a9),4-ch via coaxial cable<\/td>\n<\/tr>\n<tr>\n<td>Two-Way Audio 1-ch, RCA (2.0 Vp-p, 1 K\u03a9) (using the first audio input)<\/td>\n<\/tr>\n<tr>\n<td>Network<\/td>\n<\/tr>\n<tr>\n<td>Total Bandwidth 72 Mbps<\/td>\n<\/tr>\n<tr>\n<td>Network Protocol<\/td>\n<\/tr>\n<tr>\n<td>TCP\/IP, PPPoE, DHCP, Hik-Connect, DNS, DDNS, NTP, SADP, NFS, iSCSI, UPnP\u2122, HTTPS,<\/td>\n<\/tr>\n<tr>\n<td>ONVIF<\/td>\n<\/tr>\n<tr>\n<td>Remote Connection 32<\/td>\n<\/tr>\n<tr>\n<td>Network Interface 1, RJ45 10M\/100M self-adaptive Ethernet interface<\/td>\n<\/tr>\n<tr>\n<td>Auxiliary Interface<\/td>\n<\/tr>\n<tr>\n<td>SATA 1 SATA interface<\/td>\n<\/tr>\n<tr>\n<td>Capacity Up to 10 TB capacity for each disk<\/td>\n<\/tr>\n<tr>\n<td>Serial Interface RS-485 (half-duplex)<\/td>\n<\/tr>\n<tr>\n<td>USB Interface 2 \u00d7 USB 2.0<\/td>\n<\/tr>\n<tr>\n<td>Alarm In\/Out N\/A<\/td>\n<\/tr>\n<tr>\n<td>General<\/td>\n<\/tr>\n<tr>\n<td>Power Supply 12 VDC, 1.5A<\/td>\n<\/tr>\n<tr>\n<td>Consumption \u2264 18 W<\/td>\n<\/tr>\n<tr>\n<td>Working Temperature -10 \u00b0C to +55 \u00b0C (+14 \u00b0F to +131 \u00b0F)<\/td>\n<\/tr>\n<tr>\n<td>Working Humidity 10% to 90%<\/td>\n<\/tr>\n<tr>\n<td>Dimension (W \u00d7 D \u00d7 H) 315 \u00d7 242 \u00d7 45 mm (12.4 \u00d7 9.5 \u00d7 1.8 inch)<\/td>\n<\/tr>\n<tr>\n<td>Weight \u2264 1.16 kg (2.6 lb)<\/td>\n<\/tr>\n<tr>\n<td><\/td>\n<\/tr>\n<tr>\n<td>Note:<\/td>\n<\/tr>\n<tr>\n<td>1: Motion detection 2.0 and perimeter protection cannot be enabled at the same time. Enable one function will<\/td>\n<\/tr>\n<tr>\n<td>make the other one unavailable.<\/td>\n<\/tr>\n<tr>\n<td>2: Enhanced IP mode might be conflicted with smart events (motion detection 2.0 and perimeter protection) or<\/td>\n<\/tr>\n<tr>\n<td>other functions, please refer to the user manual for details.<\/td>\n<\/tr>\n<tr>\n<td>3: The number of audio inputs and alarm in\/out can be optional. The tag on the package will describe audio input<\/td>\n<\/tr>\n<tr>\n<td>and alarm in\/out parameters. For example, \u201c4A+8\/4ALM\u201d means your device has 4 audio inputs, 8 alarm inputs and<\/td>\n<\/tr>\n<tr>\n<td>4 alarm outputs. If your device only has 1 audio input, the tag may not describe it.<\/td>\n<\/tr>\n<tr>\n<td><\/td>\n<\/tr>\n<\/tbody>\n<\/table>\n<div style=\"border: 0px; color: #000000; margin: 0px; padding: 0px; font-family: arial, sans-serif; font-size: 13px; font-style: normal; font-variant: normal; font-weight: normal; height: auto; line-height: normal; width: auto; direction: ltr; visibility: visible; display: block; position: absolute; background: transparent; opacity: 0.95; z-index: 99991; top: 59.3056px; left: 0px;\">\n<div style=\"border: 2px solid #2c4ade; color: #000000; margin: 0px; padding: 7px; font-family: arial, sans-serif; font-size: 13px; font-style: normal; font-variant: normal; font-weight: normal; height: auto; line-height: normal; text-align: left; width: auto; direction: ltr; visibility: visible; display: block; background: #bfdfff; max-width: 250px; z-index: 99992; border-radius: 8px;\">\n<div style=\"border: 0px; color: #000000; margin: 0px; padding: 0px; font-family: arial, sans-serif; font-size: 13px; font-style: normal; font-variant: normal; font-weight: normal; height: auto; line-height: normal; text-align: left; width: auto; direction: ltr; visibility: visible; display: block;\">\n<p><b style=\"border: 0px; color: #000000; margin: 0px; padding: 0px; font-family: arial, sans-serif; font-size: 13px; font-style: normal; font-variant: normal; font-weight: bold; height: auto; line-height: normal; text-align: left; width: auto; direction: ltr; visibility: visible; display: inline;\">specification<\/b>: <span style=\"border: 0px; color: blue; margin: 0px; padding: 0px; font-family: arial, sans-serif; font-size: 13px; font-style: normal; font-variant: normal; font-weight: normal; height: auto; line-height: normal; text-align: left; width: auto; direction: ltr; visibility: visible; display: inline; cursor: pointer; text-decoration: none;\">\u0db1\u0dd2\u0dba\u0db8\u0dcf\u0dc0\u0dbd\u0dd2\u0dba, \u0db1\u0dd2\u0dbb\u0dd6\u0db4\u0dd2\u0dad\u0dba, \u0db4\u0dd2\u0dbb\u0dd2\u0dc0\u0dd2\u0dad\u0dbb, \u0db4\u0dd2\u0dbb\u0dd2\u0dc0\u0dd2\u0dad\u0dbb \u0d9a\u0dd2\u0dbb\u0dd3\u0db8, \u0dc0\u0dd2\u0dc1\u0dda\u0dc2 \u0db1\u0dd2\u0dba\u0db8\u0dba, \u0dc0\u0dd2\u0dc1\u0dda\u0dc2\u0dab\u0dba, \u0dc0\u0ddb\u0dc1\u0dda\u0dc2\u0dd3\u0d9a\u0dbb\u0dab\u0dba, \u0dc3\u0db8\u0dca\u0db4\u0dd6\u0dbb\u0dca\u0dab \u0dc0\u0dd2\u0dc3\u0dca\u0dad\u0dbb \u0dc0\u0dd2\u0db7\u0dcf\u0d9c\u0dba<\/span><\/p>\n<div style=\"border: 0px; color: #6d6d67; margin: 0px; padding: 0px; font-family: arial, sans-serif; font-size: 0.8em; font-style: normal; font-variant: normal; font-weight: normal; height: auto; line-height: normal; text-align: left; width: auto; direction: ltr; visibility: visible; display: block;\">English &#8211; Sinhala<\/div>\n<div style=\"border: 0px; color: #000000; margin: 0px; padding: 0px; font-family: arial, sans-serif; font-size: 13px; font-style: normal; font-variant: normal; font-weight: normal; height: 0.5em; line-height: normal; text-align: left; width: auto; direction: ltr; visibility: visible; display: block;\"><\/div>\n<p>(<b style=\"border: 0px; color: #000000; margin: 0px; padding: 0px; font-family: arial, sans-serif; font-size: 13px; font-style: normal; font-variant: normal; font-weight: bold; height: auto; line-height: normal; text-align: left; width: auto; direction: ltr; visibility: visible; display: inline;\">specify<\/b>): <span style=\"border: 0px; color: blue; margin: 0px; padding: 0px; font-family: arial, sans-serif; font-size: 13px; font-style: normal; font-variant: normal; font-weight: normal; height: auto; line-height: normal; text-align: left; width: auto; direction: ltr; visibility: visible; display: inline; cursor: pointer;\">\u0db1\u0dd2\u0dba\u0db8 \u0dc0\u0dc1\u0dba\u0dd9\u0db1\u0dca \u0dc3\u0db3\u0dc4\u0db1\u0dca \u0d9a\u0dbb\u0db1\u0dc0\u0dcf, \u0dc0\u0dd2\u0dc1\u0dda\u0dc2\u0dab\u0dba \u0d9a\u0dd2\u0dbb\u0dd3\u0db8<\/span><\/p>\n<div style=\"border: 0px; color: #6d6d67; margin: 0px; padding: 0px; font-family: arial, sans-serif; font-size: 0.8em; font-style: normal; font-variant: normal; font-weight: normal; height: auto; line-height: normal; text-align: left; width: auto; direction: ltr; visibility: visible; display: block;\">English &#8211; Sinhala<\/div>\n<\/div>\n<\/div>\n<\/div>\n<div style=\"border: 0px; color: #000000; margin: 0px; padding: 0px; font-family: arial, sans-serif; font-size: 13px; font-style: normal; font-variant: normal; font-weight: normal; height: auto; line-height: normal; text-align: left; width: auto; direction: ltr; visibility: visible; display: block; position: absolute; background: transparent; opacity: 0.95; z-index: 99996; top: 49.3056px; left: 48px;\">\n<div style=\"border-width: 0px 9px 9px; border-image: initial; color: #000000; margin: 0px; padding: 0px; font-family: arial, sans-serif; font-size: 13px; font-style: normal; font-variant: normal; font-weight: normal; height: auto; line-height: normal; width: auto; direction: ltr; visibility: visible; display: block; position: absolute; background: transparent; left: 3px; z-index: 99998; top: 3px;\"><\/div>\n<div style=\"border-width: 0px 12px 12px; border-image: initial; color: #000000; margin: 0px; padding: 0px; font-family: arial, sans-serif; font-size: 13px; font-style: normal; font-variant: normal; font-weight: normal; height: auto; line-height: normal; width: auto; direction: ltr; visibility: visible; display: block; position: absolute; background: transparent; left: 0px; z-index: 99997;\"><\/div>\n<\/div>\n<p>[\/vc_column_text][\/vc_column][\/vc_row]<\/p>\n<\/section>","protected":false},"excerpt":{"rendered":"<table class=\" alignleft\" width=\"601\">\n<tbody>\n<tr>\n<td width=\"601\">\n<p style=\"text-align: left;\"><strong>iDS-7204HQHI-M1\/S TURBO ACUSENSE DVR<\/strong><\/p>\n<p>4-ch 1080p 1U H.265 AcuSense DVR<\/td>\n<\/tr>\n<tr>\n<td>4 channels and 1 HDD 1U AcuSense DVR<\/td>\n<\/tr>\n<tr>\n<td>False alarm reduction through human and vehicle target classification based on deep learning<\/td>\n<\/tr>\n<tr>\n<td>Efficient H.265 pro+ compression technology<\/td>\n<\/tr>\n<tr>\n<td>Encoding ability up to 1080p @ 15 fps<\/td>\n<\/tr>\n<tr>\n<td>5 signals input adaptively (HDTVI\/AHD\/CVI\/CVBS\/IP)<\/td>\n<\/tr>\n<tr>\n<td>Up to 6 network cameras can be connected.<\/td>\n<\/tr>\n<\/tbody>\n<\/table>\n","protected":false},"featured_media":3260,"comment_status":"open","ping_status":"closed","template":"","meta":[],"product_brand":[],"product_cat":[39],"product_tag":[],"class_list":{"0":"post-3259","1":"product","2":"type-product","3":"status-publish","4":"has-post-thumbnail","6":"product_cat-dvr","8":"first","9":"instock","10":"shipping-taxable","11":"purchasable","12":"product-type-simple"},"_links":{"self":[{"href":"https:\/\/wiretree.lk\/shop\/wp-json\/wp\/v2\/product\/3259","targetHints":{"allow":["GET"]}}],"collection":[{"href":"https:\/\/wiretree.lk\/shop\/wp-json\/wp\/v2\/product"}],"about":[{"href":"https:\/\/wiretree.lk\/shop\/wp-json\/wp\/v2\/types\/product"}],"replies":[{"embeddable":true,"href":"https:\/\/wiretree.lk\/shop\/wp-json\/wp\/v2\/comments?post=3259"}],"wp:featuredmedia":[{"embeddable":true,"href":"https:\/\/wiretree.lk\/shop\/wp-json\/wp\/v2\/media\/3260"}],"wp:attachment":[{"href":"https:\/\/wiretree.lk\/shop\/wp-json\/wp\/v2\/media?parent=3259"}],"wp:term":[{"taxonomy":"product_brand","embeddable":true,"href":"https:\/\/wiretree.lk\/shop\/wp-json\/wp\/v2\/product_brand?post=3259"},{"taxonomy":"product_cat","embeddable":true,"href":"https:\/\/wiretree.lk\/shop\/wp-json\/wp\/v2\/product_cat?post=3259"},{"taxonomy":"product_tag","embeddable":true,"href":"https:\/\/wiretree.lk\/shop\/wp-json\/wp\/v2\/product_tag?post=3259"}],"curies":[{"name":"wp","href":"https:\/\/api.w.org\/{rel}","templated":true}]}}