{"id":3274,"date":"2023-09-17T09:01:12","date_gmt":"2023-09-17T09:01:12","guid":{"rendered":"https:\/\/wiretree.lk\/shop\/?post_type=product&#038;p=3274"},"modified":"2023-09-17T09:01:14","modified_gmt":"2023-09-17T09:01:14","slug":"ids-7208huhi-m1-s-turbo-hd-x-2nd-gen-acusense","status":"publish","type":"product","link":"https:\/\/wiretree.lk\/shop\/ids-7208huhi-m1-s-turbo-hd-x-2nd-gen-acusense\/","title":{"rendered":"iDS-7208HUHI-M1\/S (Turbo HD X) 2nd Gen AcuSense"},"content":{"rendered":"<section class=\"wpb-content-wrapper\"><p>[vc_row][vc_column][vc_column_text text_larger=&#8221;no&#8221;]<\/p>\n<table width=\"716\">\n<tbody>\n<tr>\n<td width=\"716\"><strong>Specification<\/strong><\/p>\n<p><strong>iDS-7208HUHI-M1\/S\u00a0<\/strong><\/td>\n<\/tr>\n<tr>\n<td>Recording<\/td>\n<\/tr>\n<tr>\n<td>Encoding resolution<\/td>\n<\/tr>\n<tr>\n<td>Main stream: 8 MP@8 fps\/5 MP@12 fps\/4 MP@15 fps\/3 MP@18<\/td>\n<\/tr>\n<tr>\n<td>fps1080p\/720p\/WD1\/4CIF\/VGA\/CIF@25 fps (P)\/30 fps (N)Sub-stream: WD1\/4CIF\/CIF@25 fps (P)\/30<\/td>\n<\/tr>\n<tr>\n<td>fps (N)<\/td>\n<\/tr>\n<tr>\n<td>Video bit rate 32 Kbps to 10 Mbps<\/td>\n<\/tr>\n<tr>\n<td>\n<table>\n<tbody>\n<tr>\n<td width=\"716\">Video compression H.265 Pro+\/H.265 Pro\/H.265\/H.264+\/H.264<\/td>\n<\/tr>\n<\/tbody>\n<\/table>\n<\/td>\n<\/tr>\n<tr>\n<td>Dual stream Support<\/td>\n<\/tr>\n<tr>\n<td>Stream type Video, Video &amp; Audio<\/td>\n<\/tr>\n<tr>\n<td>Audio compression G.711u<\/td>\n<\/tr>\n<tr>\n<td>Audio bit rate 64 Kbps<\/td>\n<\/tr>\n<tr>\n<td>Video And Audio<\/td>\n<\/tr>\n<tr>\n<td>Audio input 1-ch, RCA (2.0 Vp-p, 1 K\u03a9)<\/td>\n<\/tr>\n<tr>\n<td>Audio output 1-ch, RCA (Linear, 1 K\u03a9)<\/td>\n<\/tr>\n<tr>\n<td>Synchronous playback 8-ch<\/td>\n<\/tr>\n<tr>\n<td>IP video input 8-ch (up to 16-ch);Up to 6 MP resolution;Support H.265+\/H.265\/H.264+\/H.264 IP cameras<\/td>\n<\/tr>\n<tr>\n<td>HDTVI input<\/td>\n<\/tr>\n<tr>\n<td>8 MP, 5 MP, 4 MP, 3 MP, 1080p@30 fps, 1080p@25 fps, 720p@60 fps, 720p@50 fps, 720p@30 fps,<\/td>\n<\/tr>\n<tr>\n<td>720p@25 fps<\/td>\n<\/tr>\n<tr>\n<td>HDCVI input 4 MP, 1080p@25 fps, 1080p@30 fps, 720p@25 fps, 720p@30 fps<\/td>\n<\/tr>\n<tr>\n<td>CVBS input PAL\/NTSC<\/td>\n<\/tr>\n<tr>\n<td>Two-way audio 1-ch, RCA (2.0 Vp-p, 1 K\u03a9) (using the first audio input)<\/td>\n<\/tr>\n<tr>\n<td>Analog video input 8-ch;BNC interface (1.0 Vp-p, 75 \u03a9), supporting coaxitron connection<\/td>\n<\/tr>\n<tr>\n<td>AHD input 5 MP, 4 MP, 1080p@25 fps, 1080p@30 fps, 720p@25 fps, 720p@30 fps<\/td>\n<\/tr>\n<tr>\n<td>CVBS output 1-ch, BNC (1.0 Vp-p, 75 \u03a9),resolution: PAL: 704 \u00d7 576, NTSC: 704 \u00d7 480<\/td>\n<\/tr>\n<tr>\n<td>200+<\/td>\n<\/tr>\n<tr>\n<td>Inventory Available<\/td>\n<\/tr>\n<tr>\n<td>50%-98%<\/td>\n<\/tr>\n<tr>\n<td>Off Global List Price<\/td>\n<\/tr>\n<tr>\n<td>100%<\/td>\n<\/tr>\n<tr>\n<td>Safe Online Shopping<\/td>\n<\/tr>\n<tr>\n<td>HDMI\/VGA output<\/td>\n<\/tr>\n<tr>\n<td>HDMI:1-ch, 4K (3840 \u00d7 2160)\/30Hz, 2K (2560 \u00d7 1440)\/60Hz,1920 \u00d7 1080\/60Hz, 1280 \u00d7 1024\/60Hz,<\/td>\n<\/tr>\n<tr>\n<td>1280 \u00d7 720\/60Hz, 1024 \u00d7 768\/60HzVGA:1-ch, 1920 \u00d7 1080\/60Hz, 1280 \u00d7 1024\/60Hz, 1280 \u00d7<\/td>\n<\/tr>\n<tr>\n<td>720\/60Hz, 1024 \u00d7 768\/60HzHDMI\/VGA simultaneous output<\/td>\n<\/tr>\n<tr>\n<td>Network<\/td>\n<\/tr>\n<tr>\n<td>Network protocols TCP\/IP, PPPoE, DHCP, Hik-Connect, DNS, DDNS, NTP, SADP, NFS, iSCSI, UPnP\u2122, HTTPS, ONVIF<\/td>\n<\/tr>\n<tr>\n<td>Remote connections 64<\/td>\n<\/tr>\n<tr>\n<td>Network interface 1,RJ45 10M\/100M\/1000M self-adaptive Ethernet interface<\/td>\n<\/tr>\n<tr>\n<td>Auxiliary Interface<\/td>\n<\/tr>\n<tr>\n<td>Capacity Up to 10 TB capacity for each disk<\/td>\n<\/tr>\n<tr>\n<td>Serial interface RS-485 (half-duplex)<\/td>\n<\/tr>\n<tr>\n<td>USB interface 1 \u00d7 USB 2.0 1 \u00d7 USB 3.0<\/td>\n<\/tr>\n<tr>\n<td>Alarm in\/out N\/A<\/td>\n<\/tr>\n<tr>\n<td>SATA 1 SATA interface<\/td>\n<\/tr>\n<tr>\n<td>General<\/td>\n<\/tr>\n<tr>\n<td>Consumption(without HDD) \u2264 10 W<\/td>\n<\/tr>\n<tr>\n<td>Working humidity 10% to 90%<\/td>\n<\/tr>\n<tr>\n<td>Power supply 12 VDC<\/td>\n<\/tr>\n<tr>\n<td>Working temperature -10 \u00b0C to +55 \u00b0C (+14 \u00b0F to +131 \u00b0F)<\/td>\n<\/tr>\n<tr>\n<td>Dimensions(W \u00d7 D \u00d7 H) 315 \u00d7 242 \u00d7 45 mm (12.4 \u00d7 9.5 \u00d7 1.8 inch)<\/td>\n<\/tr>\n<tr>\n<td>Weights (without HDD) \u2264 2 kg (4.4 lb)<\/td>\n<\/tr>\n<\/tbody>\n<\/table>\n<p>[\/vc_column_text][\/vc_column][\/vc_row]<\/p>\n<\/section>","protected":false},"excerpt":{"rendered":"<table width=\"566\">\n<tbody>\n<tr>\n<td width=\"566\"><strong>iDS-7208HUHI-M1\/S <\/strong><\/p>\n<p><strong>(Turbo HD X) 2nd Gen AcuSense<\/strong><\/p>\n<p>8-ch 5 MP 1U H.265 AcuSense DVR<\/td>\n<\/tr>\n<tr>\n<td>8 channels and 1 HDD 1U AcuSense DVR<\/td>\n<\/tr>\n<tr>\n<td>False alarm reduction by human and vehicle target classification based on deep learning<\/td>\n<\/tr>\n<tr>\n<td>Efficient H.265 pro+ compression technology<\/td>\n<\/tr>\n<tr>\n<td>Encoding abilty up to 8 MP @ 8 fps, 5 MP @ 12 fps<\/td>\n<\/tr>\n<tr>\n<td>5 signals input adaptively (HDTVI\/AHD\/CVI\/CVBS\/IP)<\/td>\n<\/tr>\n<tr>\n<td>Up to 16 network cameras can be connected.<\/td>\n<\/tr>\n<\/tbody>\n<\/table>\n","protected":false},"featured_media":3275,"comment_status":"open","ping_status":"closed","template":"","meta":[],"product_brand":[],"product_cat":[39],"product_tag":[],"class_list":{"0":"post-3274","1":"product","2":"type-product","3":"status-publish","4":"has-post-thumbnail","6":"product_cat-dvr","8":"first","9":"instock","10":"shipping-taxable","11":"purchasable","12":"product-type-simple"},"_links":{"self":[{"href":"https:\/\/wiretree.lk\/shop\/wp-json\/wp\/v2\/product\/3274","targetHints":{"allow":["GET"]}}],"collection":[{"href":"https:\/\/wiretree.lk\/shop\/wp-json\/wp\/v2\/product"}],"about":[{"href":"https:\/\/wiretree.lk\/shop\/wp-json\/wp\/v2\/types\/product"}],"replies":[{"embeddable":true,"href":"https:\/\/wiretree.lk\/shop\/wp-json\/wp\/v2\/comments?post=3274"}],"wp:featuredmedia":[{"embeddable":true,"href":"https:\/\/wiretree.lk\/shop\/wp-json\/wp\/v2\/media\/3275"}],"wp:attachment":[{"href":"https:\/\/wiretree.lk\/shop\/wp-json\/wp\/v2\/media?parent=3274"}],"wp:term":[{"taxonomy":"product_brand","embeddable":true,"href":"https:\/\/wiretree.lk\/shop\/wp-json\/wp\/v2\/product_brand?post=3274"},{"taxonomy":"product_cat","embeddable":true,"href":"https:\/\/wiretree.lk\/shop\/wp-json\/wp\/v2\/product_cat?post=3274"},{"taxonomy":"product_tag","embeddable":true,"href":"https:\/\/wiretree.lk\/shop\/wp-json\/wp\/v2\/product_tag?post=3274"}],"curies":[{"name":"wp","href":"https:\/\/api.w.org\/{rel}","templated":true}]}}