{"id":3285,"date":"2023-09-17T09:18:15","date_gmt":"2023-09-17T09:18:15","guid":{"rendered":"https:\/\/wiretree.lk\/shop\/?post_type=product&#038;p=3285"},"modified":"2023-09-17T09:18:17","modified_gmt":"2023-09-17T09:18:17","slug":"ds-7216huhi-k2s-turbo-hd-4-0","status":"publish","type":"product","link":"https:\/\/wiretree.lk\/shop\/ds-7216huhi-k2s-turbo-hd-4-0\/","title":{"rendered":"DS-7216HUHI-K2(S) (Turbo HD 4.0)"},"content":{"rendered":"<section class=\"wpb-content-wrapper\"><p>[vc_row][vc_column][vc_column_text text_larger=&#8221;no&#8221;]<\/p>\n<table width=\"735\">\n<tbody>\n<tr>\n<td width=\"735\"><strong>Specification<\/strong><\/p>\n<p>&nbsp;<\/td>\n<\/tr>\n<tr>\n<td>Model DS-7204HUHI-K2 DS-7208HUHI-K2 DS-7216HUHI-K2<\/td>\n<\/tr>\n<tr>\n<td>Perimeter Protection\u00b9<\/td>\n<\/tr>\n<tr>\n<td>Line Crossing<\/td>\n<\/tr>\n<tr>\n<td>Detection\/Intrusion<\/td>\n<\/tr>\n<tr>\n<td>Detection<\/td>\n<\/tr>\n<tr>\n<td>2-ch<\/td>\n<\/tr>\n<tr>\n<td>\n<table>\n<tbody>\n<tr>\n<td width=\"735\">Enhanced VCA mode on: 4-ch<\/td>\n<\/tr>\n<\/tbody>\n<\/table>\n<\/td>\n<\/tr>\n<tr>\n<td>2-ch<\/td>\n<\/tr>\n<tr>\n<td>Enhanced VCA mode on: 8-<\/td>\n<\/tr>\n<tr>\n<td>ch<\/td>\n<\/tr>\n<tr>\n<td>2-ch<\/td>\n<\/tr>\n<tr>\n<td>Enhanced VCA mode on:<\/td>\n<\/tr>\n<tr>\n<td>16-ch<\/td>\n<\/tr>\n<tr>\n<td>Recording<\/td>\n<\/tr>\n<tr>\n<td>Video compression H.265 Pro+\/H.265 Pro\/H.265\/H.264+\/H.264<\/td>\n<\/tr>\n<tr>\n<td>Encoding resolution<\/td>\n<\/tr>\n<tr>\n<td>When 8 MP Lite mode is not enabled:<\/td>\n<\/tr>\n<tr>\n<td>8 MP\/5 MP\/3K\/4 MP\/3 MP\/1080p\/720p\/WD1\/4CIF\/VGA\/CIF<\/td>\n<\/tr>\n<tr>\n<td>When 8 MP Lite mode is enabled:<\/td>\n<\/tr>\n<tr>\n<td>8 MP Lite\/5 MP\/4 MP\/3MP\/1080P\/720P\/WD1\/4CIF\/VGA\/CIF<\/td>\n<\/tr>\n<tr>\n<td>Frame rate<\/td>\n<\/tr>\n<tr>\n<td>Main stream:<\/td>\n<\/tr>\n<tr>\n<td>When 8 MP Lite mode is not enabled:<\/td>\n<\/tr>\n<tr>\n<td>8 MP@8 fps\/5MP@12 fps\/3K@12 fps\/4 MP@15 fps\/3 MP@18 fps<\/td>\n<\/tr>\n<tr>\n<td>1080p\/720p\/WD1\/4CIF\/VGA\/CIF@25 fps (P)\/30 fps (N)<\/td>\n<\/tr>\n<tr>\n<td>*: 8 MP@8 fps is only available for channel 1 of DS-7204HUHI-K2.<\/td>\n<\/tr>\n<tr>\n<td>When 8 MP Lite mode is enabled:<\/td>\n<\/tr>\n<tr>\n<td>8 MP Lite\/5 MP@12 fps\/4 MP\/3MP\/1080P\/720P\/WD1\/4CIF\/VGA\/CIF@15 fps<\/td>\n<\/tr>\n<tr>\n<td>*: 8 MP Lite is only available for DS-7204HUHI-K2.<\/td>\n<\/tr>\n<tr>\n<td>Sub-stream:<\/td>\n<\/tr>\n<tr>\n<td>WD1\/4CIF\/CIF@25fps (P)\/30fps (N)<\/td>\n<\/tr>\n<tr>\n<td>Video bit rate 32 Kbps to 10 Mbps<\/td>\n<\/tr>\n<tr>\n<td>Dual stream Support<\/td>\n<\/tr>\n<tr>\n<td>Stream type Video, Video &amp; Audio<\/td>\n<\/tr>\n<tr>\n<td>Audio compression G.711u<\/td>\n<\/tr>\n<tr>\n<td>Audio bit rate 64 Kbps<\/td>\n<\/tr>\n<tr>\n<td>Video and Audio<\/td>\n<\/tr>\n<tr>\n<td>IP video input2<\/td>\n<\/tr>\n<tr>\n<td>2-ch (up to 6-ch)<\/td>\n<\/tr>\n<tr>\n<td>Enhanced IP mode on:<\/td>\n<\/tr>\n<tr>\n<td>4-ch (up to 8-ch), each up to 4<\/td>\n<\/tr>\n<tr>\n<td>Mbps<\/td>\n<\/tr>\n<tr>\n<td>4-ch (up to 12-ch)<\/td>\n<\/tr>\n<tr>\n<td>Enhanced IP mode on:<\/td>\n<\/tr>\n<tr>\n<td>8-ch (up to 16-ch), each up to<\/td>\n<\/tr>\n<tr>\n<td>4 Mbps<\/td>\n<\/tr>\n<tr>\n<td>8-ch (up to 24-ch)<\/td>\n<\/tr>\n<tr>\n<td>Enhanced IP mode on:<\/td>\n<\/tr>\n<tr>\n<td>16-ch (up to 32-ch), each<\/td>\n<\/tr>\n<tr>\n<td>up to 4 Mbps<\/td>\n<\/tr>\n<tr>\n<td>Up to 8 MP resolution<\/td>\n<\/tr>\n<tr>\n<td>Support H.265+\/H.265\/H.264+\/H.264 IP cameras<\/td>\n<\/tr>\n<tr>\n<td>Analog video input<\/td>\n<\/tr>\n<tr>\n<td>4-ch 8-ch 16-ch<\/td>\n<\/tr>\n<tr>\n<td>BNC interface (1.0 Vp-p, 75 \u03a9), supporting coaxitron connection<\/td>\n<\/tr>\n<tr>\n<td>HDTVI input 8 MP, 5 MP, 4 MP, 3 MP, 1080p30, 1080p25, 720p60, 720p50, 720p30, 720p25<\/td>\n<\/tr>\n<tr>\n<td>AHD input 5 MP, 4 MP, 1080p25, 1080p30, 720p25, 720p30<\/td>\n<\/tr>\n<tr>\n<td>HDCVI input 5 MP, 4 MP, 1080p25, 1080p30, 720p25, 720p30<\/td>\n<\/tr>\n<tr>\n<td>CVBS input PAL\/NTSC<\/td>\n<\/tr>\n<tr>\n<td>CVBS output<\/td>\n<\/tr>\n<tr>\n<td>1-ch, BNC (1.0 Vp-p, 75 \u03a9),<\/td>\n<\/tr>\n<tr>\n<td>resolution: PAL: 704 \u00d7 576, NTSC: 704 \u00d7 480<\/td>\n<\/tr>\n<tr>\n<td>VGA output 1-ch, 1920 \u00d7 1080\/60Hz, 1280 \u00d7 1024\/60Hz, 1280 \u00d7 720\/60Hz,<\/td>\n<\/tr>\n<tr>\n<td>1024 \u00d7 768\/60Hz<\/td>\n<\/tr>\n<tr>\n<td>HDMI output<\/td>\n<\/tr>\n<tr>\n<td>1-ch, 1920 \u00d7 1080\/60Hz, 1280<\/td>\n<\/tr>\n<tr>\n<td>\u00d7 1024\/60Hz, 1280 \u00d7<\/td>\n<\/tr>\n<tr>\n<td>720\/60Hz, 1024 \u00d7 768\/60Hz<\/td>\n<\/tr>\n<tr>\n<td>1-ch, 4K (3840 \u00d7 2160)\/30Hz, 2K (2560 \u00d7 1440)\/60Hz,<\/td>\n<\/tr>\n<tr>\n<td>1920 \u00d7 1080\/60Hz, 1280 \u00d7 1024\/60Hz, 1280 \u00d7 720\/60Hz,<\/td>\n<\/tr>\n<tr>\n<td>1024 \u00d7 768\/60Hz<\/td>\n<\/tr>\n<tr>\n<td>Audio input<\/td>\n<\/tr>\n<tr>\n<td>4-ch, RCA (2.0 Vp-p, 1 K\u03a9)<\/td>\n<\/tr>\n<tr>\n<td>4-ch via coaxial cable 8-ch via coaxial cable 16-ch via coaxial cable<\/td>\n<\/tr>\n<tr>\n<td>Audio output 1-ch, RCA (Linear, 1 K\u03a9)<\/td>\n<\/tr>\n<tr>\n<td>Two-way audio 1-ch, RCA (2.0 Vp-p, 1 K\u03a9) (using the first audio input)<\/td>\n<\/tr>\n<tr>\n<td>Synchronous playback 4-ch 8-ch 16-ch<\/td>\n<\/tr>\n<tr>\n<td>Network<\/td>\n<\/tr>\n<tr>\n<td>Total bandwidth 96 Mbps 128 Mbps<\/td>\n<\/tr>\n<tr>\n<td>Incoming bandwidth<\/td>\n<\/tr>\n<tr>\n<td>(Enhanced IP mode)<\/td>\n<\/tr>\n<tr>\n<td>Up to 32 Mbps Up to 64 Mbps Up to 128 Mbps<\/td>\n<\/tr>\n<tr>\n<td>Remote connection 32 64 128<\/td>\n<\/tr>\n<tr>\n<td>Network protocol TCP\/IP, PPPoE, DHCP, Hik-Connect, DNS, DDNS, NTP, SADP, NFS, iSCSI, UPnP\u2122, HTTPS, ONVIF<\/td>\n<\/tr>\n<tr>\n<td>Network interface<\/td>\n<\/tr>\n<tr>\n<td>1, RJ45 10M\/100M<\/td>\n<\/tr>\n<tr>\n<td>self-adaptive<\/td>\n<\/tr>\n<tr>\n<td>Ethernet interface<\/td>\n<\/tr>\n<tr>\n<td>1, RJ45 10M\/100M\/1000M<\/td>\n<\/tr>\n<tr>\n<td>self-adaptive Ethernet interface<\/td>\n<\/tr>\n<tr>\n<td>Auxiliary interface<\/td>\n<\/tr>\n<tr>\n<td>SATA 2 SATA interfaces<\/td>\n<\/tr>\n<tr>\n<td>Capacity Up to 10 TB capacity for each disk<\/td>\n<\/tr>\n<tr>\n<td>Serial interface RS-485 (half-duplex)<\/td>\n<\/tr>\n<tr>\n<td>USB interface 2 \u00d7 USB 2.0<\/td>\n<\/tr>\n<tr>\n<td>Front panel: 1 \u00d7 USB 2.0<\/td>\n<\/tr>\n<tr>\n<td>Rear panel: 1 \u00d7 USB 3.0<\/td>\n<\/tr>\n<tr>\n<td>Alarm in\/out 4\/1 8\/4 16\/4<\/td>\n<\/tr>\n<tr>\n<td>General<\/td>\n<\/tr>\n<tr>\n<td>Power supply 12 VDC, 3.33 A 12 VDC, 5 A<\/td>\n<\/tr>\n<tr>\n<td>Consumption<\/td>\n<\/tr>\n<tr>\n<td>(without HDD)<\/td>\n<\/tr>\n<tr>\n<td>\u2264 10 W \u2264 20 W \u2264 25 W<\/td>\n<\/tr>\n<tr>\n<td>Working temperature -10 \u00b0C to +55 \u00b0C (+14 \u00b0F to +131 \u00b0F)<\/td>\n<\/tr>\n<tr>\n<td>Working humidity 10% to 90%<\/td>\n<\/tr>\n<tr>\n<td>Dimension (W \u00d7 D \u00d7 H) 380 \u00d7 320 \u00d7 48 mm (15.0 \u00d7 12.6 \u00d7 1.9 inch)<\/td>\n<\/tr>\n<tr>\n<td>Weight (without HDD) \u2264 1.16 kg (2.6 lb) \u2264 1.78 kg (3.9 lb) \u2264 2 kg (4.4 lb)<\/td>\n<\/tr>\n<tr>\n<td>&nbsp;<\/p>\n<p>Note:<\/td>\n<\/tr>\n<tr>\n<td>1: Enabling enhanced VCA mode will maximize the connectable channel number for perimeter protection (line<\/td>\n<\/tr>\n<tr>\n<td>crossing detection and intrusion detection), but disable 2K\/4K HDMI output resolution and 4 MP\/5 MP\/8 MP signal<\/td>\n<\/tr>\n<tr>\n<td>input.<\/td>\n<\/tr>\n<tr>\n<td>2: Enhanced IP mode might be conflicted with smart events (perimeter protection) or other functions, please refer<\/td>\n<\/tr>\n<tr>\n<td>to the user manual for details.<\/td>\n<\/tr>\n<\/tbody>\n<\/table>\n<p>[\/vc_column_text][\/vc_column][\/vc_row]<\/p>\n<\/section>","protected":false},"excerpt":{"rendered":"<table width=\"339\">\n<tbody>\n<tr>\n<td width=\"339\"><strong>DS-7216HUHI-K2(S) <\/strong><\/p>\n<p><strong>(Turbo HD 4.0)<\/strong><\/p>\n<p>16-ch 5 MP 1U H.265 DVR<\/td>\n<\/tr>\n<tr>\n<td>16 channels and 2 HDDs 1U DVR<\/td>\n<\/tr>\n<tr>\n<td>Efficient H.265 pro+ compression technology<\/td>\n<\/tr>\n<tr>\n<td>Encoding ability up to 8 MP @ 8 fps, 5 MP @ 12 fps<\/td>\n<\/tr>\n<tr>\n<td>5 signals input adaptively (HDTVI\/AHD\/CVI\/CVBS\/IP)<\/td>\n<\/tr>\n<tr>\n<td>Up to 32 network cameras can be connected<\/td>\n<\/tr>\n<\/tbody>\n<\/table>\n","protected":false},"featured_media":3286,"comment_status":"open","ping_status":"closed","template":"","meta":[],"product_brand":[],"product_cat":[39],"product_tag":[],"class_list":{"0":"post-3285","1":"product","2":"type-product","3":"status-publish","4":"has-post-thumbnail","6":"product_cat-dvr","8":"first","9":"instock","10":"shipping-taxable","11":"purchasable","12":"product-type-simple"},"_links":{"self":[{"href":"https:\/\/wiretree.lk\/shop\/wp-json\/wp\/v2\/product\/3285","targetHints":{"allow":["GET"]}}],"collection":[{"href":"https:\/\/wiretree.lk\/shop\/wp-json\/wp\/v2\/product"}],"about":[{"href":"https:\/\/wiretree.lk\/shop\/wp-json\/wp\/v2\/types\/product"}],"replies":[{"embeddable":true,"href":"https:\/\/wiretree.lk\/shop\/wp-json\/wp\/v2\/comments?post=3285"}],"wp:featuredmedia":[{"embeddable":true,"href":"https:\/\/wiretree.lk\/shop\/wp-json\/wp\/v2\/media\/3286"}],"wp:attachment":[{"href":"https:\/\/wiretree.lk\/shop\/wp-json\/wp\/v2\/media?parent=3285"}],"wp:term":[{"taxonomy":"product_brand","embeddable":true,"href":"https:\/\/wiretree.lk\/shop\/wp-json\/wp\/v2\/product_brand?post=3285"},{"taxonomy":"product_cat","embeddable":true,"href":"https:\/\/wiretree.lk\/shop\/wp-json\/wp\/v2\/product_cat?post=3285"},{"taxonomy":"product_tag","embeddable":true,"href":"https:\/\/wiretree.lk\/shop\/wp-json\/wp\/v2\/product_tag?post=3285"}],"curies":[{"name":"wp","href":"https:\/\/api.w.org\/{rel}","templated":true}]}}