{"id":3298,"date":"2023-09-17T09:58:49","date_gmt":"2023-09-17T09:58:49","guid":{"rendered":"https:\/\/wiretree.lk\/shop\/?post_type=product&#038;p=3298"},"modified":"2023-09-17T09:58:51","modified_gmt":"2023-09-17T09:58:51","slug":"ds-7304hqhi-k4-turbo-hd-4-0","status":"publish","type":"product","link":"https:\/\/wiretree.lk\/shop\/ds-7304hqhi-k4-turbo-hd-4-0\/","title":{"rendered":"DS-7304HQHI-K4 (Turbo HD 4.0)"},"content":{"rendered":"<section class=\"wpb-content-wrapper\"><p>[vc_row][vc_column][vc_column_text text_larger=&#8221;no&#8221;]<\/p>\n<table width=\"523\">\n<tbody>\n<tr>\n<td width=\"523\"><strong>Specifications<\/strong><\/p>\n<p>&nbsp;<\/td>\n<\/tr>\n<tr>\n<td>Model DS-7304HQHI-K4 DS-7308HQHI-K4 DS-7316HQHI-K4<\/td>\n<\/tr>\n<tr>\n<td>Recording<\/td>\n<\/tr>\n<tr>\n<td>Recording<\/td>\n<\/tr>\n<tr>\n<td>Encoding resolution<\/td>\n<\/tr>\n<tr>\n<td>When 1080p Lite mode is not enabled:<\/td>\n<\/tr>\n<tr>\n<td>4 MP lite\/3 MP\/1080p\/720p\/VGA\/WD1\/4CIF\/CIF;<\/td>\n<\/tr>\n<tr>\n<td>\n<table>\n<tbody>\n<tr>\n<td width=\"523\">When 1080p Lite mode is enabled:<\/td>\n<\/tr>\n<\/tbody>\n<\/table>\n<\/td>\n<\/tr>\n<tr>\n<td>4 MP lite\/3 MP\/1080p lite\/720p lite\/VGA\/WD1\/4CIF\/CIF<\/td>\n<\/tr>\n<tr>\n<td>Frame rate<\/td>\n<\/tr>\n<tr>\n<td>Main stream:<\/td>\n<\/tr>\n<tr>\n<td>When 1080p Lite mode is not enabled:<\/td>\n<\/tr>\n<tr>\n<td>For 4 MP stream access: 4 MP lite@15fps; 1080p lite\/720p\/WD1\/4CIF\/VGA\/<\/td>\n<\/tr>\n<tr>\n<td>CIF@25fps (P)\/30fps (N)<\/td>\n<\/tr>\n<tr>\n<td>For 3 MP stream access: 3 MP\/1080p\/720p\/VGA\/WD1\/4CIF\/CIF@15fps<\/td>\n<\/tr>\n<tr>\n<td>For 1080p stream access: 1080p\/720p@15fps; VGA\/WD1\/4CIF\/CIF@25fps (P)<\/td>\n<\/tr>\n<tr>\n<td>\/30fps (N)<\/td>\n<\/tr>\n<tr>\n<td>For 720p stream access: 720p\/VGA\/WD1\/4CIF\/CIF@25fps (P)\/30fps (N)<\/td>\n<\/tr>\n<tr>\n<td>When 1080p Lite mode enabled:<\/td>\n<\/tr>\n<tr>\n<td>4 MP lite\/3 MP@15fps; 1080p lite\/720p lite\/VGA\/WD1\/4CIF\/CIF@25fps (P)\/ 30fps<\/td>\n<\/tr>\n<tr>\n<td>(N)<\/td>\n<\/tr>\n<tr>\n<td>Sub-stream:<\/td>\n<\/tr>\n<tr>\n<td>WD1\/4CIF@12fps; CIF@25fps (P)\/30fps (N)<\/td>\n<\/tr>\n<tr>\n<td>Video bit rate 32 Kbps to 6 Mbps<\/td>\n<\/tr>\n<tr>\n<td>Dual stream Support<\/td>\n<\/tr>\n<tr>\n<td>Stream type Video, Video &amp; Audio<\/td>\n<\/tr>\n<tr>\n<td>Audio compression G.711u<\/td>\n<\/tr>\n<tr>\n<td>Audio bit rate 64 Kbps<\/td>\n<\/tr>\n<tr>\n<td>Video and Audio<\/td>\n<\/tr>\n<tr>\n<td>IP video input<\/td>\n<\/tr>\n<tr>\n<td>2-ch (up to 6-ch) 4-ch (up to 12-ch) 8-ch (up to 24-ch)<\/td>\n<\/tr>\n<tr>\n<td>Up to 6 MP resolution<\/td>\n<\/tr>\n<tr>\n<td>Support H.265+\/H.265\/H.264+\/H.264 IP cameras<\/td>\n<\/tr>\n<tr>\n<td>Analog video input<\/td>\n<\/tr>\n<tr>\n<td>4-ch 8-ch 16-ch<\/td>\n<\/tr>\n<tr>\n<td>BNC interface (1.0 Vp-p, 75 \u03a9), supporting coaxitron connection<\/td>\n<\/tr>\n<tr>\n<td>HDTVI input<\/td>\n<\/tr>\n<tr>\n<td>4 MP, 3 MP, 1080p30, 1080p25, 720p60, 720p50, 720p30, 720p25<\/td>\n<\/tr>\n<tr>\n<td>*: The 3 MP signal input is only available for channel 1 of DS-7304HQHI-K4,<\/td>\n<\/tr>\n<tr>\n<td>channel 1\/2 of DS-7308HQHI-K4, and channel 1\/2\/3\/4 of DS-7316HQHI-K4.<\/td>\n<\/tr>\n<tr>\n<td>AHD input 4 MP, 1080p25, 1080p30, 720p25, 720p30<\/td>\n<\/tr>\n<tr>\n<td>HDCVI input 1080p25, 1080p30, 720p25, 720p30<\/td>\n<\/tr>\n<tr>\n<td>CVBS input PAL\/NTSC<\/td>\n<\/tr>\n<tr>\n<td>CVBS output 1-ch, BNC (1.0 Vp-p, 75 \u03a9), resolution: PAL: 704 \u00d7 576, NTSC: 704 \u00d7 480<\/td>\n<\/tr>\n<tr>\n<td>VGA\/HDMI output<\/td>\n<\/tr>\n<tr>\n<td>VGA: 1-ch, 1920 \u00d7 1080\/60Hz, 1280 \u00d7 1024\/60Hz, 1280 \u00d7 720\/60Hz, 1024 \u00d7<\/td>\n<\/tr>\n<tr>\n<td>768\/60Hz<\/td>\n<\/tr>\n<tr>\n<td>HDMI: 1-ch, 4K (3840 \u00d7 2160)\/30Hz, 2K (2560 \u00d7 1440)\/60Hz, 1920 \u00d7 1080\/60Hz,<\/td>\n<\/tr>\n<tr>\n<td>1280 \u00d7 1024\/60Hz, 1280 \u00d7 720\/60Hz, 1024 \u00d7 768\/60Hz<\/td>\n<\/tr>\n<tr>\n<td>Audio input 4-ch, RCA (2.0 Vp-p, 1 K\u03a9)<\/td>\n<\/tr>\n<tr>\n<td>Audio output 2-ch, RCA (Linear, 1 K\u03a9)<\/td>\n<\/tr>\n<tr>\n<td>Two-way audio 1-ch, RCA (2.0 Vp-p, 1 K\u03a9) (independent)<\/td>\n<\/tr>\n<tr>\n<td>Synchronous playback 4-ch 8-ch 16-ch<\/td>\n<\/tr>\n<tr>\n<td>Network<\/td>\n<\/tr>\n<tr>\n<td>Remote connections 128<\/td>\n<\/tr>\n<tr>\n<td>Network protocols<\/td>\n<\/tr>\n<tr>\n<td>TCP\/IP, PPPoE, DHCP, Hik-Connect, DNS, DDNS, NTP, SADP, NFS, iSCSI, UPnP\u2122,<\/td>\n<\/tr>\n<tr>\n<td>HTTPS, ONVIF, SNMP<\/td>\n<\/tr>\n<tr>\n<td>Network interface 1, RJ45 10M\/100M\/1000M self-adaptive Ethernet interface<\/td>\n<\/tr>\n<tr>\n<td>Auxiliary interface<\/td>\n<\/tr>\n<tr>\n<td>SATA 4 SATA interfaces<\/td>\n<\/tr>\n<tr>\n<td>eSATA Support<\/td>\n<\/tr>\n<tr>\n<td>Capacity Up to 10 TB capacity for each disk<\/td>\n<\/tr>\n<tr>\n<td>Serial interface RS-232, RS-485 (full-duplex), Keyboard<\/td>\n<\/tr>\n<tr>\n<td>USB interface<\/td>\n<\/tr>\n<tr>\n<td>Front panel: 2 \u00d7 USB 2.0<\/td>\n<\/tr>\n<tr>\n<td>Rear panel: 1 \u00d7 USB 3.0<\/td>\n<\/tr>\n<tr>\n<td>Alarm in\/out 16\/4<\/td>\n<\/tr>\n<tr>\n<td>General<\/td>\n<\/tr>\n<tr>\n<td>Power supply 100 to 240 VAC, 50 to 60 Hz, 1.5 A<\/td>\n<\/tr>\n<tr>\n<td>Consumption<\/td>\n<\/tr>\n<tr>\n<td>(without HDD)<\/td>\n<\/tr>\n<tr>\n<td>\u2264 30 W \u2264 40 W \u2264 55 W<\/td>\n<\/tr>\n<tr>\n<td>Working temperature -10 \u00b0C to +55 \u00b0C (+14 \u00b0F to +131 \u00b0F)<\/td>\n<\/tr>\n<tr>\n<td>Working humidity 10% to 90%<\/td>\n<\/tr>\n<tr>\n<td>Dimensions (W \u00d7 D \u00d7 H) 445 \u00d7 390 \u00d7 70 mm (17.5 \u00d7 15.4 \u00d7 2.8 inch)<\/td>\n<\/tr>\n<tr>\n<td>Weights (without HDD) \u2264 5 kg (11.0 lb)<\/td>\n<\/tr>\n<\/tbody>\n<\/table>\n<p>[\/vc_column_text][\/vc_column][\/vc_row]<\/p>\n<\/section>","protected":false},"excerpt":{"rendered":"<table width=\"403\">\n<tbody>\n<tr>\n<td width=\"403\"><strong>DS-7304HQHI-K4 (Turbo HD 4.0)<\/strong><\/p>\n<p><strong>1.5U Turbo HD DVR<\/strong><\/p>\n<p>4-ch 1080p 1.5U H.265 DVR<\/td>\n<\/tr>\n<tr>\n<td>4 channels and 4 HDDs 1.5U DVR<\/td>\n<\/tr>\n<tr>\n<td>Efficient H.265 pro+ compression technology<\/td>\n<\/tr>\n<tr>\n<td>Encoding ability up to 1080p @ 15 fps<\/td>\n<\/tr>\n<tr>\n<td>5 signals input adaptively (HDTVI\/AHD\/CVI\/CVBS\/IP)<\/td>\n<\/tr>\n<tr>\n<td>Up to 6 network cameras can be connected<\/td>\n<\/tr>\n<tr>\n<td>Supports POS triggered recording and POS information overlay<\/td>\n<\/tr>\n<\/tbody>\n<\/table>\n","protected":false},"featured_media":3301,"comment_status":"open","ping_status":"closed","template":"","meta":[],"product_brand":[],"product_cat":[39],"product_tag":[],"class_list":{"0":"post-3298","1":"product","2":"type-product","3":"status-publish","4":"has-post-thumbnail","6":"product_cat-dvr","8":"first","9":"instock","10":"shipping-taxable","11":"purchasable","12":"product-type-simple"},"_links":{"self":[{"href":"https:\/\/wiretree.lk\/shop\/wp-json\/wp\/v2\/product\/3298","targetHints":{"allow":["GET"]}}],"collection":[{"href":"https:\/\/wiretree.lk\/shop\/wp-json\/wp\/v2\/product"}],"about":[{"href":"https:\/\/wiretree.lk\/shop\/wp-json\/wp\/v2\/types\/product"}],"replies":[{"embeddable":true,"href":"https:\/\/wiretree.lk\/shop\/wp-json\/wp\/v2\/comments?post=3298"}],"wp:featuredmedia":[{"embeddable":true,"href":"https:\/\/wiretree.lk\/shop\/wp-json\/wp\/v2\/media\/3301"}],"wp:attachment":[{"href":"https:\/\/wiretree.lk\/shop\/wp-json\/wp\/v2\/media?parent=3298"}],"wp:term":[{"taxonomy":"product_brand","embeddable":true,"href":"https:\/\/wiretree.lk\/shop\/wp-json\/wp\/v2\/product_brand?post=3298"},{"taxonomy":"product_cat","embeddable":true,"href":"https:\/\/wiretree.lk\/shop\/wp-json\/wp\/v2\/product_cat?post=3298"},{"taxonomy":"product_tag","embeddable":true,"href":"https:\/\/wiretree.lk\/shop\/wp-json\/wp\/v2\/product_tag?post=3298"}],"curies":[{"name":"wp","href":"https:\/\/api.w.org\/{rel}","templated":true}]}}