{"id":3311,"date":"2023-09-17T10:11:42","date_gmt":"2023-09-17T10:11:42","guid":{"rendered":"https:\/\/wiretree.lk\/shop\/?post_type=product&#038;p=3311"},"modified":"2023-09-17T10:11:44","modified_gmt":"2023-09-17T10:11:44","slug":"ds-7324hqhi-k4-turbo-hd-4-0","status":"publish","type":"product","link":"https:\/\/wiretree.lk\/shop\/ds-7324hqhi-k4-turbo-hd-4-0\/","title":{"rendered":"DS-7324HQHI-K4 (Turbo HD 4.0)"},"content":{"rendered":"<section class=\"wpb-content-wrapper\"><p>[vc_row][vc_column][vc_column_text text_larger=&#8221;no&#8221;]<\/p>\n<table width=\"603\">\n<tbody>\n<tr>\n<td width=\"603\"><strong>Specifications<\/strong><\/p>\n<p>&nbsp;<\/td>\n<\/tr>\n<tr>\n<td>Model DS-7324HQHI-K4 DS-7332HQHI-K4<\/td>\n<\/tr>\n<tr>\n<td>Recording<\/td>\n<\/tr>\n<tr>\n<td>Video compression H.265 Pro+\/H.265 Pro\/H.265\/H.264+\/H.264<\/td>\n<\/tr>\n<tr>\n<td>Encoding resolution<\/td>\n<\/tr>\n<tr>\n<td>When 1080p Lite mode not enabled:<\/td>\n<\/tr>\n<tr>\n<td>4 MP lite\/3 MP\/1080p\/1080p lite\/720p\/WD1\/4CIF\/VGA\/CIF<\/td>\n<\/tr>\n<tr>\n<td>\n<table>\n<tbody>\n<tr>\n<td width=\"603\">When 1080p Lite mode enabled:<\/td>\n<\/tr>\n<\/tbody>\n<\/table>\n<\/td>\n<\/tr>\n<tr>\n<td>4 MP lite\/3 MP\/1080p lite\/720p\/720p lite\/WD1\/4CIF\/VGA\/CIF<\/td>\n<\/tr>\n<tr>\n<td>Frame rate<\/td>\n<\/tr>\n<tr>\n<td>Main stream:<\/td>\n<\/tr>\n<tr>\n<td>When 1080p Lite mode not enabled:<\/td>\n<\/tr>\n<tr>\n<td>For 4 MP stream access: 4 MP lite@15fps; 1080p lite\/720p\/WD1\/4CIF\/VGA\/<\/td>\n<\/tr>\n<tr>\n<td>CIF@25fps (P)\/30fps (N)<\/td>\n<\/tr>\n<tr>\n<td>For 3 MP stream access: 3 MP\/1080p\/720p\/WD1\/4CIF\/VGA\/CIF@15fps<\/td>\n<\/tr>\n<tr>\n<td>For 1080p stream access: 1080p\/720p@15fps; WD1\/4CIF\/VGA\/CIF@25fps (P)<\/td>\n<\/tr>\n<tr>\n<td>\/30fps (N)<\/td>\n<\/tr>\n<tr>\n<td>For 720p stream access: 720p\/WD1\/4CIF\/VGA\/CIF@25fps (P)\/30fps (N)<\/td>\n<\/tr>\n<tr>\n<td>When 1080p Lite mode enabled:<\/td>\n<\/tr>\n<tr>\n<td>For 4 MP stream access: 4 MP lite@15fps; 1080p lite\/720p lite\/WD1\/4CIF\/<\/td>\n<\/tr>\n<tr>\n<td>VGA\/CIF@25fps (P)\/30fps (N)<\/td>\n<\/tr>\n<tr>\n<td>For 3 MP stream access: 3 MP\/1080p lite\/720p lite\/WD1\/4CIF\/VGA\/CIF@15fps<\/td>\n<\/tr>\n<tr>\n<td>For 1080p stream access: 1080p lite\/720p lite\/WD1\/4CIF\/VGA\/CIF@25fps (P)<\/td>\n<\/tr>\n<tr>\n<td>\/30fps (N)<\/td>\n<\/tr>\n<tr>\n<td>For 720p stream access: 720p\/WD1\/4CIF\/VGA\/CIF@25fps (P)\/30fps (N)<\/td>\n<\/tr>\n<tr>\n<td>Sub-stream:<\/td>\n<\/tr>\n<tr>\n<td>WD1\/4CIF@12fps; CIF@25fps (P)\/30fps (N)<\/td>\n<\/tr>\n<tr>\n<td>Video bit rate 32 Kbps to 6 Mbps<\/td>\n<\/tr>\n<tr>\n<td>Dual stream Support<\/td>\n<\/tr>\n<tr>\n<td>Stream type Video, Video &amp; Audio<\/td>\n<\/tr>\n<tr>\n<td>Audio compression G.711u<\/td>\n<\/tr>\n<tr>\n<td>Audio bit rate 64 Kbps<\/td>\n<\/tr>\n<tr>\n<td>Video and Audio<\/td>\n<\/tr>\n<tr>\n<td>IP video input<\/td>\n<\/tr>\n<tr>\n<td>16-ch (up to 40-ch) 16-ch (up to 48-ch)<\/td>\n<\/tr>\n<tr>\n<td>Up to 6 MP resolution<\/td>\n<\/tr>\n<tr>\n<td>Support H.265+\/H.265\/H.264+\/H.264 IP cameras<\/td>\n<\/tr>\n<tr>\n<td>Analog video input<\/td>\n<\/tr>\n<tr>\n<td>24-ch 32-ch<\/td>\n<\/tr>\n<tr>\n<td>BNC interface (1.0 Vp-p, 75 \u03a9), supporting coaxitron connection<\/td>\n<\/tr>\n<tr>\n<td>HDTVI input<\/td>\n<\/tr>\n<tr>\n<td>4 MP, 3 MP, 1080p25, 1080p30, 720p25, 720p30, 720p50, 720p60<\/td>\n<\/tr>\n<tr>\n<td>*: The 3 MP signal input is only available for channel 1\/2\/3\/4.<\/td>\n<\/tr>\n<tr>\n<td>AHD input 4 MP, 1080p25, 1080p30, 720p25, 720p30<\/td>\n<\/tr>\n<tr>\n<td>HDCVI input 1080p25, 1080p30, 720p25, 720p30<\/td>\n<\/tr>\n<tr>\n<td>CVBS input PAL\/NTSC<\/td>\n<\/tr>\n<tr>\n<td>CVBS output 1-ch, BNC (1.0 Vp-p, 75 \u03a9), resolution: PAL: 704 \u00d7 576, NTSC: 704 \u00d7 480<\/td>\n<\/tr>\n<tr>\n<td>HDMI1\/VGA output 1-ch, 1920 \u00d7 1080\/60Hz, 1280 \u00d7 1024\/60Hz, 1280 \u00d7 720\/60Hz, 1024 \u00d7 768\/60Hz<\/td>\n<\/tr>\n<tr>\n<td>HDMI2 output<\/td>\n<\/tr>\n<tr>\n<td>1-ch, 4K (3840 \u00d7 2160)\/30Hz, 2K (2560 \u00d7 1440)\/60Hz, 1920 \u00d7 1080\/60Hz, 1280 \u00d7<\/td>\n<\/tr>\n<tr>\n<td>1024\/60Hz, 1280 \u00d7 720\/60Hz, 1024 \u00d7 768\/60Hz<\/td>\n<\/tr>\n<tr>\n<td>Audio input 4-ch, RCA (2.0 Vp-p, 1 K\u03a9)<\/td>\n<\/tr>\n<tr>\n<td>Audio output 1-ch, RCA (Linear, 1 K\u03a9)<\/td>\n<\/tr>\n<tr>\n<td>Two-way audio 1-ch, RCA (2.0 Vp-p, 1 K\u03a9) (independent)<\/td>\n<\/tr>\n<tr>\n<td>Synchronous playback 16-ch<\/td>\n<\/tr>\n<tr>\n<td>Network<\/td>\n<\/tr>\n<tr>\n<td>Remote connections 128<\/td>\n<\/tr>\n<tr>\n<td>Network protocols<\/td>\n<\/tr>\n<tr>\n<td>TCP\/IP, PPPoE, DHCP, Hik-Connect, DNS, DDNS, NTP, SADP, NFS, iSCSI, UPnP\u2122,<\/td>\n<\/tr>\n<tr>\n<td>HTTPS, ONVIF, SNMP<\/td>\n<\/tr>\n<tr>\n<td>Network interface 1, RJ45 10M\/100M\/1000M self-adaptive Ethernet interface<\/td>\n<\/tr>\n<tr>\n<td>Auxiliary interface<\/td>\n<\/tr>\n<tr>\n<td>SATA 4 SATA interfaces<\/td>\n<\/tr>\n<tr>\n<td>eSATA Support<\/td>\n<\/tr>\n<tr>\n<td>Capacity Up to 10 TB capacity for each disk<\/td>\n<\/tr>\n<tr>\n<td>Serial interface RS-232, RS-485 (full-duplex), Keyboard<\/td>\n<\/tr>\n<tr>\n<td>Alarm in\/out 16\/4<\/td>\n<\/tr>\n<tr>\n<td>USB interface<\/td>\n<\/tr>\n<tr>\n<td>Front panel: 2 \u00d7 USB 2.0<\/td>\n<\/tr>\n<tr>\n<td>Rear panel: 1 \u00d7 USB 3.0<\/td>\n<\/tr>\n<tr>\n<td>General<\/td>\n<\/tr>\n<tr>\n<td>Power supply 100 to 240 VAC, 50 to 60 Hz, 1.1 A<\/td>\n<\/tr>\n<tr>\n<td>Consumption<\/td>\n<\/tr>\n<tr>\n<td>(without HDD)<\/td>\n<\/tr>\n<tr>\n<td>\u2264 45 W<\/td>\n<\/tr>\n<tr>\n<td>Working temperature -10 \u00b0C to +55 \u00b0C (+14 \u00b0F to +131 \u00b0F)<\/td>\n<\/tr>\n<tr>\n<td>Working humidity 10% to 90%<\/td>\n<\/tr>\n<tr>\n<td>Dimensions (W \u00d7 D \u00d7 H) 440 \u00d7 390 \u00d7 70 mm (17.3 \u00d7 15.4 \u00d7 2.8 inch)<\/td>\n<\/tr>\n<tr>\n<td>Weights (without HDD) \u2264 7 kg (15.4 lb)<\/td>\n<\/tr>\n<\/tbody>\n<\/table>\n<p>[\/vc_column_text][\/vc_column][\/vc_row]<\/p>\n<\/section>","protected":false},"excerpt":{"rendered":"<table width=\"403\">\n<tbody>\n<tr>\n<td width=\"403\"><strong>DS-7324HQHI-K4 <\/strong><\/p>\n<p><strong>(Turbo HD 4.0)<\/strong><\/p>\n<p>24-ch 1080p 1.5U H.265 DVR<\/td>\n<\/tr>\n<tr>\n<td>24 channels and 4 HDDs 1.5U DVR<\/td>\n<\/tr>\n<tr>\n<td>Efficient H.265 pro+ compression technology<\/td>\n<\/tr>\n<tr>\n<td>Encoding ability up to 1080p @ 15 fps<\/td>\n<\/tr>\n<tr>\n<td>5 signals input adaptively (HDTVI\/AHD\/CVI\/CVBS\/IP)<\/td>\n<\/tr>\n<tr>\n<td>Up to 40 network cameras can be connected<\/td>\n<\/tr>\n<tr>\n<td>Supports POS triggered recording and POS information overlay<\/td>\n<\/tr>\n<\/tbody>\n<\/table>\n","protected":false},"featured_media":3313,"comment_status":"open","ping_status":"closed","template":"","meta":[],"product_brand":[],"product_cat":[39],"product_tag":[],"class_list":{"0":"post-3311","1":"product","2":"type-product","3":"status-publish","4":"has-post-thumbnail","6":"product_cat-dvr","8":"first","9":"instock","10":"shipping-taxable","11":"purchasable","12":"product-type-simple"},"_links":{"self":[{"href":"https:\/\/wiretree.lk\/shop\/wp-json\/wp\/v2\/product\/3311","targetHints":{"allow":["GET"]}}],"collection":[{"href":"https:\/\/wiretree.lk\/shop\/wp-json\/wp\/v2\/product"}],"about":[{"href":"https:\/\/wiretree.lk\/shop\/wp-json\/wp\/v2\/types\/product"}],"replies":[{"embeddable":true,"href":"https:\/\/wiretree.lk\/shop\/wp-json\/wp\/v2\/comments?post=3311"}],"wp:featuredmedia":[{"embeddable":true,"href":"https:\/\/wiretree.lk\/shop\/wp-json\/wp\/v2\/media\/3313"}],"wp:attachment":[{"href":"https:\/\/wiretree.lk\/shop\/wp-json\/wp\/v2\/media?parent=3311"}],"wp:term":[{"taxonomy":"product_brand","embeddable":true,"href":"https:\/\/wiretree.lk\/shop\/wp-json\/wp\/v2\/product_brand?post=3311"},{"taxonomy":"product_cat","embeddable":true,"href":"https:\/\/wiretree.lk\/shop\/wp-json\/wp\/v2\/product_cat?post=3311"},{"taxonomy":"product_tag","embeddable":true,"href":"https:\/\/wiretree.lk\/shop\/wp-json\/wp\/v2\/product_tag?post=3311"}],"curies":[{"name":"wp","href":"https:\/\/api.w.org\/{rel}","templated":true}]}}