{"id":3338,"date":"2023-09-17T11:07:07","date_gmt":"2023-09-17T11:07:07","guid":{"rendered":"https:\/\/wiretree.lk\/shop\/?post_type=product&#038;p=3338"},"modified":"2023-09-17T11:07:09","modified_gmt":"2023-09-17T11:07:09","slug":"ids-7204huhi-m1-fa-turbo-hd-x-2nd-gen-acusense","status":"publish","type":"product","link":"https:\/\/wiretree.lk\/shop\/ids-7204huhi-m1-fa-turbo-hd-x-2nd-gen-acusense\/","title":{"rendered":"iDS-7204HUHI-M1\/FA (Turbo HD X) 2nd Gen AcuSense"},"content":{"rendered":"<section class=\"wpb-content-wrapper\"><p>[vc_row][vc_column][vc_column_text text_larger=&#8221;no&#8221;]<\/p>\n<table width=\"733\">\n<tbody>\n<tr>\n<td width=\"733\"><strong>Specification<\/strong><\/p>\n<p>&nbsp;<\/td>\n<\/tr>\n<tr>\n<td>Model iDS-7204HUHI-M1\/FA iDS-7208HUHI-M1\/FA<\/td>\n<\/tr>\n<tr>\n<td>Face Picture Comparison and Search\u00b9<\/td>\n<\/tr>\n<tr>\n<td>Face picture<\/td>\n<\/tr>\n<tr>\n<td>comparison<\/td>\n<\/tr>\n<tr>\n<td>Face picture comparison, face picture search (1-ch face picture comparison alarm for HD<\/td>\n<\/tr>\n<tr>\n<td>analog camera)<\/td>\n<\/tr>\n<tr>\n<td>\n<table>\n<tbody>\n<tr>\n<td width=\"733\">Face picture library<\/td>\n<\/tr>\n<\/tbody>\n<\/table>\n<\/td>\n<\/tr>\n<tr>\n<td>Up to 16 face picture libraries, with up to 500 face pictures in total (each picture \u2264 1 MB,<\/td>\n<\/tr>\n<tr>\n<td>total capacity \u2264 80 MB)<\/td>\n<\/tr>\n<tr>\n<td>Motion Detection 2.0\u00b9<\/td>\n<\/tr>\n<tr>\n<td>Human\/Vehicle<\/td>\n<\/tr>\n<tr>\n<td>Analysis<\/td>\n<\/tr>\n<tr>\n<td>Deep learning-based motion detection 2.0 is enabled by default for all analog channels, it<\/td>\n<\/tr>\n<tr>\n<td>can classify human and vehicle, and extremely reduce false alarms caused by objects like<\/td>\n<\/tr>\n<tr>\n<td>leaves and lights;<\/td>\n<\/tr>\n<tr>\n<td>Quick search by object or event type is supported;<\/td>\n<\/tr>\n<tr>\n<td>Perimeter Protection\u00b9<\/td>\n<\/tr>\n<tr>\n<td>Human\/Vehicle<\/td>\n<\/tr>\n<tr>\n<td>Analysis<\/td>\n<\/tr>\n<tr>\n<td>Up to 4-ch<\/td>\n<\/tr>\n<tr>\n<td>Recording<\/td>\n<\/tr>\n<tr>\n<td>Video compression H.265 Pro+\/H.265 Pro\/H.265\/H.264+\/H.264<\/td>\n<\/tr>\n<tr>\n<td>Encoding resolution<\/td>\n<\/tr>\n<tr>\n<td>Main stream:<\/td>\n<\/tr>\n<tr>\n<td>8 MP@8 fps\/5 MP@12 fps\/3K@12 fps\/4<\/td>\n<\/tr>\n<tr>\n<td>MP@15 fps\/8 MP Lite@15 fps\/3 MP@18<\/td>\n<\/tr>\n<tr>\n<td>fps<\/td>\n<\/tr>\n<tr>\n<td>1080p\/720p\/WD1\/4CIF\/VGA\/CIF@25 fps<\/td>\n<\/tr>\n<tr>\n<td>(P)\/30 fps (N)<\/td>\n<\/tr>\n<tr>\n<td>*: 8 MP@8 fps is only available for<\/td>\n<\/tr>\n<tr>\n<td>channel 1, 8 MP Lite is only available for<\/td>\n<\/tr>\n<tr>\n<td>channel 2 to channel 4.<\/td>\n<\/tr>\n<tr>\n<td>Main stream:<\/td>\n<\/tr>\n<tr>\n<td>8 MP@8 fps\/5 MP@12 fps\/3K@12 fps \/4<\/td>\n<\/tr>\n<tr>\n<td>MP@15 fps\/3 MP@18 fps<\/td>\n<\/tr>\n<tr>\n<td>1080p\/720p\/WD1\/4CIF\/VGA\/CIF@25 fps<\/td>\n<\/tr>\n<tr>\n<td>(P)\/30 fps (N)<\/td>\n<\/tr>\n<tr>\n<td>Sub-stream:<\/td>\n<\/tr>\n<tr>\n<td>WD1\/4CIF\/CIF@25 fps (P)\/30 fps (N)<\/td>\n<\/tr>\n<tr>\n<td>Video bitrate 32 Kbps to 10 Mbps<\/td>\n<\/tr>\n<tr>\n<td>Dual stream Support<\/td>\n<\/tr>\n<tr>\n<td>Stream type Video, Video &amp; Audio<\/td>\n<\/tr>\n<tr>\n<td>Audio compression G.711u<\/td>\n<\/tr>\n<tr>\n<td>Audio bitrate 64 Kbps<\/td>\n<\/tr>\n<tr>\n<td>Video and Audio<\/td>\n<\/tr>\n<tr>\n<td>IP video input2<\/td>\n<\/tr>\n<tr>\n<td>2-ch (up to 6-ch)<\/td>\n<\/tr>\n<tr>\n<td>Enhanced IP mode on:<\/td>\n<\/tr>\n<tr>\n<td>4-ch (up to 8-ch), each up to 4 Mbps<\/td>\n<\/tr>\n<tr>\n<td>4-ch (up to 12-ch)<\/td>\n<\/tr>\n<tr>\n<td>Enhanced IP mode on:<\/td>\n<\/tr>\n<tr>\n<td>8-ch (up to 16-ch), each up to 4 Mbps<\/td>\n<\/tr>\n<tr>\n<td>Up to 8 MP resolution<\/td>\n<\/tr>\n<tr>\n<td>Support H.265+\/H.265\/H.264+\/H.264 IP cameras<\/td>\n<\/tr>\n<tr>\n<td>Analog video input<\/td>\n<\/tr>\n<tr>\n<td>4-ch 8-ch<\/td>\n<\/tr>\n<tr>\n<td>BNC interface (1.0 Vp-p, 75 \u03a9), supporting coaxitron connection<\/td>\n<\/tr>\n<tr>\n<td>HDTVI input<\/td>\n<\/tr>\n<tr>\n<td>8 MP@15 fps, 5 MP@20 fps, 3K@20 fps, 4<\/td>\n<\/tr>\n<tr>\n<td>MP@30 fps, 4 MP@25 fps, 3 MP@18 fps,<\/td>\n<\/tr>\n<tr>\n<td>1080p@30 fps, 1080p@25 fps, 720p@60<\/td>\n<\/tr>\n<tr>\n<td>8 MP@15 fps, 5 MP@20 fps, 3K@20 fps, 4<\/td>\n<\/tr>\n<tr>\n<td>MP@30 fps, 4 MP@25 fps, 3 MP@18 fps,<\/td>\n<\/tr>\n<tr>\n<td>1080p@30 fps, 1080p@25 fps, 720p@60<\/td>\n<\/tr>\n<tr>\n<td>fps, 720p@50 fps, 720p@30 fps,<\/td>\n<\/tr>\n<tr>\n<td>720p@25 fps<\/td>\n<\/tr>\n<tr>\n<td>fps, 720p@50 fps, 720p@30 fps, 720p@25<\/td>\n<\/tr>\n<tr>\n<td>fps<\/td>\n<\/tr>\n<tr>\n<td>AHD input 5 MP, 4 MP, 1080p@25 fps, 1080p@30 fps, 720p@25 fps, 720p@30 fps<\/td>\n<\/tr>\n<tr>\n<td>HDCVI input 4 MP, 1080p@25 fps, 1080p@30 fps, 720p@25 fps, 720p@30 fps<\/td>\n<\/tr>\n<tr>\n<td>CVBS input PAL\/NTSC<\/td>\n<\/tr>\n<tr>\n<td>CVBS output<\/td>\n<\/tr>\n<tr>\n<td>1-ch, BNC (1.0 Vp-p, 75 \u03a9),<\/td>\n<\/tr>\n<tr>\n<td>resolution: PAL: 704 \u00d7 576, NTSC: 704 \u00d7 480<\/td>\n<\/tr>\n<tr>\n<td>VGA output<\/td>\n<\/tr>\n<tr>\n<td>1-ch, 1920 \u00d7 1080\/60Hz,<\/td>\n<\/tr>\n<tr>\n<td>1280 \u00d7 1024\/60Hz,<\/td>\n<\/tr>\n<tr>\n<td>1280 \u00d7 720\/60Hz,<\/td>\n<\/tr>\n<tr>\n<td>HDMI\/VGA simultaneous output<\/td>\n<\/tr>\n<tr>\n<td>1-ch, 1920 \u00d7 1080\/60Hz,<\/td>\n<\/tr>\n<tr>\n<td>1280 \u00d7 1024\/60Hz,<\/td>\n<\/tr>\n<tr>\n<td>1280 \u00d7 720\/60Hz,<\/td>\n<\/tr>\n<tr>\n<td>HDMI\/VGA simultaneous output<\/td>\n<\/tr>\n<tr>\n<td>HDMI output<\/td>\n<\/tr>\n<tr>\n<td>1-ch, 2K (2560 \u00d7 1440)\/60Hz,<\/td>\n<\/tr>\n<tr>\n<td>1920 \u00d7 1080\/60Hz,<\/td>\n<\/tr>\n<tr>\n<td>1280 \u00d7 1024\/60Hz,<\/td>\n<\/tr>\n<tr>\n<td>1280 \u00d7 720\/60Hz,<\/td>\n<\/tr>\n<tr>\n<td>1024 \u00d7 768\/60Hz<\/td>\n<\/tr>\n<tr>\n<td>HDMI\/VGA simultaneous output<\/td>\n<\/tr>\n<tr>\n<td>1-ch, 4K (3840 \u00d7 2160)\/30Hz,<\/td>\n<\/tr>\n<tr>\n<td>2K (2560 \u00d7 1440)\/60Hz,<\/td>\n<\/tr>\n<tr>\n<td>1920 \u00d7 1080\/60Hz,<\/td>\n<\/tr>\n<tr>\n<td>1280 \u00d7 1024\/60Hz,<\/td>\n<\/tr>\n<tr>\n<td>1280 \u00d7 720\/60Hz,<\/td>\n<\/tr>\n<tr>\n<td>1024 \u00d7 768\/60Hz<\/td>\n<\/tr>\n<tr>\n<td>HDMI\/VGA simultaneous output<\/td>\n<\/tr>\n<tr>\n<td>Audio input3<\/td>\n<\/tr>\n<tr>\n<td>1-ch (up to 4-ch is optional), RCA (2.0 Vpp, 1 K\u03a9)<\/td>\n<\/tr>\n<tr>\n<td>1-ch (up to 8-ch is optional), RCA (2.0 Vp-p,<\/td>\n<\/tr>\n<tr>\n<td>1 K\u03a9)<\/td>\n<\/tr>\n<tr>\n<td>4-ch via coaxial cable 8-ch via coaxial cable<\/td>\n<\/tr>\n<tr>\n<td>Audio output 1-ch, RCA (Linear, 1 K\u03a9)<\/td>\n<\/tr>\n<tr>\n<td>Two-way audio 1-ch, RCA (2.0 Vp-p, 1 K\u03a9) (using the first audio input)<\/td>\n<\/tr>\n<tr>\n<td>Synchronous playback 4-ch 8-ch<\/td>\n<\/tr>\n<tr>\n<td>Network<\/td>\n<\/tr>\n<tr>\n<td>Remote connections 32 64<\/td>\n<\/tr>\n<tr>\n<td>Network protocols<\/td>\n<\/tr>\n<tr>\n<td>TCP\/IP, PPPoE, DHCP, Hik-Connect, DNS, DDNS, NTP, SADP, NFS, iSCSI, UPnP\u2122, HTTPS,<\/td>\n<\/tr>\n<tr>\n<td>ONVIF<\/td>\n<\/tr>\n<tr>\n<td>Network interface<\/td>\n<\/tr>\n<tr>\n<td>1, RJ45 10\/100 Mbps self-adaptive<\/td>\n<\/tr>\n<tr>\n<td>Ethernet interface<\/td>\n<\/tr>\n<tr>\n<td>1, RJ45 10\/100\/1000 Mbps self-adaptive<\/td>\n<\/tr>\n<tr>\n<td>Ethernet interface<\/td>\n<\/tr>\n<tr>\n<td>Wi-Fi Connectable to Wi-Fi network by Wi-Fi dongle through USB interface<\/td>\n<\/tr>\n<tr>\n<td>Auxiliary interface<\/td>\n<\/tr>\n<tr>\n<td>SATA 1 SATA interface<\/td>\n<\/tr>\n<tr>\n<td>Capacity Up to 10 TB capacity for each disk<\/td>\n<\/tr>\n<tr>\n<td>Serial interface RS-485 (half-duplex)<\/td>\n<\/tr>\n<tr>\n<td>USB interface<\/td>\n<\/tr>\n<tr>\n<td>Front panel: 1 \u00d7 USB 2.0<\/td>\n<\/tr>\n<tr>\n<td>Rear panel: 1 \u00d7 USB 2.0<\/td>\n<\/tr>\n<tr>\n<td>Front panel: 1 \u00d7 USB 2.0<\/td>\n<\/tr>\n<tr>\n<td>Rear panel: 1 \u00d7 USB 3.0<\/td>\n<\/tr>\n<tr>\n<td>Alarm in\/out3 N\/A (optional to support)<\/td>\n<\/tr>\n<tr>\n<td>General<\/td>\n<\/tr>\n<tr>\n<td>Power supply 12 VDC, 1.5 A 12 VDC, 2 A<\/td>\n<\/tr>\n<tr>\n<td>Consumption (without<\/td>\n<\/tr>\n<tr>\n<td>HDD)<\/td>\n<\/tr>\n<tr>\n<td>\u2264 10 W \u2264 15 W<\/td>\n<\/tr>\n<tr>\n<td>Working temperature -10 \u00b0C to +55 \u00b0C (+14 \u00b0F to +131 \u00b0F)<\/td>\n<\/tr>\n<tr>\n<td>Working humidity 10% to 90%<\/td>\n<\/tr>\n<tr>\n<td>Dimension (W \u00d7 D \u00d7 H) 315 \u00d7 242 \u00d7 45 mm (12.4 \u00d7 9.5 \u00d7 1.8 inch)<\/td>\n<\/tr>\n<tr>\n<td>Weight (without HDD) \u2264 1.16 kg (2.6 lb) \u2264 2 kg (4.4 lb)<\/td>\n<\/tr>\n<tr>\n<td>&nbsp;<\/p>\n<p>Note:<\/td>\n<\/tr>\n<tr>\n<td>1: Face picture comparison, motion detection 2.0 and perimeter protection cannot be enabled at the same time.<\/td>\n<\/tr>\n<tr>\n<td>Enable one function will make the other two unavailable.<\/td>\n<\/tr>\n<tr>\n<td>2: Enhanced IP mode might be conflicted with smart events (face picture comparison, motion detection 2.0 and<\/td>\n<\/tr>\n<tr>\n<td>perimeter protection) or other functions, please refer to the user manual for details.<\/td>\n<\/tr>\n<tr>\n<td>3: The number of audio inputs and alarm in\/out can be optional. The tag on the package will describe audio input<\/td>\n<\/tr>\n<tr>\n<td>and alarm in\/out parameters. For example, \u201c4A+8\/4ALM\u201d means your device has 4 audio inputs, 8 alarm inputs and<\/td>\n<\/tr>\n<tr>\n<td>4 alarm outputs. If your device only has 1 audio input, the tag may not describe it.<\/td>\n<\/tr>\n<\/tbody>\n<\/table>\n<p>[\/vc_column_text][\/vc_column][\/vc_row]<\/p>\n<\/section>","protected":false},"excerpt":{"rendered":"<table width=\"419\">\n<tbody>\n<tr>\n<td width=\"419\"><strong>iDS-7204HUHI-M1\/FA <\/strong><\/p>\n<p><strong>2nd Gen AcuSense<\/strong><\/p>\n<p>4-ch 5 MP 1U H.265 AcuSense DVR<\/td>\n<\/tr>\n<tr>\n<td><\/td>\n<\/tr>\n<tr>\n<td>4 channels and 1 HDD 1U AcuSense DVR<\/td>\n<\/tr>\n<tr>\n<td>Supports false alarm reduction based on deep learning algorithm<\/td>\n<\/tr>\n<tr>\n<td>Efficient H.265 pro+ compression technology<\/td>\n<\/tr>\n<tr>\n<td>Encoding ability up to 4K @ 7.5 fps\/ 3K@12fps<\/td>\n<\/tr>\n<tr>\n<td>Up to 6 network cameras can be connected<\/td>\n<\/tr>\n<tr>\n<td>\n<table>\n<tbody>\n<tr>\n<td width=\"419\">5 signals input adaptively (HDTVI\/AHD\/CVI\/CVBS\/IP)<\/td>\n<\/tr>\n<\/tbody>\n<\/table>\n<\/td>\n<\/tr>\n<\/tbody>\n<\/table>\n","protected":false},"featured_media":3339,"comment_status":"open","ping_status":"closed","template":"","meta":[],"product_brand":[],"product_cat":[39],"product_tag":[],"class_list":{"0":"post-3338","1":"product","2":"type-product","3":"status-publish","4":"has-post-thumbnail","6":"product_cat-dvr","8":"first","9":"instock","10":"shipping-taxable","11":"purchasable","12":"product-type-simple"},"_links":{"self":[{"href":"https:\/\/wiretree.lk\/shop\/wp-json\/wp\/v2\/product\/3338","targetHints":{"allow":["GET"]}}],"collection":[{"href":"https:\/\/wiretree.lk\/shop\/wp-json\/wp\/v2\/product"}],"about":[{"href":"https:\/\/wiretree.lk\/shop\/wp-json\/wp\/v2\/types\/product"}],"replies":[{"embeddable":true,"href":"https:\/\/wiretree.lk\/shop\/wp-json\/wp\/v2\/comments?post=3338"}],"wp:featuredmedia":[{"embeddable":true,"href":"https:\/\/wiretree.lk\/shop\/wp-json\/wp\/v2\/media\/3339"}],"wp:attachment":[{"href":"https:\/\/wiretree.lk\/shop\/wp-json\/wp\/v2\/media?parent=3338"}],"wp:term":[{"taxonomy":"product_brand","embeddable":true,"href":"https:\/\/wiretree.lk\/shop\/wp-json\/wp\/v2\/product_brand?post=3338"},{"taxonomy":"product_cat","embeddable":true,"href":"https:\/\/wiretree.lk\/shop\/wp-json\/wp\/v2\/product_cat?post=3338"},{"taxonomy":"product_tag","embeddable":true,"href":"https:\/\/wiretree.lk\/shop\/wp-json\/wp\/v2\/product_tag?post=3338"}],"curies":[{"name":"wp","href":"https:\/\/api.w.org\/{rel}","templated":true}]}}