{"id":3341,"date":"2023-09-17T11:21:20","date_gmt":"2023-09-17T11:21:20","guid":{"rendered":"https:\/\/wiretree.lk\/shop\/?post_type=product&#038;p=3341"},"modified":"2023-09-17T11:21:22","modified_gmt":"2023-09-17T11:21:22","slug":"ids-7208huhi-m1-fa-turbo-hd-x-2nd-gen-acusense","status":"publish","type":"product","link":"https:\/\/wiretree.lk\/shop\/ids-7208huhi-m1-fa-turbo-hd-x-2nd-gen-acusense\/","title":{"rendered":"iDS-7208HUHI-M1\/FA (Turbo HD X) 2nd Gen AcuSense"},"content":{"rendered":"<section class=\"wpb-content-wrapper\"><p>[vc_row][vc_column][vc_column_text text_larger=&#8221;no&#8221;]<\/p>\n<table width=\"733\">\n<tbody>\n<tr>\n<td width=\"733\"><strong>Specification<\/strong><\/p>\n<p>&nbsp;<\/td>\n<\/tr>\n<tr>\n<td>Facial Recognition<\/td>\n<\/tr>\n<tr>\n<td>Face Picture Library<\/td>\n<\/tr>\n<tr>\n<td>Up to 16 face picture libraries, with up to 5000 face pictures in total (each picture \u2264 1<\/td>\n<\/tr>\n<tr>\n<td>MB, total capacity \u2264 55 MB)<\/td>\n<\/tr>\n<tr>\n<td>Face Picture Comparison 1-ch face picture comparison alarm (HD analog camera)<\/td>\n<\/tr>\n<tr>\n<td>Perimeter Protection<\/td>\n<\/tr>\n<tr>\n<td>\n<table>\n<tbody>\n<tr>\n<td width=\"733\">Human\/Vehicle Analysis Up to 4-ch<\/td>\n<\/tr>\n<\/tbody>\n<\/table>\n<\/td>\n<\/tr>\n<tr>\n<td>Facial Detection<\/td>\n<\/tr>\n<tr>\n<td>Facial Detection and Capture Face picture detection, face picture search<\/td>\n<\/tr>\n<tr>\n<td>Recording<\/td>\n<\/tr>\n<tr>\n<td>Video Compression H.265 Pro+\/H.265 Pro\/H.265\/H.264+\/H.264<\/td>\n<\/tr>\n<tr>\n<td>Encoding Resolution 8 MP\/5 MP\/3K\/4 MP\/3 MP\/1080p\/720p\/WD1\/4CIF\/VGA\/CIF<\/td>\n<\/tr>\n<tr>\n<td>Frame Rate<\/td>\n<\/tr>\n<tr>\n<td>Main stream:<\/td>\n<\/tr>\n<tr>\n<td>8 MP@8 fps\/3K@12 fps\/5 MP@12 fps\/4 MP@15 fps\/8 MP Lite@15 fps\/3 MP@18 fps<\/td>\n<\/tr>\n<tr>\n<td>1080p\/720p\/WD1\/4CIF\/VGA\/CIF@25 fps (P)\/30 fps (N)<\/td>\n<\/tr>\n<tr>\n<td>Sub-stream:<\/td>\n<\/tr>\n<tr>\n<td>WD1\/4CIF\/CIF@25 fps (P)\/30 fps (N)<\/td>\n<\/tr>\n<tr>\n<td>Video Bitrate 32 Kbps to 10 Mbps<\/td>\n<\/tr>\n<tr>\n<td>Dual-stream Support<\/td>\n<\/tr>\n<tr>\n<td>Stream Type Video, Video &amp; Audio<\/td>\n<\/tr>\n<tr>\n<td>Audio Compression G.711u<\/td>\n<\/tr>\n<tr>\n<td>Audio Bitrate 64 Kbps<\/td>\n<\/tr>\n<tr>\n<td>Video and Audio<\/td>\n<\/tr>\n<tr>\n<td>IP Video Input<\/td>\n<\/tr>\n<tr>\n<td>4-ch (up to 12-ch)<\/td>\n<\/tr>\n<tr>\n<td>Up to 8 MP resolution<\/td>\n<\/tr>\n<tr>\n<td>IP enhanced mode on:<\/td>\n<\/tr>\n<tr>\n<td>8-ch (up to 16-ch), each up to 4 Mbps<\/td>\n<\/tr>\n<tr>\n<td>Support H.265+\/H.265\/H.264+\/H.264 IP cameras<\/td>\n<\/tr>\n<tr>\n<td>Analog Video Input<\/td>\n<\/tr>\n<tr>\n<td>8-ch<\/td>\n<\/tr>\n<tr>\n<td>BNC interface (1.0 Vp-p, 75 \u03a9), supporting coaxitron connection<\/td>\n<\/tr>\n<tr>\n<td>HDMI Output<\/td>\n<\/tr>\n<tr>\n<td>1-ch, 4K (3840 \u00d7 2160)\/30Hz,<\/td>\n<\/tr>\n<tr>\n<td>2K (2560 \u00d7 1440)\/60Hz,<\/td>\n<\/tr>\n<tr>\n<td>1920 \u00d7 1080\/60Hz,<\/td>\n<\/tr>\n<tr>\n<td>1280 \u00d7 1024\/60Hz,<\/td>\n<\/tr>\n<tr>\n<td>1280 \u00d7 720\/60Hz<\/td>\n<\/tr>\n<tr>\n<td>HDMI\/VGA simultaneous output<\/td>\n<\/tr>\n<tr>\n<td>VGA Output<\/td>\n<\/tr>\n<tr>\n<td>1-ch, 1920 \u00d7 1080\/60Hz,<\/td>\n<\/tr>\n<tr>\n<td>1280 \u00d7 1024\/60Hz,<\/td>\n<\/tr>\n<tr>\n<td>1280 \u00d7 720\/60Hz<\/td>\n<\/tr>\n<tr>\n<td>HDMI\/VGA simultaneous output<\/td>\n<\/tr>\n<tr>\n<td>CVBS Input PAL\/NTSC<\/td>\n<\/tr>\n<tr>\n<td>CVBS Output<\/td>\n<\/tr>\n<tr>\n<td>1-ch, BNC (1.0 Vp-p, 75 \u03a9),<\/td>\n<\/tr>\n<tr>\n<td>resolution: PAL: 704 \u00d7 576, NTSC: 704 \u00d7 480<\/td>\n<\/tr>\n<tr>\n<td>Synchronous Playback 8-ch<\/td>\n<\/tr>\n<tr>\n<td>HDTVI Input<\/td>\n<\/tr>\n<tr>\n<td>8 MP(3840 \u00d7 2160)@15 fps, 8 MP(3840 \u00d7 2160)@12 fps, 3K(2960 x 1665)@20 fps, 5<\/td>\n<\/tr>\n<tr>\n<td>MP(2560 \u00d7 1944)@20 fps, 5 MP(2560 \u00d7 1944)@12 fps, 4 MP(2560 \u00d7 1440)@30 fps, 4<\/td>\n<\/tr>\n<tr>\n<td>MP(2560 \u00d7 1440)@25 fps, 3 MP@18 fps,1080p@30 fps, 1080p@25 fps,720p@30 fps,<\/td>\n<\/tr>\n<tr>\n<td>720p@25 fps<\/td>\n<\/tr>\n<tr>\n<td>AHD Input<\/td>\n<\/tr>\n<tr>\n<td>5 MP(2560 \u00d7 1944)@20 fps, 5 MP(2560 \u00d7 1944)@12 fps, 4 MP(2560 \u00d7 1440)@30 fps, 4<\/td>\n<\/tr>\n<tr>\n<td>MP(2560 \u00d7 1440)@25 fps, 1080p@30 fps, 1080p@25 fps, 720p@30 fps, 720p@25 fps<\/td>\n<\/tr>\n<tr>\n<td>HDCVI Input<\/td>\n<\/tr>\n<tr>\n<td>8 MP(3840 \u00d7 2160)@15 fps, 8 MP(3840 \u00d7 2160)@12 fps, 5 MP(2592 \u00d7 1944)@20 fps, 4<\/td>\n<\/tr>\n<tr>\n<td>MP(2560 \u00d7 1440)@30 fps, 4 MP(2560 \u00d7 1440)@25 fps, 1080p@30 fps, 1080p@25 fps,<\/td>\n<\/tr>\n<tr>\n<td>720p@30 fps, 720p@25 fps<\/td>\n<\/tr>\n<tr>\n<td>Audio Output 1-ch, RCA (Linear, 1 K\u03a9)<\/td>\n<\/tr>\n<tr>\n<td>Audio Input 1-ch, RCA (2.0 Vp-p, 1 K\u03a9)\uff0c8-ch via coaxial cable<\/td>\n<\/tr>\n<tr>\n<td>Two-Way Audio 1-ch, RCA (2.0 Vp-p, 1 K\u03a9) (using the first audio input)<\/td>\n<\/tr>\n<tr>\n<td>Network<\/td>\n<\/tr>\n<tr>\n<td>Total Bandwidth 128 Mbps<\/td>\n<\/tr>\n<tr>\n<td>Network Protocol<\/td>\n<\/tr>\n<tr>\n<td>TCP\/IP, PPPoE, DHCP, Hik-Connect, DNS, DDNS, NTP, SADP, NFS, iSCSI, UPnP\u2122, HTTPS,<\/td>\n<\/tr>\n<tr>\n<td>ONVIF<\/td>\n<\/tr>\n<tr>\n<td>Remote Connection 64<\/td>\n<\/tr>\n<tr>\n<td>Network Interface 1, RJ45 10M\/100M\/1000M self-adaptive Ethernet interface<\/td>\n<\/tr>\n<tr>\n<td>Auxiliary Interface<\/td>\n<\/tr>\n<tr>\n<td>SATA 1 SATA interface<\/td>\n<\/tr>\n<tr>\n<td>Capacity up to 10 TB capacity for each disk<\/td>\n<\/tr>\n<tr>\n<td>Serial Interface RS-485 (half-duplex)<\/td>\n<\/tr>\n<tr>\n<td>USB Interface<\/td>\n<\/tr>\n<tr>\n<td>Front panel: 1 \u00d7 USB 2.0;<\/td>\n<\/tr>\n<tr>\n<td>Rear panel: 1 \u00d7 USB 3.0<\/td>\n<\/tr>\n<tr>\n<td>Alarm In\/Out N\/A<\/td>\n<\/tr>\n<tr>\n<td>General<\/td>\n<\/tr>\n<tr>\n<td>Power Supply 12 VDC, 2 A<\/td>\n<\/tr>\n<tr>\n<td>Consumption \u2264 15 W<\/td>\n<\/tr>\n<tr>\n<td>Working Temperature -10 \u00b0C to 55 \u00b0C (14 \u00b0F to 131 \u00b0F)<\/td>\n<\/tr>\n<tr>\n<td>Working Humidity 10% to 90%<\/td>\n<\/tr>\n<tr>\n<td>Dimension (W \u00d7 D \u00d7 H) 315 \u00d7 242 \u00d7 45 mm (12.4 \u00d7 9.5 \u00d7 1.8 inch)<\/td>\n<\/tr>\n<tr>\n<td>Weight \u2264 2 kg (4.4 lb)<\/td>\n<\/tr>\n<tr>\n<td>&nbsp;<\/p>\n<p>Note:<\/td>\n<\/tr>\n<tr>\n<td>1: Face picture comparison, motion detection 2.0 and perimeter protection cannot be enabled at the same time.<\/td>\n<\/tr>\n<tr>\n<td>Enable one function will make the other two unavailable.<\/td>\n<\/tr>\n<tr>\n<td>2: Enhanced IP mode might be conflicted with smart events (face picture comparison, motion detection 2.0 and<\/td>\n<\/tr>\n<tr>\n<td>perimeter protection) or other functions, please refer to the user manual for details.<\/td>\n<\/tr>\n<tr>\n<td>3: The number of audio inputs and alarm in\/out can be optional. The tag on the package will describe audio input<\/td>\n<\/tr>\n<tr>\n<td>and alarm in\/out parameters. For example, \u201c4A+8\/4ALM\u201d means your device has 4 audio inputs, 8 alarm inputs and<\/td>\n<\/tr>\n<tr>\n<td>4 alarm outputs. If your device only has 1 audio input, the tag may not describe it.<\/td>\n<\/tr>\n<\/tbody>\n<\/table>\n<p>[\/vc_column_text][\/vc_column][\/vc_row]<\/p>\n<\/section>","protected":false},"excerpt":{"rendered":"<table width=\"419\">\n<tbody>\n<tr>\n<td width=\"419\"><strong>iDS-7208HUHI-M1\/FA\u00a0<\/strong><\/p>\n<p><strong> 2nd Gen AcuSense<\/strong><\/p>\n<p>8-ch 5 MP 1U H.265 AcuSense DVR<\/td>\n<\/tr>\n<tr>\n<td>8 channels and 1 HDD 1U AcuSense DVR<\/td>\n<\/tr>\n<tr>\n<td>Supports false alarm reduction based on deep learning algorithm<\/td>\n<\/tr>\n<tr>\n<td>Efficient H.265 pro+ compression technology<\/td>\n<\/tr>\n<tr>\n<td>Encoding ability up to 4K @ 7.5 fps\/ 3K@12fps<\/td>\n<\/tr>\n<tr>\n<td>Up to 12 network cameras can be connected<\/td>\n<\/tr>\n<tr>\n<td>5 signals input adaptively (HDTVI\/AHD\/CVI\/CVBS\/IP)<\/td>\n<\/tr>\n<\/tbody>\n<\/table>\n","protected":false},"featured_media":3345,"comment_status":"open","ping_status":"closed","template":"","meta":[],"product_brand":[],"product_cat":[39],"product_tag":[],"class_list":{"0":"post-3341","1":"product","2":"type-product","3":"status-publish","4":"has-post-thumbnail","6":"product_cat-dvr","8":"first","9":"instock","10":"shipping-taxable","11":"purchasable","12":"product-type-simple"},"_links":{"self":[{"href":"https:\/\/wiretree.lk\/shop\/wp-json\/wp\/v2\/product\/3341","targetHints":{"allow":["GET"]}}],"collection":[{"href":"https:\/\/wiretree.lk\/shop\/wp-json\/wp\/v2\/product"}],"about":[{"href":"https:\/\/wiretree.lk\/shop\/wp-json\/wp\/v2\/types\/product"}],"replies":[{"embeddable":true,"href":"https:\/\/wiretree.lk\/shop\/wp-json\/wp\/v2\/comments?post=3341"}],"wp:featuredmedia":[{"embeddable":true,"href":"https:\/\/wiretree.lk\/shop\/wp-json\/wp\/v2\/media\/3345"}],"wp:attachment":[{"href":"https:\/\/wiretree.lk\/shop\/wp-json\/wp\/v2\/media?parent=3341"}],"wp:term":[{"taxonomy":"product_brand","embeddable":true,"href":"https:\/\/wiretree.lk\/shop\/wp-json\/wp\/v2\/product_brand?post=3341"},{"taxonomy":"product_cat","embeddable":true,"href":"https:\/\/wiretree.lk\/shop\/wp-json\/wp\/v2\/product_cat?post=3341"},{"taxonomy":"product_tag","embeddable":true,"href":"https:\/\/wiretree.lk\/shop\/wp-json\/wp\/v2\/product_tag?post=3341"}],"curies":[{"name":"wp","href":"https:\/\/api.w.org\/{rel}","templated":true}]}}